{"id":31589,"date":"2024-09-04T22:57:40","date_gmt":"2024-09-05T01:57:40","guid":{"rendered":"https:\/\/indovinya.indoramaventures.com\/contacto\/"},"modified":"2026-03-31T10:12:41","modified_gmt":"2026-03-31T13:12:41","slug":"contacto","status":"publish","type":"page","link":"https:\/\/indovinya.indoramaventures.com\/es\/contacto\/","title":{"rendered":"Contacto"},"content":{"rendered":"\t\t<div data-elementor-type=\"wp-page\" data-elementor-id=\"31589\" class=\"elementor elementor-31589 elementor-769\" data-elementor-post-type=\"page\">\n\t\t\t\t<div class=\"elementor-element elementor-element-8661b78 e-con-full e-flex e-con e-parent\" data-id=\"8661b78\" data-element_type=\"container\" data-settings=\"{&quot;jet_parallax_layout_list&quot;:[]}\">\n\t\t\t\t<div class=\"elementor-element elementor-element-ffd77f3 elementor-widget elementor-widget-template\" data-id=\"ffd77f3\" data-element_type=\"widget\" data-widget_type=\"template.default\">\n\t\t\t\t<div class=\"elementor-widget-container\">\n\t\t\t\t\t<div class=\"elementor-template\">\n\t\t\t\t\t<div data-elementor-type=\"container\" data-elementor-id=\"29527\" class=\"elementor elementor-29527\" data-elementor-post-type=\"elementor_library\">\n\t\t\t\t<div class=\"elementor-element elementor-element-5c369796 e-flex e-con-boxed e-con e-parent\" data-id=\"5c369796\" data-element_type=\"container\" data-settings=\"{&quot;jet_parallax_layout_list&quot;:[],&quot;background_background&quot;:&quot;classic&quot;}\">\n\t\t\t\t\t<div class=\"e-con-inner\">\n\t\t\t\t<div class=\"elementor-element elementor-element-6cf528af elementor-widget elementor-widget-jet-breadcrumbs\" data-id=\"6cf528af\" data-element_type=\"widget\" data-widget_type=\"jet-breadcrumbs.default\">\n\t\t\t\t<div class=\"elementor-widget-container\">\n\t\t\t<div class=\"elementor-jet-breadcrumbs jet-blocks\">\n\t\t<div class=\"jet-breadcrumbs\">\n\t\t<div class=\"jet-breadcrumbs__content\">\n\t\t<div class=\"jet-breadcrumbs__wrap\"><div class=\"jet-breadcrumbs__item\"><a href=\"https:\/\/indovinya.indoramaventures.com\/es\/\" class=\"jet-breadcrumbs__item-link is-home\" rel=\"home\" title=\"Home\">Home<\/a><\/div>\n\t\t<\/div>\n\t\t<\/div>\n\t\t<\/div><\/div>\t\t<\/div>\n\t\t\t\t<\/div>\n\t\t\t\t\t<\/div>\n\t\t\t\t<\/div>\n\t\t<div class=\"elementor-element elementor-element-9d5733a e-flex e-con-boxed e-con e-parent\" data-id=\"9d5733a\" data-element_type=\"container\" data-settings=\"{&quot;background_background&quot;:&quot;classic&quot;,&quot;jet_parallax_layout_list&quot;:[]}\">\n\t\t\t\t\t<div class=\"e-con-inner\">\n\t\t<div class=\"elementor-element elementor-element-2384d59 e-con-full e-flex e-con e-child\" data-id=\"2384d59\" data-element_type=\"container\" data-settings=\"{&quot;background_background&quot;:&quot;classic&quot;,&quot;jet_parallax_layout_list&quot;:[]}\">\n\t\t\t\t<div class=\"elementor-element elementor-element-faece8e elementor-widget elementor-widget-heading\" data-id=\"faece8e\" data-element_type=\"widget\" data-widget_type=\"heading.default\">\n\t\t\t\t<div class=\"elementor-widget-container\">\n\t\t\t<h1 class=\"elementor-heading-title elementor-size-default\">Contacto<\/h1>\t\t<\/div>\n\t\t\t\t<\/div>\n\t\t\t\t<\/div>\n\t\t\t\t\t<\/div>\n\t\t\t\t<\/div>\n\t\t\t\t<\/div>\n\t\t\t\t<\/div>\n\t\t\t\t<\/div>\n\t\t\t\t<\/div>\n\t\t\t\t<\/div>\n\t\t<div class=\"elementor-element elementor-element-f041a39 e-flex e-con-boxed e-con e-parent\" data-id=\"f041a39\" data-element_type=\"container\" data-settings=\"{&quot;jet_parallax_layout_list&quot;:[]}\">\n\t\t\t\t\t<div class=\"e-con-inner\">\n\t\t<div class=\"elementor-element elementor-element-d9a4bbb e-con-full e-flex e-con e-child\" data-id=\"d9a4bbb\" data-element_type=\"container\" data-settings=\"{&quot;jet_parallax_layout_list&quot;:[]}\">\n\t\t\t\t<div class=\"elementor-element elementor-element-c7e3c7d elementor-widget__width-initial elementor-widget elementor-widget-text-editor\" data-id=\"c7e3c7d\" data-element_type=\"widget\" data-widget_type=\"text-editor.default\">\n\t\t\t\t<div class=\"elementor-widget-container\">\n\t\t\t\t\t\t\t<p>Por favor complete el siguiente formulario para enviar sugerencias y obtener informaci\u00f3n adicional sobre las actividades, productos y servicios de Indovinya.<\/p><p>Para asuntos de relaciones con la prensa, env\u00ede un mensaje a: <a href=\"mailto:comunicacao.externa@br.indorama.net\">comunicacao.externa@br.indorama.net<\/a><\/p><p>Para preguntas sobre sostenibilidad, haga <a href=\"https:\/\/indovinya.indoramaventures.com\/es\/sostenibilidad\/\">clic aqu\u00ed<\/a> para obtener m\u00e1s informaci\u00f3n.<\/p>\t\t\t\t\t\t<\/div>\n\t\t\t\t<\/div>\n\t\t\t\t<\/div>\n\t\t<div class=\"elementor-element elementor-element-ee1d31e e-con-full e-flex e-con e-child\" data-id=\"ee1d31e\" data-element_type=\"container\" data-settings=\"{&quot;jet_parallax_layout_list&quot;:[]}\">\n\t\t\t\t<div class=\"elementor-element elementor-element-9496f37 elementor-widget elementor-widget-image\" data-id=\"9496f37\" data-element_type=\"widget\" data-widget_type=\"image.default\">\n\t\t\t\t<div class=\"elementor-widget-container\">\n\t\t\t\t\t\t\t\t\t\t\t\t\t<img fetchpriority=\"high\" decoding=\"async\" width=\"1366\" height=\"480\" src=\"https:\/\/indovinya.indoramaventures.com\/wp-content\/uploads\/2024\/09\/BANNER-OPCAO-2-e1725501591741.png\" class=\"attachment-full size-full wp-image-773\" alt=\"\" \/>\t\t\t\t\t\t\t\t\t\t\t\t\t<\/div>\n\t\t\t\t<\/div>\n\t\t\t\t<\/div>\n\t\t\t\t\t<\/div>\n\t\t\t\t<\/div>\n\t\t<div class=\"elementor-element elementor-element-599b32e e-flex e-con-boxed e-con e-parent\" data-id=\"599b32e\" data-element_type=\"container\" id=\"er-bloco-3\" data-settings=\"{&quot;jet_parallax_layout_list&quot;:[],&quot;background_background&quot;:&quot;classic&quot;,&quot;shape_divider_top&quot;:&quot;curve&quot;,&quot;shape_divider_top_negative&quot;:&quot;yes&quot;}\">\n\t\t\t\t\t<div class=\"e-con-inner\">\n\t\t\t\t<div class=\"elementor-shape elementor-shape-top\" data-negative=\"true\">\n\t\t\t<svg xmlns=\"http:\/\/www.w3.org\/2000\/svg\" viewBox=\"0 0 1000 100\" preserveAspectRatio=\"none\">\n\t<path class=\"elementor-shape-fill\" d=\"M500,97C126.7,96.3,0.8,19.8,0,0v100l1000,0V1C1000,19.4,873.3,97.8,500,97z\"\/>\n<\/svg>\t\t<\/div>\n\t\t<div class=\"elementor-element elementor-element-5c4b7a81 e-con-full e-flex e-con e-child\" data-id=\"5c4b7a81\" data-element_type=\"container\" data-settings=\"{&quot;jet_parallax_layout_list&quot;:[]}\">\n\t\t\t\t<div class=\"elementor-element elementor-element-69bc43a6 elementor-widget elementor-widget-heading\" data-id=\"69bc43a6\" data-element_type=\"widget\" data-widget_type=\"heading.default\">\n\t\t\t\t<div class=\"elementor-widget-container\">\n\t\t\t<h2 class=\"elementor-heading-title elementor-size-default\">Cont\u00e1ctenos para conocer m\u00e1s sobre los productos Indovinya<\/h2>\t\t<\/div>\n\t\t\t\t<\/div>\n\t\t\t\t<div class=\"elementor-element elementor-element-52ede6b7 elementor-widget__width-initial elementor-widget-mobile__width-inherit elementor-widget elementor-widget-wpforms\" data-id=\"52ede6b7\" data-element_type=\"widget\" data-widget_type=\"wpforms.default\">\n\t\t\t\t<div class=\"elementor-widget-container\">\n\t\t\t<style id=\"wpforms-css-vars-elementor-widget-52ede6b7\">\n\t\t\t\t.elementor-widget-wpforms.elementor-element-52ede6b7 {\n\t\t\t\t--wpforms-field-border-radius: 2px;\n\t\t\t}\n\t\t\t<\/style><div class=\"wpforms-container wpforms-container-full wpforms-render-modern\" id=\"wpforms-35741\"><form id=\"wpforms-form-35741\" class=\"wpforms-validate wpforms-form wpforms-ajax-form\" data-formid=\"35741\" method=\"post\" enctype=\"multipart\/form-data\" action=\"\/es\/wp-json\/wp\/v2\/pages\/31589\" data-token=\"77ff7fe348940de2b426fc5a896bbe14\" data-token-time=\"1775905497\"><noscript class=\"wpforms-error-noscript\">Por favor, activa JavaScript en tu navegador para completar este formulario.<\/noscript><div id=\"wpforms-error-noscript\" style=\"display: none;\">Por favor, activa JavaScript en tu navegador para completar este formulario.<\/div><div class=\"wpforms-field-container\"><div id=\"wpforms-35741-field_4-container\" class=\"wpforms-field wpforms-field-text\" data-field-id=\"4\"><label class=\"wpforms-field-label wpforms-label-hide\" for=\"wpforms-35741-field_4\" aria-hidden=\"false\">Nombre <span class=\"wpforms-required-label\" aria-hidden=\"true\">*<\/span><\/label><input type=\"text\" id=\"wpforms-35741-field_4\" class=\"wpforms-field-large wpforms-field-required\" name=\"wpforms[fields][4]\" placeholder=\"*Nombre\" aria-errormessage=\"wpforms-35741-field_4-error\" required><\/div><div id=\"wpforms-35741-field_7-container\" class=\"wpforms-field wpforms-field-layout\" data-field-id=\"7\"><div class=\"wpforms-field-layout-columns wpforms-field-layout-preset-33-67\"><div class=\"wpforms-layout-column wpforms-layout-column-33\" ><div id=\"wpforms-35741-field_6-container\" class=\"wpforms-field wpforms-field-phone\" data-field-id=\"6\"><label class=\"wpforms-field-label wpforms-label-hide\" for=\"wpforms-35741-field_6\" aria-hidden=\"false\">Tel\u00e9fono<\/label><input type=\"tel\" id=\"wpforms-35741-field_6\" class=\"wpforms-field-small wpforms-smart-phone-field\" data-rule-smart-phone-field=\"true\" name=\"wpforms[fields][6]\" placeholder=\"Tel\u00e9fono\" aria-label=\"Tel\u00e9fono\" aria-errormessage=\"wpforms-35741-field_6-error\" ><\/div><\/div><div class=\"wpforms-layout-column wpforms-layout-column-67\" ><div id=\"wpforms-35741-field_8-container\" class=\"wpforms-field wpforms-field-email\" data-field-id=\"8\"><label class=\"wpforms-field-label wpforms-label-hide\" for=\"wpforms-35741-field_8\" aria-hidden=\"false\">Correo electr\u00f3nico <span class=\"wpforms-required-label\" aria-hidden=\"true\">*<\/span><\/label><input type=\"email\" id=\"wpforms-35741-field_8\" class=\"wpforms-field-medium wpforms-field-required\" name=\"wpforms[fields][8]\" placeholder=\"*Correo electr\u00f3nico\" spellcheck=\"false\" aria-errormessage=\"wpforms-35741-field_8-error\" required><\/div><\/div><\/div><\/div><div id=\"wpforms-35741-field_9-container\" class=\"wpforms-field wpforms-field-text\" data-field-id=\"9\"><label class=\"wpforms-field-label wpforms-label-hide\" for=\"wpforms-35741-field_9\" aria-hidden=\"false\">Pa\u00eds<\/label><input type=\"text\" id=\"wpforms-35741-field_9\" class=\"wpforms-field-large\" name=\"wpforms[fields][9]\" placeholder=\"Pa\u00eds\" aria-errormessage=\"wpforms-35741-field_9-error\" ><\/div><div id=\"wpforms-35741-field_10-container\" class=\"wpforms-field wpforms-field-text\" data-field-id=\"10\"><label class=\"wpforms-field-label wpforms-label-hide\" for=\"wpforms-35741-field_10\" aria-hidden=\"false\">Compa\u00f1\u00eda<\/label><input type=\"text\" id=\"wpforms-35741-field_10\" class=\"wpforms-field-large\" name=\"wpforms[fields][10]\" placeholder=\"Compa\u00f1\u00eda\" aria-errormessage=\"wpforms-35741-field_10-error\" ><\/div><div id=\"wpforms-35741-field_16-container\" class=\"wpforms-field wpforms-field-radio wpforms-list-3-columns wpforms-conditional-trigger\" data-field-id=\"16\"><fieldset><legend class=\"wpforms-field-label\">Inter\u00e9s <span class=\"wpforms-required-label\" aria-hidden=\"true\">*<\/span><\/legend><ul id=\"wpforms-35741-field_16\" class=\"wpforms-field-required\"><li class=\"choice-1 depth-1\"><input type=\"radio\" id=\"wpforms-35741-field_16_1\" name=\"wpforms[fields][16]\" value=\"Crop Solutions\" aria-errormessage=\"wpforms-35741-field_16_1-error\" required ><label class=\"wpforms-field-label-inline\" for=\"wpforms-35741-field_16_1\">Crop Solutions<\/label><\/li><li class=\"choice-13 depth-1\"><input type=\"radio\" id=\"wpforms-35741-field_16_13\" name=\"wpforms[fields][16]\" value=\"Nutrition &amp; Health\" aria-errormessage=\"wpforms-35741-field_16_13-error\" required ><label class=\"wpforms-field-label-inline\" for=\"wpforms-35741-field_16_13\">Nutrition &amp; Health<\/label><\/li><li class=\"choice-9 depth-1\"><input type=\"radio\" id=\"wpforms-35741-field_16_9\" name=\"wpforms[fields][16]\" value=\"Innovaci\u00f3n\" aria-errormessage=\"wpforms-35741-field_16_9-error\" required ><label class=\"wpforms-field-label-inline\" for=\"wpforms-35741-field_16_9\">Innovaci\u00f3n<\/label><\/li><li class=\"choice-12 depth-1\"><input type=\"radio\" id=\"wpforms-35741-field_16_12\" name=\"wpforms[fields][16]\" value=\"Home Care and I&amp;I\" aria-errormessage=\"wpforms-35741-field_16_12-error\" required ><label class=\"wpforms-field-label-inline\" for=\"wpforms-35741-field_16_12\">Home Care and I&amp;I<\/label><\/li><li class=\"choice-14 depth-1\"><input type=\"radio\" id=\"wpforms-35741-field_16_14\" name=\"wpforms[fields][16]\" value=\"Industrial Applications\" aria-errormessage=\"wpforms-35741-field_16_14-error\" required ><label class=\"wpforms-field-label-inline\" for=\"wpforms-35741-field_16_14\">Industrial Applications<\/label><\/li><li class=\"choice-8 depth-1\"><input type=\"radio\" id=\"wpforms-35741-field_16_8\" name=\"wpforms[fields][16]\" value=\"Sostenibilidad\" aria-errormessage=\"wpforms-35741-field_16_8-error\" required ><label class=\"wpforms-field-label-inline\" for=\"wpforms-35741-field_16_8\">Sostenibilidad<\/label><\/li><li class=\"choice-2 depth-1\"><input type=\"radio\" id=\"wpforms-35741-field_16_2\" name=\"wpforms[fields][16]\" value=\"Personal Care\" aria-errormessage=\"wpforms-35741-field_16_2-error\" required ><label class=\"wpforms-field-label-inline\" for=\"wpforms-35741-field_16_2\">Personal Care<\/label><\/li><li class=\"choice-7 depth-1\"><input type=\"radio\" id=\"wpforms-35741-field_16_7\" name=\"wpforms[fields][16]\" value=\"Relaciones Institucionales\" aria-errormessage=\"wpforms-35741-field_16_7-error\" required ><label class=\"wpforms-field-label-inline\" for=\"wpforms-35741-field_16_7\">Relaciones Institucionales<\/label><\/li><li class=\"choice-6 depth-1\"><input type=\"radio\" id=\"wpforms-35741-field_16_6\" name=\"wpforms[fields][16]\" value=\"Log\u00edstica\" aria-errormessage=\"wpforms-35741-field_16_6-error\" required ><label class=\"wpforms-field-label-inline\" for=\"wpforms-35741-field_16_6\">Log\u00edstica<\/label><\/li><li class=\"choice-16 depth-1\"><input type=\"radio\" id=\"wpforms-35741-field_16_16\" name=\"wpforms[fields][16]\" value=\"Coatings\" aria-errormessage=\"wpforms-35741-field_16_16-error\" required ><label class=\"wpforms-field-label-inline\" for=\"wpforms-35741-field_16_16\">Coatings<\/label><\/li><li class=\"choice-4 depth-1\"><input type=\"radio\" id=\"wpforms-35741-field_16_4\" name=\"wpforms[fields][16]\" value=\"Prensa\" aria-errormessage=\"wpforms-35741-field_16_4-error\" required ><label class=\"wpforms-field-label-inline\" for=\"wpforms-35741-field_16_4\">Prensa<\/label><\/li><li class=\"choice-11 depth-1\"><input type=\"radio\" id=\"wpforms-35741-field_16_11\" name=\"wpforms[fields][16]\" value=\"Procurement\" aria-errormessage=\"wpforms-35741-field_16_11-error\" required ><label class=\"wpforms-field-label-inline\" for=\"wpforms-35741-field_16_11\">Procurement<\/label><\/li><li class=\"choice-15 depth-1\"><input type=\"radio\" id=\"wpforms-35741-field_16_15\" name=\"wpforms[fields][16]\" value=\"Energy and Resources\" aria-errormessage=\"wpforms-35741-field_16_15-error\" required ><label class=\"wpforms-field-label-inline\" for=\"wpforms-35741-field_16_15\">Energy and Resources<\/label><\/li><li class=\"choice-10 depth-1\"><input type=\"radio\" id=\"wpforms-35741-field_16_10\" name=\"wpforms[fields][16]\" value=\"RRHH (curr\u00edculums; vacantes; jubilaci\u00f3n; remuneraciones, etc.)\" aria-errormessage=\"wpforms-35741-field_16_10-error\" required ><label class=\"wpforms-field-label-inline\" for=\"wpforms-35741-field_16_10\">RRHH (curr\u00edculums; vacantes; jubilaci\u00f3n; remuneraciones, etc.)<\/label><\/li><li class=\"choice-18 depth-1\"><input type=\"radio\" id=\"wpforms-35741-field_16_18\" name=\"wpforms[fields][16]\" value=\"Preguntas generales\" aria-errormessage=\"wpforms-35741-field_16_18-error\" required ><label class=\"wpforms-field-label-inline\" for=\"wpforms-35741-field_16_18\">Preguntas generales<\/label><\/li><\/ul><\/fieldset><\/div><div id=\"wpforms-35741-field_18-container\" class=\"wpforms-field wpforms-field-radio custom-style-form wpforms-list-2-columns wpforms-conditional-field wpforms-conditional-show\" data-field-id=\"18\" style=\"display:none;\"><fieldset><legend class=\"wpforms-field-label\">Inter\u00e9s (Sostenibilidad) <span class=\"wpforms-required-label\" aria-hidden=\"true\">*<\/span><\/legend><ul id=\"wpforms-35741-field_18\" class=\"wpforms-field-required\"><li class=\"choice-1 depth-1\"><input type=\"radio\" id=\"wpforms-35741-field_18_1\" name=\"wpforms[fields][18]\" value=\"Cambio Clim\u00e1tico\" aria-errormessage=\"wpforms-35741-field_18_1-error\" required ><label class=\"wpforms-field-label-inline\" for=\"wpforms-35741-field_18_1\">Cambio Clim\u00e1tico<\/label><\/li><li class=\"choice-13 depth-1\"><input type=\"radio\" id=\"wpforms-35741-field_18_13\" name=\"wpforms[fields][18]\" value=\"Recursos (agua, energ\u00eda, residuos, emisiones atmosf\u00e9ricas)\" aria-errormessage=\"wpforms-35741-field_18_13-error\" required ><label class=\"wpforms-field-label-inline\" for=\"wpforms-35741-field_18_13\">Recursos (agua, energ\u00eda, residuos, emisiones atmosf\u00e9ricas)<\/label><\/li><li class=\"choice-9 depth-1\"><input type=\"radio\" id=\"wpforms-35741-field_18_9\" name=\"wpforms[fields][18]\" value=\"Biodiversidad\" aria-errormessage=\"wpforms-35741-field_18_9-error\" required ><label class=\"wpforms-field-label-inline\" for=\"wpforms-35741-field_18_9\">Biodiversidad<\/label><\/li><li class=\"choice-12 depth-1\"><input type=\"radio\" id=\"wpforms-35741-field_18_12\" name=\"wpforms[fields][18]\" value=\"Relaciones con la Comunidad, Patrocinios, Donaciones e Inversiones Sociales\" aria-errormessage=\"wpforms-35741-field_18_12-error\" required ><label class=\"wpforms-field-label-inline\" for=\"wpforms-35741-field_18_12\">Relaciones con la Comunidad, Patrocinios, Donaciones e Inversiones Sociales<\/label><\/li><li class=\"choice-14 depth-1\"><input type=\"radio\" id=\"wpforms-35741-field_18_14\" name=\"wpforms[fields][18]\" value=\"Productos Sostenibles\" aria-errormessage=\"wpforms-35741-field_18_14-error\" required ><label class=\"wpforms-field-label-inline\" for=\"wpforms-35741-field_18_14\">Productos Sostenibles<\/label><\/li><li class=\"choice-15 depth-1\"><input type=\"radio\" id=\"wpforms-35741-field_18_15\" name=\"wpforms[fields][18]\" value=\"Huella de Carbono de un Producto (HCP)\" aria-errormessage=\"wpforms-35741-field_18_15-error\" required ><label class=\"wpforms-field-label-inline\" for=\"wpforms-35741-field_18_15\">Huella de Carbono de un Producto (HCP)<\/label><\/li><li class=\"choice-8 depth-1\"><input type=\"radio\" id=\"wpforms-35741-field_18_8\" name=\"wpforms[fields][18]\" value=\"Otro\" aria-errormessage=\"wpforms-35741-field_18_8-error\" required ><label class=\"wpforms-field-label-inline\" for=\"wpforms-35741-field_18_8\">Otro<\/label><\/li><\/ul><\/fieldset><\/div><div id=\"wpforms-35741-field_17-container\" class=\"wpforms-field wpforms-field-radio\" data-field-id=\"17\"><fieldset><legend class=\"wpforms-field-label\">Regi\u00f3n<\/legend><ul id=\"wpforms-35741-field_17\"><li class=\"choice-1 depth-1\"><input type=\"radio\" id=\"wpforms-35741-field_17_1\" name=\"wpforms[fields][17]\" value=\"Sudamerica\" aria-errormessage=\"wpforms-35741-field_17_1-error\"  ><label class=\"wpforms-field-label-inline\" for=\"wpforms-35741-field_17_1\">Sudamerica<\/label><\/li><li class=\"choice-2 depth-1\"><input type=\"radio\" id=\"wpforms-35741-field_17_2\" name=\"wpforms[fields][17]\" value=\"Am\u00e9rica del Norte (M\u00e9xico, Estados Unidos y Canad\u00e1)\" aria-errormessage=\"wpforms-35741-field_17_2-error\"  ><label class=\"wpforms-field-label-inline\" for=\"wpforms-35741-field_17_2\">Am\u00e9rica del Norte (M\u00e9xico, Estados Unidos y Canad\u00e1)<\/label><\/li><li class=\"choice-3 depth-1\"><input type=\"radio\" id=\"wpforms-35741-field_17_3\" name=\"wpforms[fields][17]\" value=\"EMEA (Europa, Medio Oriente y \u00c1frica)\" aria-errormessage=\"wpforms-35741-field_17_3-error\"  ><label class=\"wpforms-field-label-inline\" for=\"wpforms-35741-field_17_3\">EMEA (Europa, Medio Oriente y \u00c1frica)<\/label><\/li><li class=\"choice-4 depth-1\"><input type=\"radio\" id=\"wpforms-35741-field_17_4\" name=\"wpforms[fields][17]\" value=\"APAC (Asia-Pac\u00edfico)\" aria-errormessage=\"wpforms-35741-field_17_4-error\"  ><label class=\"wpforms-field-label-inline\" for=\"wpforms-35741-field_17_4\">APAC (Asia-Pac\u00edfico)<\/label><\/li><\/ul><\/fieldset><\/div><div id=\"wpforms-35741-field_12-container\" class=\"wpforms-field wpforms-field-text\" data-field-id=\"12\"><label class=\"wpforms-field-label wpforms-label-hide\" for=\"wpforms-35741-field_12\" aria-hidden=\"false\">Sujeto <span class=\"wpforms-required-label\" aria-hidden=\"true\">*<\/span><\/label><input type=\"text\" id=\"wpforms-35741-field_12\" class=\"wpforms-field-large wpforms-field-required\" name=\"wpforms[fields][12]\" placeholder=\"*Sujeto\" aria-errormessage=\"wpforms-35741-field_12-error\" required><\/div><div id=\"wpforms-35741-field_3-container\" class=\"wpforms-field wpforms-field-textarea\" data-field-id=\"3\"><label class=\"wpforms-field-label wpforms-label-hide\" for=\"wpforms-35741-field_3\" aria-hidden=\"false\">Mensaje <span class=\"wpforms-required-label\" aria-hidden=\"true\">*<\/span><\/label><textarea id=\"wpforms-35741-field_3\" class=\"wpforms-field-large wpforms-field-required\" name=\"wpforms[fields][3]\" placeholder=\"*Mensagem\" aria-errormessage=\"wpforms-35741-field_3-error\" required><\/textarea><\/div><div id=\"wpforms-35741-field_13-container\" class=\"wpforms-field wpforms-field-checkbox\" data-field-id=\"13\"><fieldset><legend class=\"wpforms-field-label wpforms-label-hide\" aria-hidden=\"false\"> <span class=\"wpforms-required-label\" aria-hidden=\"true\">*<\/span><\/legend><ul id=\"wpforms-35741-field_13\" class=\"wpforms-field-required\"><li class=\"choice-1 depth-1\"><input type=\"checkbox\" id=\"wpforms-35741-field_13_1\" name=\"wpforms[fields][13][]\" value=\"Reciba mensajes y contenidos especiales de Indovinya.\" aria-errormessage=\"wpforms-35741-field_13_1-error\" required ><label class=\"wpforms-field-label-inline\" for=\"wpforms-35741-field_13_1\">Reciba mensajes y contenidos especiales de Indovinya.<\/label><\/li><\/ul><\/fieldset><\/div><\/div><!-- .wpforms-field-container --><div class=\"wpforms-recaptcha-container wpforms-is-recaptcha wpforms-is-recaptcha-type-v2\" ><div class=\"g-recaptcha\" data-sitekey=\"6Ld01EsqAAAAAMsJkyLewdPlfpWBoQNeWtyDan6_\"><\/div><input type=\"text\" name=\"g-recaptcha-hidden\" class=\"wpforms-recaptcha-hidden\" style=\"position:absolute!important;clip:rect(0,0,0,0)!important;height:1px!important;width:1px!important;border:0!important;overflow:hidden!important;padding:0!important;margin:0!important;\" data-rule-recaptcha=\"1\"><\/div><div class=\"wpforms-submit-container\" ><input type=\"hidden\" name=\"wpforms[id]\" value=\"35741\"><input type=\"hidden\" name=\"page_title\" value=\"\"><input type=\"hidden\" name=\"page_url\" value=\"https:\/\/indovinya.indoramaventures.com\/es\/wp-json\/wp\/v2\/pages\/31589\"><input type=\"hidden\" name=\"url_referer\" value=\"\"><button type=\"submit\" name=\"wpforms[submit]\" id=\"wpforms-submit-35741\" class=\"wpforms-submit\" data-alt-text=\"Env\u00edo\u2026\" data-submit-text=\"Enviar mensaje\" aria-live=\"assertive\" value=\"wpforms-submit\">Enviar mensaje<\/button><img decoding=\"async\" src=\"https:\/\/indovinya.indoramaventures.com\/wp-content\/plugins\/wpforms\/assets\/images\/submit-spin.svg\" class=\"wpforms-submit-spinner\" style=\"display: none;\" width=\"26\" height=\"26\" alt=\"Cargando\"><\/div><\/form><\/div>  <!-- .wpforms-container -->\t\t<\/div>\n\t\t\t\t<\/div>\n\t\t\t\t<\/div>\n\t\t\t\t\t<\/div>\n\t\t\t\t<\/div>\n\t\t\t\t<\/div>\n\t\t","protected":false},"excerpt":{"rendered":"<p>Por favor complete el siguiente formulario para enviar sugerencias y obtener informaci\u00f3n adicional sobre las actividades, productos y servicios de Indovinya. Para asuntos de relaciones con la prensa, env\u00ede un mensaje a: comunicacao.externa@br.indorama.net Para preguntas sobre sostenibilidad, haga clic aqu\u00ed para obtener m\u00e1s informaci\u00f3n. Cont\u00e1ctenos para conocer m\u00e1s sobre los productos Indovinya Ative o JavaScript [&hellip;]<\/p>\n","protected":false},"author":1,"featured_media":0,"parent":0,"menu_order":0,"comment_status":"closed","ping_status":"closed","template":"","meta":{"_acf_changed":false,"footnotes":""},"categoria-solucoes-mercado":[],"class_list":["post-31589","page","type-page","status-publish","hentry"],"acf":[],"_links":{"self":[{"href":"https:\/\/indovinya.indoramaventures.com\/es\/wp-json\/wp\/v2\/pages\/31589","targetHints":{"allow":["GET"]}}],"collection":[{"href":"https:\/\/indovinya.indoramaventures.com\/es\/wp-json\/wp\/v2\/pages"}],"about":[{"href":"https:\/\/indovinya.indoramaventures.com\/es\/wp-json\/wp\/v2\/types\/page"}],"author":[{"embeddable":true,"href":"https:\/\/indovinya.indoramaventures.com\/es\/wp-json\/wp\/v2\/users\/1"}],"replies":[{"embeddable":true,"href":"https:\/\/indovinya.indoramaventures.com\/es\/wp-json\/wp\/v2\/comments?post=31589"}],"version-history":[{"count":25,"href":"https:\/\/indovinya.indoramaventures.com\/es\/wp-json\/wp\/v2\/pages\/31589\/revisions"}],"predecessor-version":[{"id":48103,"href":"https:\/\/indovinya.indoramaventures.com\/es\/wp-json\/wp\/v2\/pages\/31589\/revisions\/48103"}],"wp:attachment":[{"href":"https:\/\/indovinya.indoramaventures.com\/es\/wp-json\/wp\/v2\/media?parent=31589"}],"wp:term":[{"taxonomy":"categoria-solucoes-mercado","embeddable":true,"href":"https:\/\/indovinya.indoramaventures.com\/es\/wp-json\/wp\/v2\/categoria-solucoes-mercado?post=31589"}],"curies":[{"name":"wp","href":"https:\/\/api.w.org\/{rel}","templated":true}]}}