{"id":31624,"date":"2024-09-13T19:12:00","date_gmt":"2024-09-13T22:12:00","guid":{"rendered":"https:\/\/indovinya.indoramaventures.com\/politica-de-privacidad\/"},"modified":"2024-10-17T22:55:51","modified_gmt":"2024-10-18T01:55:51","slug":"politica-de-privacidad","status":"publish","type":"page","link":"https:\/\/indovinya.indoramaventures.com\/es\/politica-de-privacidad\/","title":{"rendered":"Pol\u00edtica de Privacidad"},"content":{"rendered":"\t\t<div data-elementor-type=\"wp-page\" data-elementor-id=\"31624\" class=\"elementor elementor-31624 elementor-29907\" data-elementor-post-type=\"page\">\n\t\t\t\t<div class=\"elementor-element elementor-element-f03f7ab e-con-full e-flex e-con e-parent\" data-id=\"f03f7ab\" data-element_type=\"container\" data-settings=\"{&quot;jet_parallax_layout_list&quot;:[]}\">\n\t\t\t\t<div class=\"elementor-element elementor-element-7407f5c elementor-widget elementor-widget-template\" data-id=\"7407f5c\" data-element_type=\"widget\" data-widget_type=\"template.default\">\n\t\t\t\t<div class=\"elementor-widget-container\">\n\t\t\t\t\t<div class=\"elementor-template\">\n\t\t\t\t\t<div data-elementor-type=\"container\" data-elementor-id=\"29527\" class=\"elementor elementor-29527\" data-elementor-post-type=\"elementor_library\">\n\t\t\t\t<div class=\"elementor-element elementor-element-5c369796 e-flex e-con-boxed e-con e-parent\" data-id=\"5c369796\" data-element_type=\"container\" data-settings=\"{&quot;jet_parallax_layout_list&quot;:[],&quot;background_background&quot;:&quot;classic&quot;}\">\n\t\t\t\t\t<div class=\"e-con-inner\">\n\t\t\t\t<div class=\"elementor-element elementor-element-6cf528af elementor-widget elementor-widget-jet-breadcrumbs\" data-id=\"6cf528af\" data-element_type=\"widget\" data-widget_type=\"jet-breadcrumbs.default\">\n\t\t\t\t<div class=\"elementor-widget-container\">\n\t\t\t<div class=\"elementor-jet-breadcrumbs jet-blocks\">\n\t\t<div class=\"jet-breadcrumbs\">\n\t\t<div class=\"jet-breadcrumbs__content\">\n\t\t<div class=\"jet-breadcrumbs__wrap\"><div class=\"jet-breadcrumbs__item\"><a href=\"https:\/\/indovinya.indoramaventures.com\/es\/\" class=\"jet-breadcrumbs__item-link is-home\" rel=\"home\" title=\"Home\">Home<\/a><\/div>\n\t\t<\/div>\n\t\t<\/div>\n\t\t<\/div><\/div>\t\t<\/div>\n\t\t\t\t<\/div>\n\t\t\t\t\t<\/div>\n\t\t\t\t<\/div>\n\t\t<div class=\"elementor-element elementor-element-9d5733a e-flex e-con-boxed e-con e-parent\" data-id=\"9d5733a\" data-element_type=\"container\" data-settings=\"{&quot;background_background&quot;:&quot;classic&quot;,&quot;jet_parallax_layout_list&quot;:[]}\">\n\t\t\t\t\t<div class=\"e-con-inner\">\n\t\t<div class=\"elementor-element elementor-element-2384d59 e-con-full e-flex e-con e-child\" data-id=\"2384d59\" data-element_type=\"container\" data-settings=\"{&quot;background_background&quot;:&quot;classic&quot;,&quot;jet_parallax_layout_list&quot;:[]}\">\n\t\t\t\t<div class=\"elementor-element elementor-element-faece8e elementor-widget elementor-widget-heading\" data-id=\"faece8e\" data-element_type=\"widget\" data-widget_type=\"heading.default\">\n\t\t\t\t<div class=\"elementor-widget-container\">\n\t\t\t<h1 class=\"elementor-heading-title elementor-size-default\">Pol\u00edtica de Privacidad<\/h1>\t\t<\/div>\n\t\t\t\t<\/div>\n\t\t\t\t<\/div>\n\t\t\t\t\t<\/div>\n\t\t\t\t<\/div>\n\t\t\t\t<\/div>\n\t\t\t\t<\/div>\n\t\t\t\t<\/div>\n\t\t\t\t<\/div>\n\t\t\t\t<\/div>\n\t\t<div class=\"elementor-element elementor-element-e3d437b e-flex e-con-boxed e-con e-parent\" data-id=\"e3d437b\" data-element_type=\"container\" data-settings=\"{&quot;jet_parallax_layout_list&quot;:[]}\">\n\t\t\t\t\t<div class=\"e-con-inner\">\n\t\t\t\t<div class=\"elementor-element elementor-element-b5e401e elementor-widget elementor-widget-text-editor\" data-id=\"b5e401e\" data-element_type=\"widget\" data-widget_type=\"text-editor.default\">\n\t\t\t\t<div class=\"elementor-widget-container\">\n\t\t\t\t\t\t\t<h4>1. INTRODUCCI\u00d3N<\/h4>\n<p><strong>1.1.<\/strong> 1.1 Esta Pol\u00edtica de Privacidad (\u201cPol\u00edtica\u201d) tiene como objetivo establecer las reglas sobre el uso, almacenamiento y Procesamiento de Datos Personales, cuyos datos fueron recopilados en el \u00e1mbito de las actividades de Indovinya en medios digitales. Las plataformas en l\u00ednea est\u00e1n disponibles para su acceso y uso en los Enlaces <a href=\"https:\/\/indovinya.indoramaventures.com\/es\/\">www.indovinya.indoramaventures.com,<\/a> entre otros sitios web que Indovinya (\u201cSitios\u201d) pueda poner a disposici\u00f3n en el futuro, de conformidad con las leyes vigentes, en particular la Ley General Ley de Protecci\u00f3n de Datos Personales. <\/p>\n<p><strong>1.2.<\/strong> 1.2 Como condici\u00f3n para utilizar las funciones exclusivas de los Sitios, usted (\u201cUsuario\u201d) declara que ha le\u00eddo completa y cuidadosamente este documento, siendo plenamente consciente de sus t\u00e9rminos, y expresa su libre acuerdo con la redacci\u00f3n de esta Pol\u00edtica.<\/p>\n<h4>2. DEFINICIONES<\/h4>\n<p><strong>2.1.<\/strong> 2.1 Para facilitar la lectura de la Pol\u00edtica, definimos algunos t\u00e9rminos de la siguiente manera:<\/p>\n<ul>\n<li><strong>Anonimizaci\u00f3n:<\/strong> el proceso en el que los datos no tienen la posibilidad de ser asociados directa o indirectamente a un individuo, utilizando medios t\u00e9cnicos razonables y disponibles al momento del Tratamiento de los Datos Personales;<\/li>\n<li><strong>Actividades:<\/strong> actividades realizadas y servicios prestados por Indovinya, incluidos, entre otros, los servicios disponibles en el \u00e1rea de relaciones con inversores (divulgaci\u00f3n de informaci\u00f3n, resultados financieros y otras interacciones relevantes), la divulgaci\u00f3n de eventos y acciones de marketing de Indovinya, la reclutamiento y selecci\u00f3n de nuevos empleados para oportunidades laborales y promoci\u00f3n de <em>sitios web<\/em>, productos y servicios de Indovinya;<\/li>\n<li><em><strong>Computaci\u00f3n en la nube: <\/strong><\/em>es la entrega de diferentes servicios a trav\u00e9s de una red (por ejemplo, Internet) y a partir de la interconexi\u00f3n de m\u00e1s de una herramienta y aplicaci\u00f3n como almacenamiento de datos, servidores, bases de datos, redes y software, con el fin de reducir costos y aumentar la disponibilidad de servicios sostenidos;<\/li>\n<li><strong><em>Cookies<\/em><\/strong><strong>:<\/strong> peque\u00f1os archivos de texto enviados por los <em>Sitios<\/em>, almacenados en los respectivos dispositivos del Usuario, que almacenan preferencias y otra informaci\u00f3n relacionada con la visita del Usuario a los <em>Sitios<\/em>, con el fin de personalizar su navegaci\u00f3n seg\u00fan su perfil;<\/li>\n<li><strong>Datos:<\/strong> cualquier informaci\u00f3n ingresada, tratada o transmitida para la realizaci\u00f3n de servicios relacionados con las Actividades y el uso de los <em>Sitios<\/em>;<\/li>\n<li><strong>Datos Personales:<\/strong> Datos relacionados con cualquier persona natural identificada o identificable;<\/li>\n<li><strong>Elaboraci\u00f3n de perfiles<\/strong>: aquellas decisiones que afecten a un usuario que, hayan sido programadas para funcionar de forma autom\u00e1tica, sin necesidad de intervenci\u00f3n humana, basadas en un Tratamiento automatizado de Datos Personales;<\/li>\n<li><strong>Delegado de Protecci\u00f3n de Datos o DPO<\/strong>: un agente responsable y designado por Indovinya para actuar como canal de comunicaci\u00f3n entre Indovinya, los Usuarios y la Autoridade Nacional de Prote\u00e7\u00e3o de Dados (la Autoridad Nacional de Protecci\u00f3n de Datos) (\u201cANPD\u201d);<\/li>\n<li><strong>ID de sesi\u00f3n<\/strong>: identificaci\u00f3n de la sesi\u00f3n de un Usuario cuando se accede a los <em>Sitios<\/em>;<\/li>\n<li><strong>IP<\/strong>: abreviatura de <em>Protocolo de Internet<\/em>; es un conjunto alfanum\u00e9rico que identifica los dispositivos de un usuario en Internet;<\/li>\n<li><strong>Ley General de Protecci\u00f3n de Datos Personales<\/strong>: <strong>Ley<\/strong> Nro. 13.709\/18.<\/li>\n<li><em><strong>Enlace<\/strong><\/em><strong>:<\/strong> terminolog\u00eda para direcci\u00f3n de Internet<strong>;<\/strong><\/li>\n<li><strong>Socios:<\/strong> empresas que, mediante acuerdo o contrato con Indovinya, est\u00e1n autorizadas a ofrecer recompensas, descuentos, productos y servicios al Usuario;<\/li>\n<li><strong>Tratamiento:<\/strong> todas las operaciones realizadas con Datos Personales, tales como las relativas a la recolecci\u00f3n, producci\u00f3n, recepci\u00f3n, clasificaci\u00f3n, uso, acceso, reproducci\u00f3n, transmisi\u00f3n, distribuci\u00f3n, procesamiento, archivo, almacenamiento, disposici\u00f3n, evaluaci\u00f3n, control, modificaci\u00f3n, comunicaci\u00f3n, transferencia, difusi\u00f3n o extracci\u00f3n de informaci\u00f3n; y<\/li>\n<li><strong>INDOVINYA: <\/strong>ubicada en la ciudad de S\u00e3o Paulo, Estado de S\u00e3o Paulo, en la Avenida Brigadeiro Lu\u00eds Ant\u00f4nio, Nr. 1.343, piso 10, inscrita en el Registro Nacional de Contribuyentes Empresariales bajo el CNPJ Nr. 33.256.439\/0001-39<strong>.<\/strong><\/li>\n<\/ul>\n<h4>3. LA RECOPILACI\u00d3N DE DATOS PERSONALES<\/h4>\n<div class=\"elementor-element elementor-element-fdb6ad7 elementor-widget elementor-widget-content_text\" data-id=\"fdb6ad7\" data-element_type=\"widget\" data-widget_type=\"content_text.default\">\n<div class=\"elementor-widget-container\">\n<div id=\"nav-fdb6ad7\" class=\"default__block\">\n<div class=\"block__mask\">\n<div class=\"container\">\n<div class=\"row \">\n<div class=\"col-xl-8 col-lg-9\">\n<div class=\"block__text\">\n<p><strong>3.1<\/strong> <strong>C\u00f3mo se recopilan los datos<\/strong>. Los datos, incluidos los datos personales, pueden recopilarse cuando el Usuario (i) los env\u00eda; (ii) acceder a los Sitios; o (iii) participa en sus Actividades. Los Datos recabados, as\u00ed como el motivo de su recogida, incluyen:     <\/p>\n<\/div>\n<\/div>\n<\/div>\n<\/div>\n<\/div>\n<\/div>\n<\/div>\n<\/div>\n<p><img fetchpriority=\"high\" decoding=\"async\" class=\"alignnone wp-image-1074 size-full\" src=\"https:\/\/indovinya.indoramaventures.com\/wp-content\/uploads\/2024\/09\/Item_3_Politica_de_Privacidade.jpg\" alt=\"\" width=\"720\" height=\"1040\" srcset=\"https:\/\/indovinya.indoramaventures.com\/wp-content\/uploads\/2024\/09\/Item_3_Politica_de_Privacidade.jpg 720w, https:\/\/indovinya.indoramaventures.com\/wp-content\/uploads\/2024\/09\/Item_3_Politica_de_Privacidade-208x300.jpg 208w, https:\/\/indovinya.indoramaventures.com\/wp-content\/uploads\/2024\/09\/Item_3_Politica_de_Privacidade-709x1024.jpg 709w\" sizes=\"(max-width: 720px) 100vw, 720px\" \/><\/p>\n<p><strong>3.2. <\/strong><strong>Datos Requeridos:<\/strong> las funcionalidades de los Sitios dependen directamente de algunos Datos proporcionados en la tabla anterior, especialmente los Datos de Registro del Usuario. Si el Usuario decide no proporcionar algunos de dichos Datos, es posible que no pueda participar en las Actividades. <\/p>\n<p><strong>3.3.<\/strong> <strong>Actualizaci\u00f3n y veracidad de los datos:<\/strong> El Usuario es el \u00fanico responsable de la integridad, exactitud y veracidad de los Datos proporcionados por \u00e9l al registrarse en los Sitios. Es responsabilidad del Usuario mantenerlos actualizados, pudiendo el Usuario corregirlos o actualizarlos a trav\u00e9s de los Sitios. <\/p>\n<p><strong>3.3.1.<\/strong> Asimismo, Indovinya no estar\u00e1 obligada a procesar ninguno de los Datos Personales del Usuario si hay motivos para creer que dicho Procesamiento de Datos Personales puede causar alguna violaci\u00f3n de cualquier ley aplicable, o si se verifica que el Usuario est\u00e1 proporcionando Datos, haciendo uso de la Sitios y\/o participar en sus Actividades con fines ilegales, poco \u00e9ticos, il\u00edcitos o contrarios a la moral.<\/p>\n<p><strong>3.4.<\/strong> <strong>Base de datos:<\/strong> la base de datos formada a trav\u00e9s de la recolecci\u00f3n de Datos es propiedad y responsabilidad de Indovinya, y su uso, acceso y compartici\u00f3n, cuando sea necesario, se realizar\u00e1 dentro de los l\u00edmites y prop\u00f3sitos del negocio descrito en esta Pol\u00edtica.<\/p>\n<p><strong>3.5. Child and Adolescent Data: <\/strong> Nuestras plataformas no est\u00e1n destinadas a personas menores de 18 (dieciocho) a\u00f1os, por lo que no recopilamos ni realizamos intencionalmente ning\u00fan tipo de Procesamiento de Datos Personales en relaci\u00f3n con dichos Datos. Si el Usuario no tiene la edad m\u00ednima requerida, no podr\u00e1 registrarse en los Sitios ni acceder a ellos sin la representaci\u00f3n de sus padres, tutores o apoderados, en los t\u00e9rminos de la ley. Si identificamos involuntariamente Datos personales de menores en nuestra base de datos, eliminaremos dichos Datos.  <\/p>\n<p><strong>3.6.<\/strong> <strong>Tecnolog\u00edas utilizadas:<\/strong> Indovinya utiliza la tecnolog\u00eda de Cookies y el Usuario puede bloquearlas configurando su navegador de Internet. En este caso, algunas funciones que ofrecen los Sitios pueden ser limitadas. <\/p>\n<p><strong>3.6.1.<\/strong> La tecnolog\u00eda utilizada por Indovinya deber\u00e1 cumplir siempre con la legislaci\u00f3n vigente y los t\u00e9rminos de esta Pol\u00edtica.<\/p>\n<p><strong>3.7<\/strong>. During the use of the Sites, Indovinya may employ Profiling, in order to enhance User experience, in accordance with the provisions of this Policy and with current legislation. <\/p>\n<h4>4. C\u00d3MO SE COMPARTEN LOS DATOS Y LA INFORMACI\u00d3N<\/h4>\n<p><strong>4.1.<\/strong> <strong>Eventos de intercambio de datos.<\/strong> Los Datos recabados y los registros de las actividades de tratamiento podr\u00e1n ser compartidos, respetando siempre el env\u00edo de la informaci\u00f3n m\u00ednima requerida para lograr las finalidades descritas en esta Pol\u00edtica:<\/p>\n<p>(i) con Socios cuya actuaci\u00f3n sea necesaria para la ejecuci\u00f3n de las Actividades o en beneficio del Usuario, siempre que dichos Socios siempre est\u00e9n obligados a cumplir con los lineamientos de seguridad y protecci\u00f3n de datos, seg\u00fan el punto 5.5 de esta Pol\u00edtica;<\/p>\n<p>(ii) con empresas contratadas para la prestaci\u00f3n de servicios operativos inherentes a los Sitios y el ejercicio de actividades, siempre que tales organizaciones est\u00e9n siempre obligadas a cumplir con los lineamientos de seguridad y protecci\u00f3n de datos, seg\u00fan el numeral 5.5 de esta Pol\u00edtica; y<\/p>\n<p>(iii) ante las autoridades judiciales, administrativas o gubernamentales correspondientes, cuando exista determinaci\u00f3n legal, solicitud, petici\u00f3n u orden judicial.<\/p>\n<h4>5. C\u00d3MO SE PROTEGEN LOS DATOS Y C\u00d3MO EL USUARIO TAMBI\u00c9N PUEDE PROTEGERLOS<\/h4>\n<p><strong>5.1. <\/strong><strong>Compartir contrase\u00f1as:<\/strong> el usuario tambi\u00e9n es responsable de la confidencialidad de sus datos y siempre deber\u00e1 ser consciente de que compartir contrase\u00f1as y datos de acceso viola esta Pol\u00edtica y puede comprometer la seguridad de sus datos, sitios y actividades.<\/p>\n<p><strong>5.2.<\/strong><strong> Cuidados que debe tomar el Usuario:<\/strong> es muy importante que el Usuario proteja sus Datos del acceso no autorizado a su computadora, cuenta o contrase\u00f1a, y se asegure de hacer siempre clic en \u201csalir\u201d al finalizar su navegaci\u00f3n en una computadora compartida. Si el Usuario sospecha que su contrase\u00f1a puede haber sido expuesta\/comprometida, deber\u00e1 cambiarla oportunamente, evitando la exposici\u00f3n de la informaci\u00f3n protegida por dicha contrase\u00f1a. Tambi\u00e9n es importante que el Usuario tenga en cuenta que Indovinya nunca enviar\u00e1 mensajes electr\u00f3nicos con archivos adjuntos ejecutables (extensiones: .exe, .com, entre otros).  <\/p>\n<p><strong>5.3.<\/strong> <strong>Acceso a Datos Personales, Proporcionalidad y Relevancia:<\/strong> en Indovinya, los Datos Personales recabados s\u00f3lo ser\u00e1n accedidos por profesionales debidamente autorizados, respetando los principios de proporcionalidad, necesidad y pertinencia a los fines de las Actividades, adem\u00e1s del compromiso de confidencialidad, protecci\u00f3n de Datos Personales y preservaci\u00f3n de la privacidad del Usuario bajo esta Pol\u00edtica.<\/p>\n<p><strong>5.4. <\/strong><strong>Enlaces Externos:<\/strong> cuando el Usuario utiliza los Sitios, puede ser dirigido, a trav\u00e9s de Enlace, a otros portales o plataformas, los cuales pueden recopilar informaci\u00f3n del Usuario y tener sus propias pol\u00edticas de privacidad y Tratamiento de Datos Personales.<\/p>\n<p><strong>5.4.1<\/strong>. User shall read the Privacy and Personal Data policies adopted by such portals or external platforms, and shall be responsible for accepting or rejecting them. Indovinya is not responsible for the policies of third parties and\/or the content of any websites or content of the services linked to environments other than those of the Sites.  <\/p>\n<p><strong>5.4.2.<\/strong> El usuario tambi\u00e9n podr\u00e1 ser redirigido a sitios web de empresas controladas directa o indirectamente por Indovinya. Como esta Pol\u00edtica aborda \u00fanicamente los Sitios, el Usuario deber\u00e1 conocer las reglas de uso y privacidad de dichos sitios web. <\/p>\n<p><strong>5.5. <\/strong><strong>Servicios de Socios:<\/strong> Indovinya podr\u00e1 celebrar acuerdos con Socios que ofrecer\u00e1n servicios y\/o productos directamente al Usuario, a cuyos t\u00e9rminos y condiciones se podr\u00e1 acceder a trav\u00e9s de los boletines informativos de Indovinya enviados a trav\u00e9s de nuestros canales de comunicaci\u00f3n oficiales. Los Datos proporcionados directamente por el Usuario a dichos Socios ser\u00e1n responsabilidad exclusiva de dichos Socios, quedando as\u00ed sujetos a sus propias pr\u00e1cticas de recopilaci\u00f3n y uso de Datos. <\/p>\n<p><strong>5.6. <\/strong><strong>Procesador:<\/strong> si terceras empresas procesan Datos Personales en nombre de Indovinya, deber\u00e1n cumplir con los t\u00e9rminos previstos en esta Pol\u00edtica y en los est\u00e1ndares de seguridad de la informaci\u00f3n adoptados por Indovinya.<\/p>\n<h4>6. C\u00d3MO SE ALMACENAN LOS DATOS PERSONALES Y EL REGISTRO DE ACTIVIDAD<\/h4>\n<p><strong>6.1.<\/strong> Los Datos Personales recopilados y el registro de Actividades se almacenan en un ambiente seguro y controlado, durante el tiempo que sean necesarios para el Procesamiento de Datos Personales, siempre que Indovinya tenga derecho a conservar el historial de registro de los Datos del Usuario para fines de auditor\u00eda. , seguridad, control del fraude y conservaci\u00f3n de derechos en los supuestos establecidos por ley o norma reglamentaria o para la conservaci\u00f3n de derechos.<\/p>\n<p><strong>6.2.<\/strong> Indovinya podr\u00e1 contratar servicios de almacenamiento de datos en la nube desde servidores ubicados fuera de Brasil. En tal caso, Indovinya deber\u00e1 contratar servicios de Computaci\u00f3n en la Nube que cuenten con toda la estructura t\u00e9cnica, organizativa y administrativa que garantice la seguridad e integridad de los Datos Personales, as\u00ed como cumplir con los principios y obligaciones relacionados con el Tratamiento de Datos Personales. <\/p>\n<h4>7. QU\u00c9 SON LOS DERECHOS DEL USUARIO Y C\u00d3MO EJERCERLOS<\/h4>\n<p><strong>7.1.<\/strong> <strong>Derechos del Titular<\/strong>: El Usuario podr\u00e1 solicitar al Delegado de Protecci\u00f3n de Datos, a trav\u00e9s del correo electr\u00f3nico: portaldeprivacidade@oxiteno.com:<\/p>\n<p>(i) confirmaci\u00f3n de la existencia de Tratamiento de Datos Personales;<\/p>\n<p>(ii) restricci\u00f3n en el uso de sus Datos;<\/p>\n<p>(iii) la visualizaci\u00f3n y\/o correcci\u00f3n de sus Datos;<\/p>\n<p>(iv) manifestar su oposici\u00f3n y\/o revocar el consentimiento al uso de sus Datos Personales; o<\/p>\n<p>(v) solicitar la eliminaci\u00f3n o anonimizaci\u00f3n de sus Datos personales que hayan sido recopilados dentro de los Sitios.<\/p>\n<p>Si el Usuario se opone al Tratamiento de Datos Personales vinculados a fines fundamentales, con el fin de impactar el funcionamiento regular de las Actividades y los Sitios, el Usuario deber\u00e1 ser consciente de que no tendr\u00e1 acceso a las Actividades y funcionalidades ofrecidas por los Sitios.<\/p>\n<p><strong>7.3.<\/strong> Al finalizar el per\u00edodo de mantenimiento y la necesidad legal, los Datos Personales se eliminar\u00e1n utilizando m\u00e9todos de eliminaci\u00f3n seguros o se utilizar\u00e1n de forma an\u00f3nima con fines estad\u00edsticos.<\/p>\n<h4>8. INFORMACI\u00d3N SOBRE LA P\u00d3LIZA<\/h4>\n<p><strong>8.1. <\/strong><strong>Cambio de Contenido y Actualizaci\u00f3n<\/strong>: esta Pol\u00edtica est\u00e1 sujeta a mejoras y mejoras continuas, e Indovinya se reserva el derecho de modificarla en cualquier momento, a su entera discreci\u00f3n, o para la adecuaci\u00f3n y cumplimiento legal de una disposici\u00f3n legal o norma que tenga equivalente legal. vigente, y el Usuario es responsable de verificarla cada vez que haga uso de los Sitios y participe en sus Actividades.<\/p>\n<p><strong>8.2.<\/strong> Si existieran actualizaciones de este documento que requieran una nueva recogida del consentimiento, se comunicar\u00e1 al Usuario a trav\u00e9s de los canales de contacto informados por \u00e9ste.<\/p>\n<p><strong>8.3. <\/strong><strong>Inaplicabilidad:<\/strong> Si alguna disposici\u00f3n de esta Pol\u00edtica se considera inaplicable por decisi\u00f3n final e inapelable de la ANPD o del Poder Judicial, las dem\u00e1s condiciones permanecer\u00e1n en plena vigencia y efecto.<\/p>\n<p><strong>8.4.<\/strong> <strong>Comunicaci\u00f3n Electr\u00f3nica:<\/strong> El Usuario reconoce que todas las comunicaciones realizadas por correo electr\u00f3nico (a las direcciones informadas en su registro), SMS, aplicaciones de comunicaci\u00f3n instant\u00e1nea o cualquier otra forma digital son v\u00e1lidas, eficaces y suficientes para la divulgaci\u00f3n de cualquier asunto que se refiera a la Pol\u00edtica, la Datos del Usuario, as\u00ed como cualquier otro tema relacionado con los mismos.<\/p>\n<p><strong>8.5. <\/strong><strong>Canales de Atenci\u00f3n:<\/strong> En caso de duda respecto de lo establecido en esta Pol\u00edtica, el Usuario podr\u00e1 comunicarse con el canal de atenci\u00f3n que se informa a continuaci\u00f3n, de lunes a viernes, de 9:00 a 18:00 horas, excepto feriados:<br \/>Cont\u00e1ctenos: <a href=\"http:\/\/www.indovinya.indoramaventures.com\/us\/en\/contato\">http:\/\/www.indovinya.indoramaventures.com\/contato<\/a><\/p>\n<p>El usuario tambi\u00e9n podr\u00e1 contactar directamente con el DPO a trav\u00e9s del correo electr\u00f3nico portaldeprivacidade@oxiteno.com, o en la direcci\u00f3n ubicada en Avenida Brigadeiro Lu\u00eds Antonio, nr. 1.343, S\u00e3o Paulo &#8211; S\u00e3o Paulo, Brasil.<\/p>\n<p><strong>8.6.<\/strong><strong> Ley aplicable y jurisdicci\u00f3n:<\/strong> esta Pol\u00edtica se redactar\u00e1 de conformidad con la ley brasile\u00f1a, y se elegir\u00e1 la jurisdicci\u00f3n donde Indovinya tenga su domicilio para resolver cualquier disputa relacionada con este documento, a menos que se haga una condici\u00f3n espec\u00edfica a la jurisdicci\u00f3n personal, territorial o funcional seg\u00fan lo aplicable. ley.<\/p>\n\t\t\t\t\t\t<\/div>\n\t\t\t\t<\/div>\n\t\t\t\t\t<\/div>\n\t\t\t\t<\/div>\n\t\t\t\t<\/div>\n\t\t","protected":false},"excerpt":{"rendered":"<p>1. INTRODUCCI\u00d3N 1.1. 1.1 Esta Pol\u00edtica de Privacidad (\u201cPol\u00edtica\u201d) tiene como objetivo establecer las reglas sobre el uso, almacenamiento y Procesamiento de Datos Personales, cuyos datos fueron recopilados en el \u00e1mbito de las actividades de Indovinya en medios digitales. Las plataformas en l\u00ednea est\u00e1n disponibles para su acceso y uso en los Enlaces www.indovinya.indoramaventures.com, entre [&hellip;]<\/p>\n","protected":false},"author":1,"featured_media":0,"parent":0,"menu_order":0,"comment_status":"closed","ping_status":"closed","template":"","meta":{"_acf_changed":false,"footnotes":""},"categoria-solucoes-mercado":[],"class_list":["post-31624","page","type-page","status-publish","hentry"],"acf":[],"_links":{"self":[{"href":"https:\/\/indovinya.indoramaventures.com\/es\/wp-json\/wp\/v2\/pages\/31624","targetHints":{"allow":["GET"]}}],"collection":[{"href":"https:\/\/indovinya.indoramaventures.com\/es\/wp-json\/wp\/v2\/pages"}],"about":[{"href":"https:\/\/indovinya.indoramaventures.com\/es\/wp-json\/wp\/v2\/types\/page"}],"author":[{"embeddable":true,"href":"https:\/\/indovinya.indoramaventures.com\/es\/wp-json\/wp\/v2\/users\/1"}],"replies":[{"embeddable":true,"href":"https:\/\/indovinya.indoramaventures.com\/es\/wp-json\/wp\/v2\/comments?post=31624"}],"version-history":[{"count":1,"href":"https:\/\/indovinya.indoramaventures.com\/es\/wp-json\/wp\/v2\/pages\/31624\/revisions"}],"predecessor-version":[{"id":31625,"href":"https:\/\/indovinya.indoramaventures.com\/es\/wp-json\/wp\/v2\/pages\/31624\/revisions\/31625"}],"wp:attachment":[{"href":"https:\/\/indovinya.indoramaventures.com\/es\/wp-json\/wp\/v2\/media?parent=31624"}],"wp:term":[{"taxonomy":"categoria-solucoes-mercado","embeddable":true,"href":"https:\/\/indovinya.indoramaventures.com\/es\/wp-json\/wp\/v2\/categoria-solucoes-mercado?post=31624"}],"curies":[{"name":"wp","href":"https:\/\/api.w.org\/{rel}","templated":true}]}}