{"id":31634,"date":"2024-09-13T19:45:45","date_gmt":"2024-09-13T22:45:45","guid":{"rendered":"https:\/\/indovinya.indoramaventures.com\/condiciones-de-uso\/"},"modified":"2024-10-17T23:16:58","modified_gmt":"2024-10-18T02:16:58","slug":"condiciones-de-uso","status":"publish","type":"page","link":"https:\/\/indovinya.indoramaventures.com\/es\/condiciones-de-uso\/","title":{"rendered":"Condiciones de uso"},"content":{"rendered":"\t\t<div data-elementor-type=\"wp-page\" data-elementor-id=\"31634\" class=\"elementor elementor-31634 elementor-29899\" data-elementor-post-type=\"page\">\n\t\t\t\t<div class=\"elementor-element elementor-element-a463f03 e-con-full e-flex e-con e-parent\" data-id=\"a463f03\" data-element_type=\"container\" data-settings=\"{&quot;jet_parallax_layout_list&quot;:[]}\">\n\t\t\t\t<div class=\"elementor-element elementor-element-f60feab elementor-widget elementor-widget-template\" data-id=\"f60feab\" data-element_type=\"widget\" data-widget_type=\"template.default\">\n\t\t\t\t<div class=\"elementor-widget-container\">\n\t\t\t\t\t<div class=\"elementor-template\">\n\t\t\t\t\t<div data-elementor-type=\"container\" data-elementor-id=\"29527\" class=\"elementor elementor-29527\" data-elementor-post-type=\"elementor_library\">\n\t\t\t\t<div class=\"elementor-element elementor-element-5c369796 e-flex e-con-boxed e-con e-parent\" data-id=\"5c369796\" data-element_type=\"container\" data-settings=\"{&quot;jet_parallax_layout_list&quot;:[],&quot;background_background&quot;:&quot;classic&quot;}\">\n\t\t\t\t\t<div class=\"e-con-inner\">\n\t\t\t\t<div class=\"elementor-element elementor-element-6cf528af elementor-widget elementor-widget-jet-breadcrumbs\" data-id=\"6cf528af\" data-element_type=\"widget\" data-widget_type=\"jet-breadcrumbs.default\">\n\t\t\t\t<div class=\"elementor-widget-container\">\n\t\t\t<div class=\"elementor-jet-breadcrumbs jet-blocks\">\n\t\t<div class=\"jet-breadcrumbs\">\n\t\t<div class=\"jet-breadcrumbs__content\">\n\t\t<div class=\"jet-breadcrumbs__wrap\"><div class=\"jet-breadcrumbs__item\"><a href=\"https:\/\/indovinya.indoramaventures.com\/es\/\" class=\"jet-breadcrumbs__item-link is-home\" rel=\"home\" title=\"Home\">Home<\/a><\/div>\n\t\t<\/div>\n\t\t<\/div>\n\t\t<\/div><\/div>\t\t<\/div>\n\t\t\t\t<\/div>\n\t\t\t\t\t<\/div>\n\t\t\t\t<\/div>\n\t\t<div class=\"elementor-element elementor-element-9d5733a e-flex e-con-boxed e-con e-parent\" data-id=\"9d5733a\" data-element_type=\"container\" data-settings=\"{&quot;background_background&quot;:&quot;classic&quot;,&quot;jet_parallax_layout_list&quot;:[]}\">\n\t\t\t\t\t<div class=\"e-con-inner\">\n\t\t<div class=\"elementor-element elementor-element-2384d59 e-con-full e-flex e-con e-child\" data-id=\"2384d59\" data-element_type=\"container\" data-settings=\"{&quot;background_background&quot;:&quot;classic&quot;,&quot;jet_parallax_layout_list&quot;:[]}\">\n\t\t\t\t<div class=\"elementor-element elementor-element-faece8e elementor-widget elementor-widget-heading\" data-id=\"faece8e\" data-element_type=\"widget\" data-widget_type=\"heading.default\">\n\t\t\t\t<div class=\"elementor-widget-container\">\n\t\t\t<h1 class=\"elementor-heading-title elementor-size-default\">Condiciones de uso<\/h1>\t\t<\/div>\n\t\t\t\t<\/div>\n\t\t\t\t<\/div>\n\t\t\t\t\t<\/div>\n\t\t\t\t<\/div>\n\t\t\t\t<\/div>\n\t\t\t\t<\/div>\n\t\t\t\t<\/div>\n\t\t\t\t<\/div>\n\t\t\t\t<\/div>\n\t\t<div class=\"elementor-element elementor-element-2046262 e-flex e-con-boxed e-con e-parent\" data-id=\"2046262\" data-element_type=\"container\" data-settings=\"{&quot;jet_parallax_layout_list&quot;:[]}\">\n\t\t\t\t\t<div class=\"e-con-inner\">\n\t\t\t\t<div class=\"elementor-element elementor-element-c52df42 elementor-widget elementor-widget-text-editor\" data-id=\"c52df42\" data-element_type=\"widget\" data-widget_type=\"text-editor.default\">\n\t\t\t\t<div class=\"elementor-widget-container\">\n\t\t\t\t\t\t\t<div class=\"block__header\">\n<h1 class=\"header__title\">T\u00e9rminos y condiciones de uso del sitio web<\/h1>\n<\/div>\n<div class=\"block__text\">\n<h2>1. T\u00e9rminos<\/h2>\n<p>Al acceder a este sitio web de Indovinya, usted acepta estar sujeto a los T\u00e9rminos y condiciones de uso de este sitio web, a todas las leyes y regulaciones aplicables, y acepta que es responsable del cumplimiento de las leyes locales aplicables. Si no est\u00e1 de acuerdo con alguno de estos t\u00e9rminos, tiene prohibido usar o acceder a este sitio. Los materiales contenidos en este sitio web est\u00e1n protegidos por las leyes de derechos de autor y marcas comerciales aplicables.   <\/p>\n<h2>2. Licencia de uso<\/h2>\n<p><b>a. <\/b>Se otorga permiso para ver o descargar temporalmente una copia de los materiales (informaci\u00f3n o software) en el sitio web de Indovinya para visualizaci\u00f3n transitoria personal y no comercial \u00fanicamente. Esta es la concesi\u00f3n de una licencia, no una transferencia de t\u00edtulo, y bajo esta licencia usted no puede:  <\/p>\n<ul>\n<li>modificar o copiar los materiales;<\/li>\n<li>utilizar los materiales para cualquier prop\u00f3sito comercial o para cualquier exhibici\u00f3n p\u00fablica (comercial o no comercial)<\/li>\n<li>intentar descompilar o aplicar ingenier\u00eda inversa a cualquier software contenido en el sitio web de Indovinya;<\/li>\n<li>eliminar cualquier copyright u otras anotaciones de propiedad de los materiales; o<\/li>\n<li>transferir los materiales a otra persona o \u201creplicar\u201d los materiales en cualquier otro servidor.<\/li>\n<\/ul>\n<p><b>b.<\/b> Esta licencia finalizar\u00e1 autom\u00e1ticamente si usted viola cualquiera de estas restricciones y Indovinya podr\u00e1 cancelarla en cualquier momento. Al finalizar la visualizaci\u00f3n de estos materiales o al finalizar esta licencia, debe destruir cualquier material descargado que tenga en su poder, ya sea en formato electr\u00f3nico o impreso.  <\/p>\n<h2>3. Descargo de responsabilidad<\/h2>\n<p>Los materiales del sitio web de Indovinya se proporcionan \u00abtal cual\u00bb. Indovinya no ofrece garant\u00edas, expresas o impl\u00edcitas, y por la presente renuncia y niega todas las dem\u00e1s garant\u00edas, incluidas, entre otras, las garant\u00edas impl\u00edcitas o condiciones de comerciabilidad, idoneidad para un prop\u00f3sito particular o no infracci\u00f3n de propiedad intelectual u otra violaci\u00f3n de derechos. Adem\u00e1s, Indovinya no garantiza ni hace ninguna declaraci\u00f3n con respecto a la exactitud, los resultados probables o la confiabilidad del uso de los materiales en su sitio web de Internet o de otro modo en relaci\u00f3n con dichos materiales o en cualquier sitio vinculado a este sitio.   <\/p>\n<h2>4. Limitaciones<\/h2>\n<p>En ning\u00fan caso Indovinya o sus proveedores ser\u00e1n responsables de los da\u00f1os (incluidos, entre otros, los da\u00f1os por p\u00e9rdida de datos o ganancias, o debido a la interrupci\u00f3n del negocio) que surjan del uso o la imposibilidad de usar los materiales en el sitio de Internet de Indovinya. incluso si Indovinya o un representante autorizado de Indovinya han sido notificados oralmente o por escrito de la posibilidad de dicho da\u00f1o. Debido a que algunas jurisdicciones no permiten limitaciones a las garant\u00edas impl\u00edcitas o limitaciones de responsabilidad por da\u00f1os consecuentes o incidentales, es posible que estas limitaciones no se apliquen a usted.  <\/p>\n<h2>5. Revisiones y erratas<\/h2>\n<p>Los materiales que aparecen en el sitio web de Indovinya podr\u00edan incluir errores t\u00e9cnicos, tipogr\u00e1ficos o fotogr\u00e1ficos. Indovinya no garantiza que ninguno de los materiales de su sitio web sea exacto, completo o actual. Indovinya puede realizar cambios en los materiales contenidos en su sitio web en cualquier momento sin previo aviso. Sin embargo, Indovinya no se compromete a actualizar los materiales.    <\/p>\n<h2>6. Links<\/h2>\n<p>Indovinya no ha revisado todos los sitios vinculados a su sitio web de Internet, si los hubiera, y no es responsable del contenido de dichos sitios vinculados. La inclusi\u00f3n de cualquier v\u00ednculo no implica aprobaci\u00f3n del sitio por parte de Indovinya. El uso de cualquier sitio web vinculado es bajo el propio riesgo del usuario.   <\/p>\n<h2>7. Modificaciones de los t\u00e9rminos de uso del sitio<\/h2>\n<p>Indovinya puede revisar estos t\u00e9rminos de uso de su sitio web en cualquier momento sin previo aviso. Al utilizar este sitio web, usted acepta estar sujeto a la versi\u00f3n vigente en ese momento de estos T\u00e9rminos y condiciones de uso.  <\/p>\n<h2>8. Ley aplicable<\/h2>\n<p>Cualquier reclamo relacionado con el sitio web de Indovinya se regir\u00e1 por las Leyes Federales del estado de S\u00e3o Paulo sin tener en cuenta sus disposiciones sobre conflicto de leyes. Los tribunales estatales de S\u00e3o Paulo, SP, Brasil (o, si existe jurisdicci\u00f3n federal exclusiva, los tribunales de distrito de Brasil ubicados all\u00ed) tendr\u00e1n jurisdicci\u00f3n y jurisdicci\u00f3n exclusivas sobre cualquier disputa que surja de o est\u00e9 relacionada con este Acuerdo y las partes por el presente consienten y someterse a la jurisdicci\u00f3n de dichos tribunales. POR EL PRESENTE CADA PARTE RENUNCIA, EN LA MEDIDA M\u00c1XIMA PERMITIDA POR LA LEY, A CUALQUIER DERECHO A JUICIO POR JURADO DE CUALQUIER RECLAMACI\u00d3N, DEMANDA, ACCI\u00d3N O CAUSA DE ACCI\u00d3N QUE SURJA DE ESTE ACUERDO Y YA SEA POR CONTRATO, AGRAVIO, PATRIMONIO O DE OTRA MANERA.   <\/p>\n<\/div>\n\t\t\t\t\t\t<\/div>\n\t\t\t\t<\/div>\n\t\t\t\t\t<\/div>\n\t\t\t\t<\/div>\n\t\t\t\t<\/div>\n\t\t","protected":false},"excerpt":{"rendered":"<p>T\u00e9rminos y condiciones de uso del sitio web 1. T\u00e9rminos Al acceder a este sitio web de Indovinya, usted acepta estar sujeto a los T\u00e9rminos y condiciones de uso de este sitio web, a todas las leyes y regulaciones aplicables, y acepta que es responsable del cumplimiento de las leyes locales aplicables. Si no est\u00e1 [&hellip;]<\/p>\n","protected":false},"author":1,"featured_media":0,"parent":0,"menu_order":0,"comment_status":"closed","ping_status":"closed","template":"","meta":{"_acf_changed":false,"footnotes":""},"categoria-solucoes-mercado":[],"class_list":["post-31634","page","type-page","status-publish","hentry"],"acf":[],"_links":{"self":[{"href":"https:\/\/indovinya.indoramaventures.com\/es\/wp-json\/wp\/v2\/pages\/31634","targetHints":{"allow":["GET"]}}],"collection":[{"href":"https:\/\/indovinya.indoramaventures.com\/es\/wp-json\/wp\/v2\/pages"}],"about":[{"href":"https:\/\/indovinya.indoramaventures.com\/es\/wp-json\/wp\/v2\/types\/page"}],"author":[{"embeddable":true,"href":"https:\/\/indovinya.indoramaventures.com\/es\/wp-json\/wp\/v2\/users\/1"}],"replies":[{"embeddable":true,"href":"https:\/\/indovinya.indoramaventures.com\/es\/wp-json\/wp\/v2\/comments?post=31634"}],"version-history":[{"count":1,"href":"https:\/\/indovinya.indoramaventures.com\/es\/wp-json\/wp\/v2\/pages\/31634\/revisions"}],"predecessor-version":[{"id":31635,"href":"https:\/\/indovinya.indoramaventures.com\/es\/wp-json\/wp\/v2\/pages\/31634\/revisions\/31635"}],"wp:attachment":[{"href":"https:\/\/indovinya.indoramaventures.com\/es\/wp-json\/wp\/v2\/media?parent=31634"}],"wp:term":[{"taxonomy":"categoria-solucoes-mercado","embeddable":true,"href":"https:\/\/indovinya.indoramaventures.com\/es\/wp-json\/wp\/v2\/categoria-solucoes-mercado?post=31634"}],"curies":[{"name":"wp","href":"https:\/\/api.w.org\/{rel}","templated":true}]}}