{"id":37245,"date":"2025-04-04T11:32:40","date_gmt":"2025-04-04T14:32:40","guid":{"rendered":"https:\/\/indovinya.indoramaventures.com\/catalogos-para-download\/"},"modified":"2025-04-07T08:31:01","modified_gmt":"2025-04-07T11:31:01","slug":"catalogos-para-descargar","status":"publish","type":"page","link":"https:\/\/indovinya.indoramaventures.com\/es\/catalogos-para-descargar\/","title":{"rendered":"Cat\u00e1logos para descargar"},"content":{"rendered":"\t\t<div data-elementor-type=\"wp-page\" data-elementor-id=\"37245\" class=\"elementor elementor-37245 elementor-37233\" data-elementor-post-type=\"page\">\n\t\t\t\t<div class=\"elementor-element elementor-element-803a984 e-con-full e-flex e-con e-parent\" data-id=\"803a984\" data-element_type=\"container\" data-settings=\"{&quot;jet_parallax_layout_list&quot;:[]}\">\n\t\t\t\t<div class=\"elementor-element elementor-element-fa46c61 elementor-widget elementor-widget-template\" data-id=\"fa46c61\" data-element_type=\"widget\" data-widget_type=\"template.default\">\n\t\t\t\t<div class=\"elementor-widget-container\">\n\t\t\t\t\t<div class=\"elementor-template\">\n\t\t\t\t\t<div data-elementor-type=\"page\" data-elementor-id=\"37348\" class=\"elementor elementor-37348 elementor-37274\" data-elementor-post-type=\"elementor_library\">\n\t\t\t\t<div class=\"elementor-element elementor-element-49c35721 e-flex e-con-boxed e-con e-parent\" data-id=\"49c35721\" data-element_type=\"container\" data-settings=\"{&quot;background_background&quot;:&quot;classic&quot;,&quot;jet_parallax_layout_list&quot;:[]}\">\n\t\t\t\t\t<div class=\"e-con-inner\">\n\t\t\t\t<div class=\"elementor-element elementor-element-7a48f0f6 elementor-widget elementor-widget-jet-breadcrumbs\" data-id=\"7a48f0f6\" data-element_type=\"widget\" data-widget_type=\"jet-breadcrumbs.default\">\n\t\t\t\t<div class=\"elementor-widget-container\">\n\t\t\t<div class=\"elementor-jet-breadcrumbs jet-blocks\">\n\t\t<div class=\"jet-breadcrumbs\">\n\t\t<div class=\"jet-breadcrumbs__content\">\n\t\t<div class=\"jet-breadcrumbs__wrap\"><div class=\"jet-breadcrumbs__item\"><a href=\"https:\/\/indovinya.indoramaventures.com\/es\/\" class=\"jet-breadcrumbs__item-link is-home\" rel=\"home\" title=\"Home\">Home<\/a><\/div>\n\t\t<\/div>\n\t\t<\/div>\n\t\t<\/div><\/div>\t\t<\/div>\n\t\t\t\t<\/div>\n\t\t\t\t\t<\/div>\n\t\t\t\t<\/div>\n\t\t<div class=\"elementor-element elementor-element-401f9c9c full-rect-bg e-flex e-con-boxed e-con e-parent\" data-id=\"401f9c9c\" data-element_type=\"container\" data-settings=\"{&quot;background_background&quot;:&quot;classic&quot;,&quot;jet_parallax_layout_list&quot;:[]}\">\n\t\t\t\t\t<div class=\"e-con-inner\">\n\t\t<div class=\"elementor-element elementor-element-199d8768 e-con-full e-flex e-con e-child\" data-id=\"199d8768\" data-element_type=\"container\" data-settings=\"{&quot;background_background&quot;:&quot;classic&quot;,&quot;jet_parallax_layout_list&quot;:[]}\">\n\t\t\t\t<div class=\"elementor-element elementor-element-63b7f3ce elementor-widget-tablet__width-initial elementor-widget elementor-widget-heading\" data-id=\"63b7f3ce\" data-element_type=\"widget\" data-widget_type=\"heading.default\">\n\t\t\t\t<div class=\"elementor-widget-container\">\n\t\t\t<h1 class=\"elementor-heading-title elementor-size-default\">Cat\u00e1logos para descargar<\/h1>\t\t<\/div>\n\t\t\t\t<\/div>\n\t\t\t\t<\/div>\n\t\t\t\t\t<\/div>\n\t\t\t\t<\/div>\n\t\t<div class=\"elementor-element elementor-element-161bb491 condicional-get e-flex e-con-boxed e-con e-parent\" data-id=\"161bb491\" data-element_type=\"container\" data-settings=\"{&quot;jet_parallax_layout_list&quot;:[]}\">\n\t\t\t\t\t<div class=\"e-con-inner\">\n\t\t<div class=\"elementor-element elementor-element-15d6e457 e-con-full e-flex e-con e-child\" data-id=\"15d6e457\" data-element_type=\"container\" data-settings=\"{&quot;jet_parallax_layout_list&quot;:[]}\">\n\t\t\t\t<div class=\"elementor-element elementor-element-7b1e343c elementor-widget__width-initial elementor-widget elementor-widget-heading\" data-id=\"7b1e343c\" data-element_type=\"widget\" data-widget_type=\"heading.default\">\n\t\t\t\t<div class=\"elementor-widget-container\">\n\t\t\t<h2 class=\"elementor-heading-title elementor-size-default\">\u00a1Gracias! \u00a1Su acceso a los materiales ha sido liberado!<\/h2>\t\t<\/div>\n\t\t\t\t<\/div>\n\t\t\t\t<div class=\"elementor-element elementor-element-34975ba5 elementor-widget__width-initial elementor-widget elementor-widget-text-editor\" data-id=\"34975ba5\" data-element_type=\"widget\" data-widget_type=\"text-editor.default\">\n\t\t\t\t<div class=\"elementor-widget-container\">\n\t\t\t\t\t\t\t<p data-start=\"57\" data-end=\"179\">Ahora puede explorar nuestros\u00a0<strong>materiales exclusivos<\/strong>\u00a0y profundizar sus conocimientos sobre nuestras soluciones innovadoras.<\/p><p data-start=\"181\" data-end=\"321\">Si necesita soporte o desea saber m\u00e1s sobre c\u00f3mo nuestras tecnolog\u00edas pueden transformar su negocio, p\u00f3ngase en <a style=\"color: #28a745;\" href=\"https:\/\/indovinya.indoramaventures.com\/es\/contacto\/\" target=\"_blank\" rel=\"noopener\">contacto<\/a> con nuestro equipo.<\/p><p data-start=\"323\" data-end=\"350\" data-is-last-node=\"\" data-is-only-node=\"\">\u00a1Disfrute de las descargas!<\/p>\t\t\t\t\t\t<\/div>\n\t\t\t\t<\/div>\n\t\t\t\t<\/div>\n\t\t<div class=\"elementor-element elementor-element-59639c60 e-con-full e-flex e-con e-child\" data-id=\"59639c60\" data-element_type=\"container\" data-settings=\"{&quot;jet_parallax_layout_list&quot;:[]}\">\n\t\t\t\t<div class=\"elementor-element elementor-element-1485d064 elementor-widget__width-initial elementor-widget-tablet__width-inherit elementor-widget elementor-widget-image\" data-id=\"1485d064\" data-element_type=\"widget\" data-widget_type=\"image.default\">\n\t\t\t\t<div class=\"elementor-widget-container\">\n\t\t\t\t\t\t\t\t\t\t\t\t\t<img fetchpriority=\"high\" decoding=\"async\" width=\"460\" height=\"370\" src=\"https:\/\/indovinya.indoramaventures.com\/wp-content\/uploads\/2025\/03\/downloads-cropsolutions.png\" class=\"attachment-full size-full wp-image-36141\" alt=\"\" srcset=\"https:\/\/indovinya.indoramaventures.com\/wp-content\/uploads\/2025\/03\/downloads-cropsolutions.png 460w, https:\/\/indovinya.indoramaventures.com\/wp-content\/uploads\/2025\/03\/downloads-cropsolutions-300x241.png 300w\" sizes=\"(max-width: 460px) 100vw, 460px\" \/>\t\t\t\t\t\t\t\t\t\t\t\t\t<\/div>\n\t\t\t\t<\/div>\n\t\t\t\t<\/div>\n\t\t\t\t\t<\/div>\n\t\t\t\t<\/div>\n\t\t<div class=\"elementor-element elementor-element-1474f5ea condicional-get-downloads e-con-full e-flex e-con e-parent\" data-id=\"1474f5ea\" data-element_type=\"container\" id=\"ot-bloco-3\" data-settings=\"{&quot;jet_parallax_layout_list&quot;:[],&quot;background_background&quot;:&quot;classic&quot;,&quot;shape_divider_bottom&quot;:&quot;curve&quot;,&quot;shape_divider_bottom_negative&quot;:&quot;yes&quot;}\">\n\t\t\t\t<div class=\"elementor-shape elementor-shape-bottom\" data-negative=\"true\">\n\t\t\t<svg xmlns=\"http:\/\/www.w3.org\/2000\/svg\" viewBox=\"0 0 1000 100\" preserveAspectRatio=\"none\">\n\t<path class=\"elementor-shape-fill\" d=\"M500,97C126.7,96.3,0.8,19.8,0,0v100l1000,0V1C1000,19.4,873.3,97.8,500,97z\"\/>\n<\/svg>\t\t<\/div>\n\t\t<div class=\"elementor-element elementor-element-5c60af75 carousel e-flex e-con-boxed e-con e-child\" data-id=\"5c60af75\" data-element_type=\"container\" data-settings=\"{&quot;jet_parallax_layout_list&quot;:[]}\">\n\t\t\t\t\t<div class=\"e-con-inner\">\n\t\t\t\t<div class=\"elementor-element elementor-element-56c8f54e elementor-widget elementor-widget-heading\" data-id=\"56c8f54e\" data-element_type=\"widget\" data-widget_type=\"heading.default\">\n\t\t\t\t<div class=\"elementor-widget-container\">\n\t\t\t<h2 class=\"elementor-heading-title elementor-size-default\">Descargas<\/h2>\t\t<\/div>\n\t\t\t\t<\/div>\n\t\t\t\t<div class=\"elementor-element elementor-element-543841fb elementor-widget elementor-widget-shortcode\" data-id=\"543841fb\" data-element_type=\"widget\" data-widget_type=\"shortcode.default\">\n\t\t\t\t<div class=\"elementor-widget-container\">\n\t\t\t\t\t<div class=\"elementor-shortcode\"><p style=\"text-align:center;\">Cat\u00e1logo no informado.<\/p><\/div>\n\t\t\t\t<\/div>\n\t\t\t\t<\/div>\n\t\t\t\t\t<\/div>\n\t\t\t\t<\/div>\n\t\t\t\t<\/div>\n\t\t\t\t<\/div>\n\t\t\t\t<\/div>\n\t\t\t\t<\/div>\n\t\t\t\t<\/div>\n\t\t\t\t<\/div>\n\t\t\t\t<\/div>\n\t\t","protected":false},"excerpt":{"rendered":"","protected":false},"author":12,"featured_media":0,"parent":0,"menu_order":0,"comment_status":"closed","ping_status":"closed","template":"","meta":{"_acf_changed":false,"footnotes":""},"categoria-solucoes-mercado":[],"class_list":["post-37245","page","type-page","status-publish","hentry"],"acf":[],"_links":{"self":[{"href":"https:\/\/indovinya.indoramaventures.com\/es\/wp-json\/wp\/v2\/pages\/37245","targetHints":{"allow":["GET"]}}],"collection":[{"href":"https:\/\/indovinya.indoramaventures.com\/es\/wp-json\/wp\/v2\/pages"}],"about":[{"href":"https:\/\/indovinya.indoramaventures.com\/es\/wp-json\/wp\/v2\/types\/page"}],"author":[{"embeddable":true,"href":"https:\/\/indovinya.indoramaventures.com\/es\/wp-json\/wp\/v2\/users\/12"}],"replies":[{"embeddable":true,"href":"https:\/\/indovinya.indoramaventures.com\/es\/wp-json\/wp\/v2\/comments?post=37245"}],"version-history":[{"count":18,"href":"https:\/\/indovinya.indoramaventures.com\/es\/wp-json\/wp\/v2\/pages\/37245\/revisions"}],"predecessor-version":[{"id":37516,"href":"https:\/\/indovinya.indoramaventures.com\/es\/wp-json\/wp\/v2\/pages\/37245\/revisions\/37516"}],"wp:attachment":[{"href":"https:\/\/indovinya.indoramaventures.com\/es\/wp-json\/wp\/v2\/media?parent=37245"}],"wp:term":[{"taxonomy":"categoria-solucoes-mercado","embeddable":true,"href":"https:\/\/indovinya.indoramaventures.com\/es\/wp-json\/wp\/v2\/categoria-solucoes-mercado?post=37245"}],"curies":[{"name":"wp","href":"https:\/\/api.w.org\/{rel}","templated":true}]}}