{"id":1083,"date":"2024-09-13T19:45:45","date_gmt":"2024-09-13T22:45:45","guid":{"rendered":"https:\/\/indovinya.indoramaventures.com\/?page_id=1083"},"modified":"2024-09-19T15:44:23","modified_gmt":"2024-09-19T18:44:23","slug":"termos-de-uso","status":"publish","type":"page","link":"https:\/\/indovinya.indoramaventures.com\/pt-br\/termos-de-uso\/","title":{"rendered":"Termos de Uso"},"content":{"rendered":"\t\t<div data-elementor-type=\"wp-page\" data-elementor-id=\"1083\" class=\"elementor elementor-1083\" data-elementor-post-type=\"page\">\n\t\t\t\t<div class=\"elementor-element elementor-element-a463f03 e-con-full e-flex e-con e-parent\" data-id=\"a463f03\" data-element_type=\"container\" data-settings=\"{&quot;jet_parallax_layout_list&quot;:[]}\">\n\t\t\t\t<div class=\"elementor-element elementor-element-f60feab elementor-widget elementor-widget-template\" data-id=\"f60feab\" data-element_type=\"widget\" data-widget_type=\"template.default\">\n\t\t\t\t<div class=\"elementor-widget-container\">\n\t\t\t\t\t<div class=\"elementor-template\">\n\t\t\t\t\t<div data-elementor-type=\"container\" data-elementor-id=\"29527\" class=\"elementor elementor-29527\" data-elementor-post-type=\"elementor_library\">\n\t\t\t\t<div class=\"elementor-element elementor-element-5c369796 e-flex e-con-boxed e-con e-parent\" data-id=\"5c369796\" data-element_type=\"container\" data-settings=\"{&quot;jet_parallax_layout_list&quot;:[],&quot;background_background&quot;:&quot;classic&quot;}\">\n\t\t\t\t\t<div class=\"e-con-inner\">\n\t\t\t\t<div class=\"elementor-element elementor-element-6cf528af elementor-widget elementor-widget-jet-breadcrumbs\" data-id=\"6cf528af\" data-element_type=\"widget\" data-widget_type=\"jet-breadcrumbs.default\">\n\t\t\t\t<div class=\"elementor-widget-container\">\n\t\t\t<div class=\"elementor-jet-breadcrumbs jet-blocks\">\n\t\t<div class=\"jet-breadcrumbs\">\n\t\t<div class=\"jet-breadcrumbs__content\">\n\t\t<div class=\"jet-breadcrumbs__wrap\"><div class=\"jet-breadcrumbs__item\"><a href=\"https:\/\/indovinya.indoramaventures.com\/pt-br\/\" class=\"jet-breadcrumbs__item-link is-home\" rel=\"home\" title=\"Home\">Home<\/a><\/div>\n\t\t<\/div>\n\t\t<\/div>\n\t\t<\/div><\/div>\t\t<\/div>\n\t\t\t\t<\/div>\n\t\t\t\t\t<\/div>\n\t\t\t\t<\/div>\n\t\t<div class=\"elementor-element elementor-element-9d5733a e-flex e-con-boxed e-con e-parent\" data-id=\"9d5733a\" data-element_type=\"container\" data-settings=\"{&quot;background_background&quot;:&quot;classic&quot;,&quot;jet_parallax_layout_list&quot;:[]}\">\n\t\t\t\t\t<div class=\"e-con-inner\">\n\t\t<div class=\"elementor-element elementor-element-2384d59 e-con-full e-flex e-con e-child\" data-id=\"2384d59\" data-element_type=\"container\" data-settings=\"{&quot;background_background&quot;:&quot;classic&quot;,&quot;jet_parallax_layout_list&quot;:[]}\">\n\t\t\t\t<div class=\"elementor-element elementor-element-faece8e elementor-widget elementor-widget-heading\" data-id=\"faece8e\" data-element_type=\"widget\" data-widget_type=\"heading.default\">\n\t\t\t\t<div class=\"elementor-widget-container\">\n\t\t\t<h1 class=\"elementor-heading-title elementor-size-default\">Termos de Uso<\/h1>\t\t<\/div>\n\t\t\t\t<\/div>\n\t\t\t\t<\/div>\n\t\t\t\t\t<\/div>\n\t\t\t\t<\/div>\n\t\t\t\t<\/div>\n\t\t\t\t<\/div>\n\t\t\t\t<\/div>\n\t\t\t\t<\/div>\n\t\t\t\t<\/div>\n\t\t<div class=\"elementor-element elementor-element-2046262 e-flex e-con-boxed e-con e-parent\" data-id=\"2046262\" data-element_type=\"container\" data-settings=\"{&quot;jet_parallax_layout_list&quot;:[]}\">\n\t\t\t\t\t<div class=\"e-con-inner\">\n\t\t\t\t<div class=\"elementor-element elementor-element-c52df42 elementor-widget elementor-widget-text-editor\" data-id=\"c52df42\" data-element_type=\"widget\" data-widget_type=\"text-editor.default\">\n\t\t\t\t<div class=\"elementor-widget-container\">\n\t\t\t\t\t\t\t<div class=\"block__header\"><h1 class=\"header__title\">Termos e condi\u00e7\u00f5es de uso do site<\/h1><\/div><div class=\"block__text\"><h2>1. Termos<\/h2><p>Ao acessar este site da Indovinya, voc\u00ea concorda com os Termos e condi\u00e7\u00f5es de uso do site, todas as leis e regulamenta\u00e7\u00f5es aplic\u00e1veis, e concorda em ser respons\u00e1vel pela conformidade com as leis locais aplic\u00e1veis. Se voc\u00ea n\u00e3o concordar com algum desses termos, est\u00e1 proibido de usar ou acessar este site. Os materiais contidos neste site est\u00e3o protegidos por direitos autorais e de marcas comerciais aplic\u00e1veis.<\/p><h2>2. Licen\u00e7a de uso<\/h2><p><b>a.<\/b>\u00a0A permiss\u00e3o \u00e9 concedida para exibir ou baixar temporariamente uma c\u00f3pia dos<br \/>materiais (informa\u00e7\u00f5es ou software) no site da Indovinya somente para visualiza\u00e7\u00e3o<br \/>transit\u00f3ria pessoal e n\u00e3o comercial. Esta \u00e9 a concess\u00e3o de uma licen\u00e7a, n\u00e3o uma<br \/>transfer\u00eancia de t\u00edtulo. Sob esta licen\u00e7a, voc\u00ea n\u00e3o pode:<\/p><ul><li>Modificar ou copiar os materiais;<\/li><li>Usar os materiais para qualquer finalidade comercial ou para qualquer exibi\u00e7\u00e3o p\u00fablica (comercial ou n\u00e3o comercial);<\/li><li>Tentar descompilar ou fazer engenharia reversa de qualquer software contido no site da Indovinya;<\/li><li>Remover quaisquer direitos autorais ou outras nota\u00e7\u00f5es de propriedade dos materiais; ou<\/li><li>Transferir os materiais para outra pessoa ou &#8220;espelhar&#8221; os materiais em qualquer outro servidor.<\/li><\/ul><p><b>b.<\/b>\u00a0Esta licen\u00e7a ser\u00e1 automaticamente encerrada se voc\u00ea violar qualquer uma dessas restri\u00e7\u00f5es, al\u00e9m de poder ser encerrada pela Indovinya a qualquer momento. Ap\u00f3s visualizar esses materiais ou ap\u00f3s o t\u00e9rmino desta licen\u00e7a, voc\u00ea deve destruir todos os materiais baixados em sua posse, seja em formato eletr\u00f4nico ou impresso.<\/p><h2>3. Isen\u00e7\u00e3o de responsabilidade<\/h2><p>Os materiais no site da Indovinya s\u00e3o fornecidos \u201cda forma como se encontram\u201d. A<br \/>Indovinya n\u00e3o faz garantias, expressas ou impl\u00edcitas, e ren\u00fancia e anula todas as outras<br \/>garantias, incluindo, sem limita\u00e7\u00e3o, garantias impl\u00edcitas ou condi\u00e7\u00f5es de<br \/>comercializa\u00e7\u00e3o, adequa\u00e7\u00e3o a um prop\u00f3sito espec\u00edfico ou n\u00e3o viola\u00e7\u00e3o de propriedade intelectual ou outra viola\u00e7\u00e3o de direitos. Al\u00e9m disso, a Indovinya n\u00e3o garante ou faz representa\u00e7\u00f5es sobre a precis\u00e3o, os poss\u00edveis resultados ou a confiabilidade do uso dos materiais em seu site na Internet ou de qualquer outra forma relacionada a esses materiais ou a qualquer site vinculado a este site.<\/p><h2>4. Limita\u00e7\u00f5es<\/h2><p>Em nenhuma circunst\u00e2ncia, a Indovinya ou seus fornecedores ser\u00e3o respons\u00e1veis por<br \/>quaisquer danos (incluindo, sem limita\u00e7\u00e3o, danos por perda de dados ou lucro, ou<br \/>devido \u00e0 interrup\u00e7\u00e3o dos neg\u00f3cios) decorrentes do uso ou incapacidade de usar os materiais no site da Indovinya, mesmo que a Indovinya ou um representante autorizado da Indovinya tenha sido notificado oralmente ou por escrito sobre a possibilidade de tal dano. Como algumas jurisdi\u00e7\u00f5es n\u00e3o permitem limita\u00e7\u00f5es em garantias impl\u00edcitas ou limita\u00e7\u00f5es de responsabilidade por danos consequenciais ou incidentais, essas<br \/>limita\u00e7\u00f5es podem n\u00e3o se aplicar a voc\u00ea.<\/p><h2>5. Revis\u00f5es e errata<\/h2><p>Os materiais exibidos no site da Indovinya podem incluir erros t\u00e9cnicos, tipogr\u00e1ficos ou fotogr\u00e1ficos. A Indovinya n\u00e3o garante que nenhum dos materiais em seu site seja exato, completo ou atual. A Indovinya pode fazer altera\u00e7\u00f5es nos materiais contidos em seu site<br \/>a qualquer momento sem aviso pr\u00e9vio. Entretanto, a Indovinya n\u00e3o se compromete em atualizar os materiais.<\/p><h2>6. Links<\/h2><p>A Indovinya n\u00e3o analisou todos os sites vinculados ao seu site, se houver, e n\u00e3o \u00e9<br \/>respons\u00e1vel pelo teor dos sites vinculados. A inclus\u00e3o de qualquer link n\u00e3o implica a<br \/>aprova\u00e7\u00e3o do site pela Indovinya. O uso de qualquer site vinculado \u00e9 do pr\u00f3prio risco do usu\u00e1rio.<\/p><h2>7. Modifica\u00e7\u00f5es dos termos de uso do site<\/h2><p>A Indovinya pode revisar esses termos de uso do site a qualquer momento sem aviso<br \/>pr\u00e9vio. Ao usar este site, voc\u00ea concorda em estar vinculado \u00e0 vers\u00e3o atual destes<br \/>Termos e condi\u00e7\u00f5es de uso.<\/p><h2>8. Lei aplic\u00e1vel<\/h2><p>Qualquer reivindica\u00e7\u00e3o relacionada ao site da Indovinya deve ser regida pelas Leis<br \/>Federais brasileiras do Estado de S\u00e3o Paulo, independentemente da incompatibilidade<br \/>das provis\u00f5es de leis. O Tribunal Federal em S\u00e3o Paulo (ou, se houver jurisdi\u00e7\u00e3o<br \/>federal exclusiva, os tribunais distritais do Brasil l\u00e1 localizados) devem ter jurisdi\u00e7\u00e3o e<br \/>local exclusivos em rela\u00e7\u00e3o a qualquer disputa decorrente ou relacionada a este<br \/>Acordo e as partes concordam e submetem-se \u00e0 jurisdi\u00e7\u00e3o de tais tribunais. CADA PARTE RENUNCIA, NA M\u00c1XIMA EXTENS\u00c3O PERMITIDA PELA LEI, QUALQUER DIREITO DE JULGAMENTO POR J\u00daRI DE QUALQUER REIVINDICA\u00c7\u00c3O, DEMANDA, A\u00c7\u00c3O OU CAUSA DE A\u00c7\u00c3O DECORRENTES DO PRESENTE ACORDO, SEJA POR CONTRATO, DANO, EQUIDADE OU DE OUTRA FORMA.<\/p><\/div>\t\t\t\t\t\t<\/div>\n\t\t\t\t<\/div>\n\t\t\t\t\t<\/div>\n\t\t\t\t<\/div>\n\t\t\t\t<\/div>\n\t\t","protected":false},"excerpt":{"rendered":"<p>Termos e condi\u00e7\u00f5es de uso do site 1. Termos Ao acessar este site da Indovinya, voc\u00ea concorda com os Termos e condi\u00e7\u00f5es de uso do site, todas as leis e regulamenta\u00e7\u00f5es aplic\u00e1veis, e concorda em ser respons\u00e1vel pela conformidade com as leis locais aplic\u00e1veis. Se voc\u00ea n\u00e3o concordar com algum desses termos, est\u00e1 proibido de [&hellip;]<\/p>\n","protected":false},"author":1,"featured_media":0,"parent":0,"menu_order":0,"comment_status":"closed","ping_status":"closed","template":"","meta":{"_acf_changed":false,"footnotes":""},"categoria-solucoes-mercado":[],"class_list":["post-1083","page","type-page","status-publish","hentry"],"acf":[],"_links":{"self":[{"href":"https:\/\/indovinya.indoramaventures.com\/pt-br\/wp-json\/wp\/v2\/pages\/1083","targetHints":{"allow":["GET"]}}],"collection":[{"href":"https:\/\/indovinya.indoramaventures.com\/pt-br\/wp-json\/wp\/v2\/pages"}],"about":[{"href":"https:\/\/indovinya.indoramaventures.com\/pt-br\/wp-json\/wp\/v2\/types\/page"}],"author":[{"embeddable":true,"href":"https:\/\/indovinya.indoramaventures.com\/pt-br\/wp-json\/wp\/v2\/users\/1"}],"replies":[{"embeddable":true,"href":"https:\/\/indovinya.indoramaventures.com\/pt-br\/wp-json\/wp\/v2\/comments?post=1083"}],"version-history":[{"count":7,"href":"https:\/\/indovinya.indoramaventures.com\/pt-br\/wp-json\/wp\/v2\/pages\/1083\/revisions"}],"predecessor-version":[{"id":29772,"href":"https:\/\/indovinya.indoramaventures.com\/pt-br\/wp-json\/wp\/v2\/pages\/1083\/revisions\/29772"}],"wp:attachment":[{"href":"https:\/\/indovinya.indoramaventures.com\/pt-br\/wp-json\/wp\/v2\/media?parent=1083"}],"wp:term":[{"taxonomy":"categoria-solucoes-mercado","embeddable":true,"href":"https:\/\/indovinya.indoramaventures.com\/pt-br\/wp-json\/wp\/v2\/categoria-solucoes-mercado?post=1083"}],"curies":[{"name":"wp","href":"https:\/\/api.w.org\/{rel}","templated":true}]}}