{"id":1206,"date":"2024-09-14T16:27:06","date_gmt":"2024-09-14T19:27:06","guid":{"rendered":"https:\/\/indovinya.indoramaventures.com\/?page_id=1206"},"modified":"2024-09-19T13:46:53","modified_gmt":"2024-09-19T16:46:53","slug":"programa-de-formacao-de-operadores","status":"publish","type":"page","link":"https:\/\/indovinya.indoramaventures.com\/pt-br\/sobre-a-indovinya\/carreiras\/programa-de-formacao-de-operadores\/","title":{"rendered":"Programa de forma\u00e7\u00e3o de operadores"},"content":{"rendered":"\t\t<div data-elementor-type=\"wp-page\" data-elementor-id=\"1206\" class=\"elementor elementor-1206\" data-elementor-post-type=\"page\">\n\t\t\t\t<div class=\"elementor-element elementor-element-2964889 e-con-full e-flex e-con e-parent\" data-id=\"2964889\" data-element_type=\"container\" data-settings=\"{&quot;jet_parallax_layout_list&quot;:[]}\">\n\t\t\t\t<div class=\"elementor-element elementor-element-21d02fc elementor-widget elementor-widget-template\" data-id=\"21d02fc\" data-element_type=\"widget\" data-widget_type=\"template.default\">\n\t\t\t\t<div class=\"elementor-widget-container\">\n\t\t\t\t\t<div class=\"elementor-template\">\n\t\t\t\t\t<div data-elementor-type=\"container\" data-elementor-id=\"29527\" class=\"elementor elementor-29527\" data-elementor-post-type=\"elementor_library\">\n\t\t\t\t<div class=\"elementor-element elementor-element-5c369796 e-flex e-con-boxed e-con e-parent\" data-id=\"5c369796\" data-element_type=\"container\" data-settings=\"{&quot;jet_parallax_layout_list&quot;:[],&quot;background_background&quot;:&quot;classic&quot;}\">\n\t\t\t\t\t<div class=\"e-con-inner\">\n\t\t\t\t<div class=\"elementor-element elementor-element-6cf528af elementor-widget elementor-widget-jet-breadcrumbs\" data-id=\"6cf528af\" data-element_type=\"widget\" data-widget_type=\"jet-breadcrumbs.default\">\n\t\t\t\t<div class=\"elementor-widget-container\">\n\t\t\t<div class=\"elementor-jet-breadcrumbs jet-blocks\">\n\t\t<div class=\"jet-breadcrumbs\">\n\t\t<div class=\"jet-breadcrumbs__content\">\n\t\t<div class=\"jet-breadcrumbs__wrap\"><div class=\"jet-breadcrumbs__item\"><a href=\"https:\/\/indovinya.indoramaventures.com\/pt-br\/\" class=\"jet-breadcrumbs__item-link is-home\" rel=\"home\" title=\"Home\">Home<\/a><\/div>\n\t\t<\/div>\n\t\t<\/div>\n\t\t<\/div><\/div>\t\t<\/div>\n\t\t\t\t<\/div>\n\t\t\t\t\t<\/div>\n\t\t\t\t<\/div>\n\t\t<div class=\"elementor-element elementor-element-9d5733a e-flex e-con-boxed e-con e-parent\" data-id=\"9d5733a\" data-element_type=\"container\" data-settings=\"{&quot;background_background&quot;:&quot;classic&quot;,&quot;jet_parallax_layout_list&quot;:[]}\">\n\t\t\t\t\t<div class=\"e-con-inner\">\n\t\t<div class=\"elementor-element elementor-element-2384d59 e-con-full e-flex e-con e-child\" data-id=\"2384d59\" data-element_type=\"container\" data-settings=\"{&quot;background_background&quot;:&quot;classic&quot;,&quot;jet_parallax_layout_list&quot;:[]}\">\n\t\t\t\t<div class=\"elementor-element elementor-element-faece8e elementor-widget elementor-widget-heading\" data-id=\"faece8e\" data-element_type=\"widget\" data-widget_type=\"heading.default\">\n\t\t\t\t<div class=\"elementor-widget-container\">\n\t\t\t<h1 class=\"elementor-heading-title elementor-size-default\">Programa de forma\u00e7\u00e3o de operadores<\/h1>\t\t<\/div>\n\t\t\t\t<\/div>\n\t\t\t\t<\/div>\n\t\t\t\t\t<\/div>\n\t\t\t\t<\/div>\n\t\t\t\t<\/div>\n\t\t\t\t<\/div>\n\t\t\t\t<\/div>\n\t\t\t\t<\/div>\n\t\t\t\t<\/div>\n\t\t<div class=\"elementor-element elementor-element-ce64cfe e-flex e-con-boxed e-con e-parent\" data-id=\"ce64cfe\" data-element_type=\"container\" data-settings=\"{&quot;jet_parallax_layout_list&quot;:[]}\">\n\t\t\t\t\t<div class=\"e-con-inner\">\n\t\t<div class=\"elementor-element elementor-element-b12949d e-con-full e-flex e-con e-child\" data-id=\"b12949d\" data-element_type=\"container\" data-settings=\"{&quot;jet_parallax_layout_list&quot;:[]}\">\n\t\t\t\t<div class=\"elementor-element elementor-element-003e12f elementor-widget elementor-widget-heading\" data-id=\"003e12f\" data-element_type=\"widget\" data-widget_type=\"heading.default\">\n\t\t\t\t<div class=\"elementor-widget-container\">\n\t\t\t<h2 class=\"elementor-heading-title elementor-size-default\">Um processo seletivo que investe no futuro da ind\u00fastria e no seu.<\/h2>\t\t<\/div>\n\t\t\t\t<\/div>\n\t\t\t\t<div class=\"elementor-element elementor-element-46fc9fe elementor-widget__width-initial elementor-widget elementor-widget-text-editor\" data-id=\"46fc9fe\" data-element_type=\"widget\" data-widget_type=\"text-editor.default\">\n\t\t\t\t<div class=\"elementor-widget-container\">\n\t\t\t\t\t\t\t<p>Em parceria com escolas t\u00e9cnicas, a Indovinya possui um programa dedicado para formar novos operadores. Com objetivo de valorizar e capacitar as posi\u00e7\u00f5es de base, o desenvolvimento conta com ensino em sala de aula e pr\u00e1ticas nas f\u00e1bricas.<\/p>\t\t\t\t\t\t<\/div>\n\t\t\t\t<\/div>\n\t\t\t\t<\/div>\n\t\t<div class=\"elementor-element elementor-element-aabf3db e-con-full e-flex e-con e-child\" data-id=\"aabf3db\" data-element_type=\"container\" data-settings=\"{&quot;jet_parallax_layout_list&quot;:[]}\">\n\t\t\t\t<div class=\"elementor-element elementor-element-50cb8f9 elementor-widget elementor-widget-image\" data-id=\"50cb8f9\" data-element_type=\"widget\" data-widget_type=\"image.default\">\n\t\t\t\t<div class=\"elementor-widget-container\">\n\t\t\t\t\t\t\t\t\t\t\t\t\t<img fetchpriority=\"high\" decoding=\"async\" width=\"800\" height=\"408\" src=\"https:\/\/indovinya.indoramaventures.com\/wp-content\/uploads\/2024\/09\/Imagem-1-1024x522.png\" class=\"attachment-large size-large wp-image-1211\" alt=\"\" srcset=\"https:\/\/indovinya.indoramaventures.com\/wp-content\/uploads\/2024\/09\/Imagem-1-1024x522.png 1024w, https:\/\/indovinya.indoramaventures.com\/wp-content\/uploads\/2024\/09\/Imagem-1-768x391.png 768w\" sizes=\"(max-width: 800px) 100vw, 800px\" \/>\t\t\t\t\t\t\t\t\t\t\t\t\t<\/div>\n\t\t\t\t<\/div>\n\t\t\t\t<\/div>\n\t\t\t\t\t<\/div>\n\t\t\t\t<\/div>\n\t\t<div class=\"elementor-element elementor-element-30b9d58 e-flex e-con-boxed e-con e-parent\" data-id=\"30b9d58\" data-element_type=\"container\" data-settings=\"{&quot;background_background&quot;:&quot;classic&quot;,&quot;jet_parallax_layout_list&quot;:[]}\">\n\t\t\t\t\t<div class=\"e-con-inner\">\n\t\t<div class=\"elementor-element elementor-element-58bb437 e-con-full e-flex e-con e-child\" data-id=\"58bb437\" data-element_type=\"container\" data-settings=\"{&quot;jet_parallax_layout_list&quot;:[]}\">\n\t\t\t\t<div class=\"elementor-element elementor-element-0ecea6c elementor-widget elementor-widget-heading\" data-id=\"0ecea6c\" data-element_type=\"widget\" data-widget_type=\"heading.default\">\n\t\t\t\t<div class=\"elementor-widget-container\">\n\t\t\t<h2 class=\"elementor-heading-title elementor-size-default\">Cidades em que o programa acontece<\/h2>\t\t<\/div>\n\t\t\t\t<\/div>\n\t\t\t\t<div class=\"elementor-element elementor-element-46e59a2 elementor-widget__width-initial elementor-widget elementor-widget-text-editor\" data-id=\"46e59a2\" data-element_type=\"widget\" data-widget_type=\"text-editor.default\">\n\t\t\t\t<div class=\"elementor-widget-container\">\n\t\t\t\t\t\t\t<p>A troca de conhecimentos entre os profissionais das diversas unidades \u00e9 muito incentivada pela Indovinya e a pr\u00e1tica faz parte da cultura da empresa. O Programa de Forma\u00e7\u00e3o de Operadores \u00e9 realizado nas seguintes unidades industriais:<\/p><ul><li>Mau\u00e1 &#8211; SP<\/li><li>Suzano &#8211; SP<\/li><li>Triunfo &#8211; RS<\/li><li>Cama\u00e7ari &#8211; BA<\/li><\/ul>\t\t\t\t\t\t<\/div>\n\t\t\t\t<\/div>\n\t\t\t\t<\/div>\n\t\t<div class=\"elementor-element elementor-element-cb17c10 e-con-full e-flex e-con e-child\" data-id=\"cb17c10\" data-element_type=\"container\" data-settings=\"{&quot;jet_parallax_layout_list&quot;:[]}\">\n\t\t\t\t<div class=\"elementor-element elementor-element-5e07d3a elementor-widget elementor-widget-image\" data-id=\"5e07d3a\" data-element_type=\"widget\" data-widget_type=\"image.default\">\n\t\t\t\t<div class=\"elementor-widget-container\">\n\t\t\t\t\t\t\t\t\t\t\t\t\t<img decoding=\"async\" width=\"746\" height=\"558\" src=\"https:\/\/indovinya.indoramaventures.com\/wp-content\/uploads\/2024\/09\/Tecnico-sem-arte.jpg\" class=\"attachment-large size-large wp-image-1214\" alt=\"\" srcset=\"https:\/\/indovinya.indoramaventures.com\/wp-content\/uploads\/2024\/09\/Tecnico-sem-arte.jpg 746w, https:\/\/indovinya.indoramaventures.com\/wp-content\/uploads\/2024\/09\/Tecnico-sem-arte-300x224.jpg 300w\" sizes=\"(max-width: 746px) 100vw, 746px\" \/>\t\t\t\t\t\t\t\t\t\t\t\t\t<\/div>\n\t\t\t\t<\/div>\n\t\t\t\t<\/div>\n\t\t\t\t\t<\/div>\n\t\t\t\t<\/div>\n\t\t<div class=\"elementor-element elementor-element-1c98af2 e-flex e-con-boxed e-con e-parent\" data-id=\"1c98af2\" data-element_type=\"container\" data-settings=\"{&quot;background_background&quot;:&quot;classic&quot;,&quot;jet_parallax_layout_list&quot;:[]}\">\n\t\t\t\t\t<div class=\"e-con-inner\">\n\t\t\t\t<div class=\"elementor-element elementor-element-349c65a elementor-widget__width-initial elementor-widget elementor-widget-heading\" data-id=\"349c65a\" data-element_type=\"widget\" data-widget_type=\"heading.default\">\n\t\t\t\t<div class=\"elementor-widget-container\">\n\t\t\t<h2 class=\"elementor-heading-title elementor-size-default\">Principais benef\u00edcios de trabalhar na Indovinya<\/h2>\t\t<\/div>\n\t\t\t\t<\/div>\n\t\t<div class=\"elementor-element elementor-element-49ec58c e-con-full e-flex e-con e-child\" data-id=\"49ec58c\" data-element_type=\"container\" data-settings=\"{&quot;jet_parallax_layout_list&quot;:[]}\">\n\t\t<div class=\"elementor-element elementor-element-5e528a4 e-con-full e-flex e-con e-child\" data-id=\"5e528a4\" data-element_type=\"container\" data-settings=\"{&quot;background_background&quot;:&quot;classic&quot;,&quot;jet_parallax_layout_list&quot;:[]}\">\n\t\t<div class=\"elementor-element elementor-element-5cda149 e-con-full e-flex e-con e-child\" data-id=\"5cda149\" data-element_type=\"container\" data-settings=\"{&quot;jet_parallax_layout_list&quot;:[],&quot;background_background&quot;:&quot;classic&quot;}\">\n\t\t\t\t<div class=\"elementor-element elementor-element-df71b9b elementor-widget elementor-widget-image\" data-id=\"df71b9b\" data-element_type=\"widget\" data-widget_type=\"image.default\">\n\t\t\t\t<div class=\"elementor-widget-container\">\n\t\t\t\t\t\t\t\t\t\t\t\t\t<img decoding=\"async\" width=\"24\" height=\"25\" src=\"https:\/\/indovinya.indoramaventures.com\/wp-content\/uploads\/2024\/09\/previdencia-privada.png\" class=\"attachment-large size-large wp-image-1194\" alt=\"\" \/>\t\t\t\t\t\t\t\t\t\t\t\t\t<\/div>\n\t\t\t\t<\/div>\n\t\t\t\t<div class=\"elementor-element elementor-element-6c76c3d elementor-widget elementor-widget-heading\" data-id=\"6c76c3d\" data-element_type=\"widget\" data-widget_type=\"heading.default\">\n\t\t\t\t<div class=\"elementor-widget-container\">\n\t\t\t<p class=\"elementor-heading-title elementor-size-default\">Seguro de vida<\/p>\t\t<\/div>\n\t\t\t\t<\/div>\n\t\t\t\t<\/div>\n\t\t\t\t<\/div>\n\t\t<div class=\"elementor-element elementor-element-e499f70 e-con-full e-flex e-con e-child\" data-id=\"e499f70\" data-element_type=\"container\" data-settings=\"{&quot;background_background&quot;:&quot;classic&quot;,&quot;jet_parallax_layout_list&quot;:[]}\">\n\t\t<div class=\"elementor-element elementor-element-2151a86 e-con-full e-flex e-con e-child\" data-id=\"2151a86\" data-element_type=\"container\" data-settings=\"{&quot;jet_parallax_layout_list&quot;:[],&quot;background_background&quot;:&quot;classic&quot;}\">\n\t\t\t\t<div class=\"elementor-element elementor-element-a56124c elementor-widget elementor-widget-image\" data-id=\"a56124c\" data-element_type=\"widget\" data-widget_type=\"image.default\">\n\t\t\t\t<div class=\"elementor-widget-container\">\n\t\t\t\t\t\t\t\t\t\t\t\t\t<img loading=\"lazy\" decoding=\"async\" width=\"20\" height=\"24\" src=\"https:\/\/indovinya.indoramaventures.com\/wp-content\/uploads\/2024\/09\/vale-refeicao.png\" class=\"attachment-large size-large wp-image-1152\" alt=\"\" \/>\t\t\t\t\t\t\t\t\t\t\t\t\t<\/div>\n\t\t\t\t<\/div>\n\t\t\t\t<div class=\"elementor-element elementor-element-71d321e elementor-widget elementor-widget-heading\" data-id=\"71d321e\" data-element_type=\"widget\" data-widget_type=\"heading.default\">\n\t\t\t\t<div class=\"elementor-widget-container\">\n\t\t\t<p class=\"elementor-heading-title elementor-size-default\">Refeit\u00f3rio no local<\/p>\t\t<\/div>\n\t\t\t\t<\/div>\n\t\t\t\t<\/div>\n\t\t\t\t<\/div>\n\t\t<div class=\"elementor-element elementor-element-7c430d9 e-con-full e-flex e-con e-child\" data-id=\"7c430d9\" data-element_type=\"container\" data-settings=\"{&quot;background_background&quot;:&quot;classic&quot;,&quot;jet_parallax_layout_list&quot;:[]}\">\n\t\t<div class=\"elementor-element elementor-element-caf237b e-con-full e-flex e-con e-child\" data-id=\"caf237b\" data-element_type=\"container\" data-settings=\"{&quot;jet_parallax_layout_list&quot;:[],&quot;background_background&quot;:&quot;classic&quot;}\">\n\t\t\t\t<div class=\"elementor-element elementor-element-859f286 elementor-widget elementor-widget-image\" data-id=\"859f286\" data-element_type=\"widget\" data-widget_type=\"image.default\">\n\t\t\t\t<div class=\"elementor-widget-container\">\n\t\t\t\t\t\t\t\t\t\t\t\t\t<img loading=\"lazy\" decoding=\"async\" width=\"24\" height=\"24\" src=\"https:\/\/indovinya.indoramaventures.com\/wp-content\/uploads\/2024\/09\/auxilio-transporte.png\" class=\"attachment-large size-large wp-image-1149\" alt=\"\" \/>\t\t\t\t\t\t\t\t\t\t\t\t\t<\/div>\n\t\t\t\t<\/div>\n\t\t\t\t<div class=\"elementor-element elementor-element-0503349 elementor-widget elementor-widget-heading\" data-id=\"0503349\" data-element_type=\"widget\" data-widget_type=\"heading.default\">\n\t\t\t\t<div class=\"elementor-widget-container\">\n\t\t\t<p class=\"elementor-heading-title elementor-size-default\">Aux\u00edlio-Transporte<\/p>\t\t<\/div>\n\t\t\t\t<\/div>\n\t\t\t\t<\/div>\n\t\t\t\t<\/div>\n\t\t<div class=\"elementor-element elementor-element-d13450a e-con-full e-flex e-con e-child\" data-id=\"d13450a\" data-element_type=\"container\" data-settings=\"{&quot;background_background&quot;:&quot;classic&quot;,&quot;jet_parallax_layout_list&quot;:[]}\">\n\t\t<div class=\"elementor-element elementor-element-bdc742d e-con-full e-flex e-con e-child\" data-id=\"bdc742d\" data-element_type=\"container\" data-settings=\"{&quot;jet_parallax_layout_list&quot;:[],&quot;background_background&quot;:&quot;classic&quot;}\">\n\t\t\t\t<div class=\"elementor-element elementor-element-f200853 elementor-widget elementor-widget-image\" data-id=\"f200853\" data-element_type=\"widget\" data-widget_type=\"image.default\">\n\t\t\t\t<div class=\"elementor-widget-container\">\n\t\t\t\t\t\t\t\t\t\t\t\t\t<img loading=\"lazy\" decoding=\"async\" width=\"24\" height=\"23\" src=\"https:\/\/indovinya.indoramaventures.com\/wp-content\/uploads\/2024\/09\/seguro-vida.png\" class=\"attachment-large size-large wp-image-1155\" alt=\"\" \/>\t\t\t\t\t\t\t\t\t\t\t\t\t<\/div>\n\t\t\t\t<\/div>\n\t\t\t\t<div class=\"elementor-element elementor-element-c257511 elementor-widget elementor-widget-heading\" data-id=\"c257511\" data-element_type=\"widget\" data-widget_type=\"heading.default\">\n\t\t\t\t<div class=\"elementor-widget-container\">\n\t\t\t<p class=\"elementor-heading-title elementor-size-default\">Plano de sa\u00fade<\/p>\t\t<\/div>\n\t\t\t\t<\/div>\n\t\t\t\t<\/div>\n\t\t\t\t<\/div>\n\t\t\t\t<\/div>\n\t\t\t\t\t<\/div>\n\t\t\t\t<\/div>\n\t\t<div class=\"elementor-element elementor-element-e0b6714 e-flex e-con-boxed e-con e-parent\" data-id=\"e0b6714\" data-element_type=\"container\" data-settings=\"{&quot;background_background&quot;:&quot;classic&quot;,&quot;jet_parallax_layout_list&quot;:[]}\">\n\t\t\t\t\t<div class=\"e-con-inner\">\n\t\t\t\t<div class=\"elementor-element elementor-element-d5e9d10 elementor-widget__width-initial elementor-widget elementor-widget-heading\" data-id=\"d5e9d10\" data-element_type=\"widget\" data-widget_type=\"heading.default\">\n\t\t\t\t<div class=\"elementor-widget-container\">\n\t\t\t<h2 class=\"elementor-heading-title elementor-size-default\">Etapas do processo seletivo<\/h2>\t\t<\/div>\n\t\t\t\t<\/div>\n\t\t\t\t<div class=\"elementor-element elementor-element-c84651f elementor-widget__width-initial elementor-widget elementor-widget-text-editor\" data-id=\"c84651f\" data-element_type=\"widget\" data-widget_type=\"text-editor.default\">\n\t\t\t\t<div class=\"elementor-widget-container\">\n\t\t\t\t\t\t\t<p>Com o prop\u00f3sito de captar os melhores profissionais do mercado, aptos a se desenvolverem junto com a empresa, o Programa de Forma\u00e7\u00e3o de Operadores da Indovinya passa por 4 etapas.<\/p>\t\t\t\t\t\t<\/div>\n\t\t\t\t<\/div>\n\t\t<div class=\"elementor-element elementor-element-a2d5437 e-con-full e-flex e-con e-child\" data-id=\"a2d5437\" data-element_type=\"container\" data-settings=\"{&quot;jet_parallax_layout_list&quot;:[]}\">\n\t\t<div class=\"elementor-element elementor-element-375610b e-con-full e-flex e-con e-child\" data-id=\"375610b\" data-element_type=\"container\" data-settings=\"{&quot;background_background&quot;:&quot;classic&quot;,&quot;jet_parallax_layout_list&quot;:[]}\">\n\t\t<div class=\"elementor-element elementor-element-2157236 e-con-full e-flex e-con e-child\" data-id=\"2157236\" data-element_type=\"container\" data-settings=\"{&quot;jet_parallax_layout_list&quot;:[],&quot;background_background&quot;:&quot;classic&quot;}\">\n\t\t\t\t<div class=\"elementor-element elementor-element-8feba73 elementor-widget elementor-widget-heading\" data-id=\"8feba73\" data-element_type=\"widget\" data-widget_type=\"heading.default\">\n\t\t\t\t<div class=\"elementor-widget-container\">\n\t\t\t<p class=\"elementor-heading-title elementor-size-default\">1.<\/p>\t\t<\/div>\n\t\t\t\t<\/div>\n\t\t\t\t<div class=\"elementor-element elementor-element-77688bb elementor-widget elementor-widget-heading\" data-id=\"77688bb\" data-element_type=\"widget\" data-widget_type=\"heading.default\">\n\t\t\t\t<div class=\"elementor-widget-container\">\n\t\t\t<p class=\"elementor-heading-title elementor-size-default\">As escolas t\u00e9cnicas abrem o edital para as inscri\u00e7\u00f5es a cada seis meses<\/p>\t\t<\/div>\n\t\t\t\t<\/div>\n\t\t\t\t<\/div>\n\t\t\t\t<\/div>\n\t\t<div class=\"elementor-element elementor-element-12fa71d e-con-full e-flex e-con e-child\" data-id=\"12fa71d\" data-element_type=\"container\" data-settings=\"{&quot;background_background&quot;:&quot;classic&quot;,&quot;jet_parallax_layout_list&quot;:[]}\">\n\t\t<div class=\"elementor-element elementor-element-b3c715a e-con-full e-flex e-con e-child\" data-id=\"b3c715a\" data-element_type=\"container\" data-settings=\"{&quot;jet_parallax_layout_list&quot;:[],&quot;background_background&quot;:&quot;classic&quot;}\">\n\t\t\t\t<div class=\"elementor-element elementor-element-dfce98f elementor-widget elementor-widget-heading\" data-id=\"dfce98f\" data-element_type=\"widget\" data-widget_type=\"heading.default\">\n\t\t\t\t<div class=\"elementor-widget-container\">\n\t\t\t<p class=\"elementor-heading-title elementor-size-default\">2.<\/p>\t\t<\/div>\n\t\t\t\t<\/div>\n\t\t\t\t<div class=\"elementor-element elementor-element-864741d elementor-widget elementor-widget-heading\" data-id=\"864741d\" data-element_type=\"widget\" data-widget_type=\"heading.default\">\n\t\t\t\t<div class=\"elementor-widget-container\">\n\t\t\t<p class=\"elementor-heading-title elementor-size-default\">Triagem de curr\u00edculos<\/p>\t\t<\/div>\n\t\t\t\t<\/div>\n\t\t\t\t<\/div>\n\t\t\t\t<\/div>\n\t\t<div class=\"elementor-element elementor-element-606eb87 e-con-full e-flex e-con e-child\" data-id=\"606eb87\" data-element_type=\"container\" data-settings=\"{&quot;background_background&quot;:&quot;classic&quot;,&quot;jet_parallax_layout_list&quot;:[]}\">\n\t\t<div class=\"elementor-element elementor-element-c1f1004 e-con-full e-flex e-con e-child\" data-id=\"c1f1004\" data-element_type=\"container\" data-settings=\"{&quot;jet_parallax_layout_list&quot;:[],&quot;background_background&quot;:&quot;classic&quot;}\">\n\t\t\t\t<div class=\"elementor-element elementor-element-179b3f6 elementor-widget elementor-widget-heading\" data-id=\"179b3f6\" data-element_type=\"widget\" data-widget_type=\"heading.default\">\n\t\t\t\t<div class=\"elementor-widget-container\">\n\t\t\t<p class=\"elementor-heading-title elementor-size-default\">3.<\/p>\t\t<\/div>\n\t\t\t\t<\/div>\n\t\t\t\t<div class=\"elementor-element elementor-element-e27e2a6 elementor-widget elementor-widget-heading\" data-id=\"e27e2a6\" data-element_type=\"widget\" data-widget_type=\"heading.default\">\n\t\t\t\t<div class=\"elementor-widget-container\">\n\t\t\t<p class=\"elementor-heading-title elementor-size-default\">Din\u00e2mica de grupo<\/p>\t\t<\/div>\n\t\t\t\t<\/div>\n\t\t\t\t<\/div>\n\t\t\t\t<\/div>\n\t\t<div class=\"elementor-element elementor-element-30f0c92 e-con-full e-flex e-con e-child\" data-id=\"30f0c92\" data-element_type=\"container\" data-settings=\"{&quot;background_background&quot;:&quot;classic&quot;,&quot;jet_parallax_layout_list&quot;:[]}\">\n\t\t<div class=\"elementor-element elementor-element-42e31da e-con-full e-flex e-con e-child\" data-id=\"42e31da\" data-element_type=\"container\" data-settings=\"{&quot;jet_parallax_layout_list&quot;:[],&quot;background_background&quot;:&quot;classic&quot;}\">\n\t\t\t\t<div class=\"elementor-element elementor-element-c8fc117 elementor-widget elementor-widget-heading\" data-id=\"c8fc117\" data-element_type=\"widget\" data-widget_type=\"heading.default\">\n\t\t\t\t<div class=\"elementor-widget-container\">\n\t\t\t<p class=\"elementor-heading-title elementor-size-default\">4.<\/p>\t\t<\/div>\n\t\t\t\t<\/div>\n\t\t\t\t<div class=\"elementor-element elementor-element-7b8bcbe elementor-widget elementor-widget-heading\" data-id=\"7b8bcbe\" data-element_type=\"widget\" data-widget_type=\"heading.default\">\n\t\t\t\t<div class=\"elementor-widget-container\">\n\t\t\t<p class=\"elementor-heading-title elementor-size-default\">Entrevistas com RH e gestores<\/p>\t\t<\/div>\n\t\t\t\t<\/div>\n\t\t\t\t<\/div>\n\t\t\t\t<\/div>\n\t\t\t\t<\/div>\n\t\t\t\t\t<\/div>\n\t\t\t\t<\/div>\n\t\t\t\t<\/div>\n\t\t","protected":false},"excerpt":{"rendered":"<p>Um processo seletivo que investe no futuro da ind\u00fastria e no seu. Em parceria com escolas t\u00e9cnicas, a Indovinya possui um programa dedicado para formar novos operadores. Com objetivo de valorizar e capacitar as posi\u00e7\u00f5es de base, o desenvolvimento conta com ensino em sala de aula e pr\u00e1ticas nas f\u00e1bricas. Cidades em que o programa [&hellip;]<\/p>\n","protected":false},"author":1,"featured_media":0,"parent":172,"menu_order":0,"comment_status":"closed","ping_status":"closed","template":"","meta":{"_acf_changed":false,"footnotes":""},"categoria-solucoes-mercado":[],"class_list":["post-1206","page","type-page","status-publish","hentry"],"acf":[],"_links":{"self":[{"href":"https:\/\/indovinya.indoramaventures.com\/pt-br\/wp-json\/wp\/v2\/pages\/1206","targetHints":{"allow":["GET"]}}],"collection":[{"href":"https:\/\/indovinya.indoramaventures.com\/pt-br\/wp-json\/wp\/v2\/pages"}],"about":[{"href":"https:\/\/indovinya.indoramaventures.com\/pt-br\/wp-json\/wp\/v2\/types\/page"}],"author":[{"embeddable":true,"href":"https:\/\/indovinya.indoramaventures.com\/pt-br\/wp-json\/wp\/v2\/users\/1"}],"replies":[{"embeddable":true,"href":"https:\/\/indovinya.indoramaventures.com\/pt-br\/wp-json\/wp\/v2\/comments?post=1206"}],"version-history":[{"count":10,"href":"https:\/\/indovinya.indoramaventures.com\/pt-br\/wp-json\/wp\/v2\/pages\/1206\/revisions"}],"predecessor-version":[{"id":29643,"href":"https:\/\/indovinya.indoramaventures.com\/pt-br\/wp-json\/wp\/v2\/pages\/1206\/revisions\/29643"}],"up":[{"embeddable":true,"href":"https:\/\/indovinya.indoramaventures.com\/pt-br\/wp-json\/wp\/v2\/pages\/172"}],"wp:attachment":[{"href":"https:\/\/indovinya.indoramaventures.com\/pt-br\/wp-json\/wp\/v2\/media?parent=1206"}],"wp:term":[{"taxonomy":"categoria-solucoes-mercado","embeddable":true,"href":"https:\/\/indovinya.indoramaventures.com\/pt-br\/wp-json\/wp\/v2\/categoria-solucoes-mercado?post=1206"}],"curies":[{"name":"wp","href":"https:\/\/api.w.org\/{rel}","templated":true}]}}