{"id":32388,"date":"2024-10-24T12:19:53","date_gmt":"2024-10-24T15:19:53","guid":{"rendered":"https:\/\/indovinya.indoramaventures.com\/?page_id=32388"},"modified":"2024-10-24T16:06:36","modified_gmt":"2024-10-24T19:06:36","slug":"webinar-desafios-de-formulacao-para-mercados-industriais-tensao-interfacial-e-formacao-de-gel","status":"publish","type":"page","link":"https:\/\/indovinya.indoramaventures.com\/pt-br\/mercados\/industrial-applications\/webinar-desafios-de-formulacao-para-mercados-industriais-tensao-interfacial-e-formacao-de-gel\/","title":{"rendered":"Webinar: Desafios de formula\u00e7\u00e3o para mercados industriais &#8211; Tens\u00e3o Interfacial e Forma\u00e7\u00e3o de Gel"},"content":{"rendered":"\t\t<div data-elementor-type=\"wp-page\" data-elementor-id=\"32388\" class=\"elementor elementor-32388\" data-elementor-post-type=\"page\">\n\t\t\t\t<div class=\"elementor-element elementor-element-9b1fc02 e-flex e-con-boxed e-con e-parent\" data-id=\"9b1fc02\" data-element_type=\"container\" data-settings=\"{&quot;jet_parallax_layout_list&quot;:[],&quot;background_background&quot;:&quot;classic&quot;}\">\n\t\t\t\t\t<div class=\"e-con-inner\">\n\t\t\t\t<div class=\"elementor-element elementor-element-45cf6e9c elementor-widget elementor-widget-jet-breadcrumbs\" data-id=\"45cf6e9c\" data-element_type=\"widget\" data-widget_type=\"jet-breadcrumbs.default\">\n\t\t\t\t<div class=\"elementor-widget-container\">\n\t\t\t<div class=\"elementor-jet-breadcrumbs jet-blocks\">\n\t\t<div class=\"jet-breadcrumbs\">\n\t\t<div class=\"jet-breadcrumbs__content\">\n\t\t<div class=\"jet-breadcrumbs__wrap\"><div class=\"jet-breadcrumbs__item\"><a href=\"https:\/\/indovinya.indoramaventures.com\/pt-br\/\" class=\"jet-breadcrumbs__item-link is-home\" rel=\"home\" title=\"Home\">Home<\/a><\/div>\n\t\t<\/div>\n\t\t<\/div>\n\t\t<\/div><\/div>\t\t<\/div>\n\t\t\t\t<\/div>\n\t\t\t\t<div class=\"elementor-element elementor-element-861f2a9 elementor-widget elementor-widget-heading\" data-id=\"861f2a9\" data-element_type=\"widget\" data-widget_type=\"heading.default\">\n\t\t\t\t<div class=\"elementor-widget-container\">\n\t\t\t<h1 class=\"elementor-heading-title elementor-size-default\">Webinar: Industrial Applications<\/h1>\t\t<\/div>\n\t\t\t\t<\/div>\n\t\t\t\t\t<\/div>\n\t\t\t\t<\/div>\n\t\t<div class=\"elementor-element elementor-element-93ea6ca e-flex e-con-boxed e-con e-parent\" data-id=\"93ea6ca\" data-element_type=\"container\" data-settings=\"{&quot;jet_parallax_layout_list&quot;:[]}\">\n\t\t\t\t\t<div class=\"e-con-inner\">\n\t\t<div class=\"elementor-element elementor-element-b02914b e-con-full e-flex e-con e-child\" data-id=\"b02914b\" data-element_type=\"container\" data-settings=\"{&quot;jet_parallax_layout_list&quot;:[]}\">\n\t\t\t\t<div class=\"elementor-element elementor-element-9c225f7 elementor-widget__width-initial elementor-widget elementor-widget-heading\" data-id=\"9c225f7\" data-element_type=\"widget\" data-widget_type=\"heading.default\">\n\t\t\t\t<div class=\"elementor-widget-container\">\n\t\t\t<h2 class=\"elementor-heading-title elementor-size-default\">Desafios de formula\u00e7\u00e3o para mercados industriais - Tens\u00e3o Interfacial e Forma\u00e7\u00e3o de Gel\n<\/h2>\t\t<\/div>\n\t\t\t\t<\/div>\n\t\t\t\t<div class=\"elementor-element elementor-element-c774476 elementor-widget__width-initial elementor-widget elementor-widget-text-editor\" data-id=\"c774476\" data-element_type=\"widget\" data-widget_type=\"text-editor.default\">\n\t\t\t\t<div class=\"elementor-widget-container\">\n\t\t\t\t\t\t\t<p>Assista a grava\u00e7\u00e3o do webinar clicando no v\u00eddeo ao lado!<\/p>\t\t\t\t\t\t<\/div>\n\t\t\t\t<\/div>\n\t\t\t\t<div class=\"elementor-element elementor-element-368f9bc elementor-widget elementor-widget-button\" data-id=\"368f9bc\" data-element_type=\"widget\" data-widget_type=\"button.default\">\n\t\t\t\t<div class=\"elementor-widget-container\">\n\t\t\t\t\t<div class=\"elementor-button-wrapper\">\n\t\t\t<a class=\"elementor-button elementor-button-link elementor-size-sm\" href=\"https:\/\/indovinya.indoramaventures.com\/wp-content\/uploads\/2024\/10\/Apresentacao-Webinar-Industrial-Applications-1.pdf\" target=\"_blank\">\n\t\t\t\t\t\t<span class=\"elementor-button-content-wrapper\">\n\t\t\t\t\t\t<span class=\"elementor-button-icon\">\n\t\t\t\t<svg aria-hidden=\"true\" class=\"e-font-icon-svg e-fas-long-arrow-alt-right\" viewBox=\"0 0 448 512\" xmlns=\"http:\/\/www.w3.org\/2000\/svg\"><path d=\"M313.941 216H12c-6.627 0-12 5.373-12 12v56c0 6.627 5.373 12 12 12h301.941v46.059c0 21.382 25.851 32.09 40.971 16.971l86.059-86.059c9.373-9.373 9.373-24.569 0-33.941l-86.059-86.059c-15.119-15.119-40.971-4.411-40.971 16.971V216z\"><\/path><\/svg>\t\t\t<\/span>\n\t\t\t\t\t\t\t\t\t<span class=\"elementor-button-text\">Clique aqui para acessar a apresenta\u00e7\u00e3o<\/span>\n\t\t\t\t\t<\/span>\n\t\t\t\t\t<\/a>\n\t\t<\/div>\n\t\t\t\t<\/div>\n\t\t\t\t<\/div>\n\t\t\t\t<div class=\"elementor-element elementor-element-f8d018c elementor-widget elementor-widget-button\" data-id=\"f8d018c\" data-element_type=\"widget\" data-widget_type=\"button.default\">\n\t\t\t\t<div class=\"elementor-widget-container\">\n\t\t\t\t\t<div class=\"elementor-button-wrapper\">\n\t\t\t<a class=\"elementor-button elementor-button-link elementor-size-sm\" href=\"https:\/\/indovinya.indoramaventures.com\/wp-content\/uploads\/2024\/10\/LAMINA-ALKONAT-CE-500.pdf\" target=\"_blank\">\n\t\t\t\t\t\t<span class=\"elementor-button-content-wrapper\">\n\t\t\t\t\t\t<span class=\"elementor-button-icon\">\n\t\t\t\t<svg aria-hidden=\"true\" class=\"e-font-icon-svg e-fas-long-arrow-alt-right\" viewBox=\"0 0 448 512\" xmlns=\"http:\/\/www.w3.org\/2000\/svg\"><path d=\"M313.941 216H12c-6.627 0-12 5.373-12 12v56c0 6.627 5.373 12 12 12h301.941v46.059c0 21.382 25.851 32.09 40.971 16.971l86.059-86.059c9.373-9.373 9.373-24.569 0-33.941l-86.059-86.059c-15.119-15.119-40.971-4.411-40.971 16.971V216z\"><\/path><\/svg>\t\t\t<\/span>\n\t\t\t\t\t\t\t\t\t<span class=\"elementor-button-text\">ALKONAT CE 500<\/span>\n\t\t\t\t\t<\/span>\n\t\t\t\t\t<\/a>\n\t\t<\/div>\n\t\t\t\t<\/div>\n\t\t\t\t<\/div>\n\t\t\t\t<div class=\"elementor-element elementor-element-47b3986 elementor-widget elementor-widget-button\" data-id=\"47b3986\" data-element_type=\"widget\" data-widget_type=\"button.default\">\n\t\t\t\t<div class=\"elementor-widget-container\">\n\t\t\t\t\t<div class=\"elementor-button-wrapper\">\n\t\t\t<a class=\"elementor-button elementor-button-link elementor-size-sm\" href=\"https:\/\/indovinya.indoramaventures.com\/wp-content\/uploads\/2024\/10\/LAMINA-ALKOSYNT-S.pdf\" target=\"_blank\">\n\t\t\t\t\t\t<span class=\"elementor-button-content-wrapper\">\n\t\t\t\t\t\t<span class=\"elementor-button-icon\">\n\t\t\t\t<svg aria-hidden=\"true\" class=\"e-font-icon-svg e-fas-long-arrow-alt-right\" viewBox=\"0 0 448 512\" xmlns=\"http:\/\/www.w3.org\/2000\/svg\"><path d=\"M313.941 216H12c-6.627 0-12 5.373-12 12v56c0 6.627 5.373 12 12 12h301.941v46.059c0 21.382 25.851 32.09 40.971 16.971l86.059-86.059c9.373-9.373 9.373-24.569 0-33.941l-86.059-86.059c-15.119-15.119-40.971-4.411-40.971 16.971V216z\"><\/path><\/svg>\t\t\t<\/span>\n\t\t\t\t\t\t\t\t\t<span class=\"elementor-button-text\">ALKOSYNT S<\/span>\n\t\t\t\t\t<\/span>\n\t\t\t\t\t<\/a>\n\t\t<\/div>\n\t\t\t\t<\/div>\n\t\t\t\t<\/div>\n\t\t\t\t<\/div>\n\t\t<div class=\"elementor-element elementor-element-1191227 e-con-full e-flex e-con e-child\" data-id=\"1191227\" data-element_type=\"container\" data-settings=\"{&quot;jet_parallax_layout_list&quot;:[]}\">\n\t\t\t\t<div class=\"elementor-element elementor-element-3c649f6 elementor-widget elementor-widget-video\" data-id=\"3c649f6\" data-element_type=\"widget\" data-settings=\"{&quot;youtube_url&quot;:&quot;https:\\\/\\\/youtu.be\\\/2XwlDgJ_eWE&quot;,&quot;show_image_overlay&quot;:&quot;yes&quot;,&quot;image_overlay&quot;:{&quot;url&quot;:&quot;https:\\\/\\\/indovinya.indoramaventures.com\\\/wp-content\\\/uploads\\\/2024\\\/10\\\/AdobeStock_963160546.jpeg&quot;,&quot;id&quot;:31484,&quot;size&quot;:&quot;&quot;,&quot;alt&quot;:&quot;&quot;,&quot;source&quot;:&quot;library&quot;},&quot;lightbox&quot;:&quot;yes&quot;,&quot;video_type&quot;:&quot;youtube&quot;}\" data-widget_type=\"video.default\">\n\t\t\t\t<div class=\"elementor-widget-container\">\n\t\t\t\t\t<div class=\"elementor-wrapper elementor-open-lightbox\">\n\t\t\t\t\t\t\t<div class=\"elementor-custom-embed-image-overlay\" data-elementor-open-lightbox=\"yes\" data-elementor-lightbox=\"{&quot;type&quot;:&quot;video&quot;,&quot;videoType&quot;:&quot;youtube&quot;,&quot;url&quot;:&quot;https:\\\/\\\/www.youtube.com\\\/embed\\\/2XwlDgJ_eWE?feature=oembed&amp;start&amp;end&amp;wmode=opaque&amp;loop=0&amp;controls=0&amp;mute=0&amp;rel=0&amp;modestbranding=0&quot;,&quot;autoplay&quot;:&quot;&quot;,&quot;modalOptions&quot;:{&quot;id&quot;:&quot;elementor-lightbox-3c649f6&quot;,&quot;entranceAnimation&quot;:&quot;&quot;,&quot;entranceAnimation_tablet&quot;:&quot;&quot;,&quot;entranceAnimation_mobile&quot;:&quot;&quot;,&quot;videoAspectRatio&quot;:&quot;32&quot;}}\" data-e-action-hash=\"#elementor-action%3Aaction%3Dlightbox%26settings%3DeyJ0eXBlIjoidmlkZW8iLCJ2aWRlb1R5cGUiOiJ5b3V0dWJlIiwidXJsIjoiaHR0cHM6XC9cL3d3dy55b3V0dWJlLmNvbVwvZW1iZWRcLzJYd2xEZ0pfZVdFP2ZlYXR1cmU9b2VtYmVkJnN0YXJ0JmVuZCZ3bW9kZT1vcGFxdWUmbG9vcD0wJmNvbnRyb2xzPTAmbXV0ZT0wJnJlbD0wJm1vZGVzdGJyYW5kaW5nPTAiLCJhdXRvcGxheSI6IiIsIm1vZGFsT3B0aW9ucyI6eyJpZCI6ImVsZW1lbnRvci1saWdodGJveC0zYzY0OWY2IiwiZW50cmFuY2VBbmltYXRpb24iOiIiLCJlbnRyYW5jZUFuaW1hdGlvbl90YWJsZXQiOiIiLCJlbnRyYW5jZUFuaW1hdGlvbl9tb2JpbGUiOiIiLCJ2aWRlb0FzcGVjdFJhdGlvIjoiMzIifX0%3D\">\n\t\t\t\t\t\t\t\t\t\t\t<img fetchpriority=\"high\" decoding=\"async\" width=\"1920\" height=\"764\" src=\"https:\/\/indovinya.indoramaventures.com\/wp-content\/uploads\/2024\/10\/AdobeStock_963160546.jpeg\" class=\"attachment-full size-full wp-image-31484\" alt=\"\" srcset=\"https:\/\/indovinya.indoramaventures.com\/wp-content\/uploads\/2024\/10\/AdobeStock_963160546.jpeg 1920w, https:\/\/indovinya.indoramaventures.com\/wp-content\/uploads\/2024\/10\/AdobeStock_963160546-300x119.jpeg 300w, https:\/\/indovinya.indoramaventures.com\/wp-content\/uploads\/2024\/10\/AdobeStock_963160546-1024x407.jpeg 1024w, https:\/\/indovinya.indoramaventures.com\/wp-content\/uploads\/2024\/10\/AdobeStock_963160546-768x306.jpeg 768w, https:\/\/indovinya.indoramaventures.com\/wp-content\/uploads\/2024\/10\/AdobeStock_963160546-1536x611.jpeg 1536w\" sizes=\"(max-width: 1920px) 100vw, 1920px\" \/>\t\t\t\t\t\t\t\t\t\t\t\t\t\t\t\t<div class=\"elementor-custom-embed-play\" role=\"button\" aria-label=\"Reproduzir v\u00eddeo\" tabindex=\"0\">\n\t\t\t\t\t\t\t<svg aria-hidden=\"true\" class=\"e-font-icon-svg e-eicon-play\" viewBox=\"0 0 1000 1000\" xmlns=\"http:\/\/www.w3.org\/2000\/svg\"><path d=\"M838 162C746 71 633 25 500 25 371 25 258 71 163 162 71 254 25 367 25 500 25 633 71 746 163 837 254 929 367 979 500 979 633 979 746 933 838 837 929 746 975 633 975 500 975 367 929 254 838 162M808 192C892 279 933 379 933 500 933 621 892 725 808 808 725 892 621 938 500 938 379 938 279 896 196 808 113 725 67 621 67 500 67 379 108 279 196 192 279 108 383 62 500 62 621 62 721 108 808 192M438 392V642L642 517 438 392Z\"><\/path><\/svg>\t\t\t\t\t\t\t<span class=\"elementor-screen-only\">Reproduzir v\u00eddeo<\/span>\n\t\t\t\t\t\t<\/div>\n\t\t\t\t\t\t\t\t\t<\/div>\n\t\t\t\t\t<\/div>\n\t\t\t\t<\/div>\n\t\t\t\t<\/div>\n\t\t\t\t<\/div>\n\t\t\t\t\t<\/div>\n\t\t\t\t<\/div>\n\t\t\t\t<\/div>\n\t\t","protected":false},"excerpt":{"rendered":"<p>Home Webinar: Industrial Applications Desafios de formula\u00e7\u00e3o para mercados industriais &#8211; Tens\u00e3o Interfacial e Forma\u00e7\u00e3o de Gel Assista a grava\u00e7\u00e3o do webinar clicando no v\u00eddeo ao lado! Clique aqui para acessar a apresenta\u00e7\u00e3o ALKONAT CE 500 ALKOSYNT S<\/p>\n","protected":false},"author":3,"featured_media":0,"parent":625,"menu_order":0,"comment_status":"closed","ping_status":"closed","template":"","meta":{"_acf_changed":false,"footnotes":""},"categoria-solucoes-mercado":[273],"class_list":["post-32388","page","type-page","status-publish","hentry","categoria-solucoes-mercado-industrial-applications"],"acf":[],"_links":{"self":[{"href":"https:\/\/indovinya.indoramaventures.com\/pt-br\/wp-json\/wp\/v2\/pages\/32388","targetHints":{"allow":["GET"]}}],"collection":[{"href":"https:\/\/indovinya.indoramaventures.com\/pt-br\/wp-json\/wp\/v2\/pages"}],"about":[{"href":"https:\/\/indovinya.indoramaventures.com\/pt-br\/wp-json\/wp\/v2\/types\/page"}],"author":[{"embeddable":true,"href":"https:\/\/indovinya.indoramaventures.com\/pt-br\/wp-json\/wp\/v2\/users\/3"}],"replies":[{"embeddable":true,"href":"https:\/\/indovinya.indoramaventures.com\/pt-br\/wp-json\/wp\/v2\/comments?post=32388"}],"version-history":[{"count":7,"href":"https:\/\/indovinya.indoramaventures.com\/pt-br\/wp-json\/wp\/v2\/pages\/32388\/revisions"}],"predecessor-version":[{"id":32483,"href":"https:\/\/indovinya.indoramaventures.com\/pt-br\/wp-json\/wp\/v2\/pages\/32388\/revisions\/32483"}],"up":[{"embeddable":true,"href":"https:\/\/indovinya.indoramaventures.com\/pt-br\/wp-json\/wp\/v2\/pages\/625"}],"wp:attachment":[{"href":"https:\/\/indovinya.indoramaventures.com\/pt-br\/wp-json\/wp\/v2\/media?parent=32388"}],"wp:term":[{"taxonomy":"categoria-solucoes-mercado","embeddable":true,"href":"https:\/\/indovinya.indoramaventures.com\/pt-br\/wp-json\/wp\/v2\/categoria-solucoes-mercado?post=32388"}],"curies":[{"name":"wp","href":"https:\/\/api.w.org\/{rel}","templated":true}]}}