{"id":34538,"date":"2025-01-24T15:00:00","date_gmt":"2025-01-24T18:00:00","guid":{"rendered":"https:\/\/indovinya.indoramaventures.com\/?page_id=34538"},"modified":"2025-02-07T17:35:49","modified_gmt":"2025-02-07T20:35:49","slug":"lex","status":"publish","type":"page","link":"https:\/\/indovinya.indoramaventures.com\/pt-br\/sobre-a-indovinya\/carreiras-rh\/lex\/","title":{"rendered":"LEX"},"content":{"rendered":"\t\t<div data-elementor-type=\"wp-page\" data-elementor-id=\"34538\" class=\"elementor elementor-34538\" data-elementor-post-type=\"page\">\n\t\t\t\t<div class=\"elementor-element elementor-element-aa79b03 e-flex e-con-boxed e-con e-parent\" data-id=\"aa79b03\" data-element_type=\"container\" data-settings=\"{&quot;background_background&quot;:&quot;classic&quot;,&quot;jet_parallax_layout_list&quot;:[]}\">\n\t\t\t\t\t<div class=\"e-con-inner\">\n\t\t\t\t<div class=\"elementor-element elementor-element-93e4f58 elementor-widget__width-initial elementor-widget elementor-widget-heading\" data-id=\"93e4f58\" data-element_type=\"widget\" data-widget_type=\"heading.default\">\n\t\t\t\t<div class=\"elementor-widget-container\">\n\t\t\t<h2 class=\"elementor-heading-title elementor-size-default\">Confira mais sobre as plataformas educacionais da Indovinya<\/h2>\t\t<\/div>\n\t\t\t\t<\/div>\n\t\t\t\t\t<\/div>\n\t\t\t\t<\/div>\n\t\t<div class=\"elementor-element elementor-element-30a948f e-flex e-con-boxed e-con e-parent\" data-id=\"30a948f\" data-element_type=\"container\" data-settings=\"{&quot;jet_parallax_layout_list&quot;:[]}\">\n\t\t\t\t\t<div class=\"e-con-inner\">\n\t\t<div class=\"elementor-element elementor-element-9749963 e-con-full e-flex e-con e-child\" data-id=\"9749963\" data-element_type=\"container\" data-settings=\"{&quot;jet_parallax_layout_list&quot;:[]}\">\n\t\t\t\t<div class=\"elementor-element elementor-element-5866eff elementor-widget__width-initial elementor-widget elementor-widget-text-editor\" data-id=\"5866eff\" data-element_type=\"widget\" data-widget_type=\"text-editor.default\">\n\t\t\t\t<div class=\"elementor-widget-container\">\n\t\t\t\t\t\t\t<p>Oferece cursos e forma\u00e7\u00e3o exclusivos para que os colaboradores se desenvolvam continuamente a n\u00edvel profissional e pessoal. Transforma a jornada de aprendizagem, ajudando-o a assumir a lideran\u00e7a na sua carreira, incentivando a aprendizagem em rede, o interc\u00e2mbio e a gest\u00e3o do conhecimento. Abre espa\u00e7o para o debate, a reflex\u00e3o e a proposta de pr\u00e1ticas e solu\u00e7\u00f5es inovadoras atrav\u00e9s de cinco centros de aprendizagem:<\/p>\t\t\t\t\t\t<\/div>\n\t\t\t\t<\/div>\n\t\t\t\t<\/div>\n\t\t<div class=\"elementor-element elementor-element-abb5a56 e-con-full e-flex e-con e-child\" data-id=\"abb5a56\" data-element_type=\"container\" data-settings=\"{&quot;jet_parallax_layout_list&quot;:[]}\">\n\t\t\t\t<div class=\"elementor-element elementor-element-896204c elementor-widget elementor-widget-video\" data-id=\"896204c\" data-element_type=\"widget\" data-settings=\"{&quot;youtube_url&quot;:&quot;https:\\\/\\\/www.youtube.com\\\/watch?v=_FjE3cja3g0&quot;,&quot;video_type&quot;:&quot;youtube&quot;,&quot;controls&quot;:&quot;yes&quot;}\" data-widget_type=\"video.default\">\n\t\t\t\t<div class=\"elementor-widget-container\">\n\t\t\t\t\t<div class=\"elementor-wrapper elementor-open-inline\">\n\t\t\t<div class=\"elementor-video\"><\/div>\t\t<\/div>\n\t\t\t\t<\/div>\n\t\t\t\t<\/div>\n\t\t\t\t<\/div>\n\t\t\t\t\t<\/div>\n\t\t\t\t<\/div>\n\t\t<div class=\"elementor-element elementor-element-bbfa028 e-flex e-con-boxed e-con e-parent\" data-id=\"bbfa028\" data-element_type=\"container\" data-settings=\"{&quot;background_background&quot;:&quot;classic&quot;,&quot;jet_parallax_layout_list&quot;:[]}\">\n\t\t\t\t\t<div class=\"e-con-inner\">\n\t\t\t\t<div class=\"elementor-element elementor-element-ff58d11 elementor-widget elementor-widget-jet-carousel\" data-id=\"ff58d11\" data-element_type=\"widget\" data-settings=\"{&quot;slides_to_show&quot;:&quot;3&quot;,&quot;slides_to_show_tablet&quot;:&quot;2&quot;,&quot;slides_to_show_mobile&quot;:&quot;1&quot;,&quot;slides_to_scroll&quot;:&quot;1&quot;}\" data-widget_type=\"jet-carousel.default\">\n\t\t\t\t<div class=\"elementor-widget-container\">\n\t\t\t<div class=\"elementor-jet-carousel jet-elements\"><div class=\"jet-carousel-wrap jet-equal-cols\">\n\t<div class=\"jet-carousel\" data-slider_options=\"{&quot;autoplaySpeed&quot;:5000,&quot;autoplay&quot;:true,&quot;infinite&quot;:true,&quot;centerMode&quot;:false,&quot;centerPadding&quot;:&quot;50px&quot;,&quot;pauseOnHover&quot;:false,&quot;speed&quot;:500,&quot;arrows&quot;:true,&quot;dots&quot;:false,&quot;variableWidth&quot;:false,&quot;prevArrow&quot;:&quot;.jet-carousel__prev-arrow-ff58d11&quot;,&quot;nextArrow&quot;:&quot;.jet-carousel__next-arrow-ff58d11&quot;,&quot;rtl&quot;:false,&quot;fractionNav&quot;:false}\" dir=\"ltr\">\n\t<div class=\"elementor-slick-slider\">\n\n<div class=\"jet-carousel__item\">\n\t<div class=\"jet-carousel__item-inner\"><div class=\"jet-carousel__content\">\t\t<div data-elementor-type=\"section\" data-elementor-id=\"34662\" class=\"elementor elementor-34662\" data-elementor-post-type=\"elementor_library\">\n\t\t\t<div class=\"elementor-element elementor-element-032c2b7 e-flex e-con-boxed e-con e-parent\" data-id=\"032c2b7\" data-element_type=\"container\" data-settings=\"{&quot;jet_parallax_layout_list&quot;:[]}\">\n\t\t\t\t\t<div class=\"e-con-inner\">\n\t\t<div class=\"elementor-element elementor-element-dc1a93e e-con-full e-flex e-con e-child\" data-id=\"dc1a93e\" data-element_type=\"container\" data-settings=\"{&quot;background_background&quot;:&quot;classic&quot;,&quot;jet_parallax_layout_list&quot;:[]}\">\n\t\t<div class=\"elementor-element elementor-element-346f25d e-con-full e-flex e-con e-child\" data-id=\"346f25d\" data-element_type=\"container\" data-settings=\"{&quot;background_background&quot;:&quot;classic&quot;,&quot;jet_parallax_layout_list&quot;:[]}\">\n\t\t\t\t<\/div>\n\t\t<div class=\"elementor-element elementor-element-596b656 e-con-full e-flex e-con e-child\" data-id=\"596b656\" data-element_type=\"container\" data-settings=\"{&quot;jet_parallax_layout_list&quot;:[]}\">\n\t\t\t\t<div class=\"elementor-element elementor-element-32d6733 elementor-widget elementor-widget-text-editor\" data-id=\"32d6733\" data-element_type=\"widget\" data-widget_type=\"text-editor.default\">\n\t\t\t\t<div class=\"elementor-widget-container\">\n\t\t\t\t\t\t\t<p>Ligar os colaboradores \u00e0 cultura, vis\u00e3o empresarial e estrat\u00e9gia da Indovinya para gerar significado e um sentimento de pertencimento.<\/p>\t\t\t\t\t\t<\/div>\n\t\t\t\t<\/div>\n\t\t\t\t<\/div>\n\t\t\t\t<\/div>\n\t\t\t\t\t<\/div>\n\t\t\t\t<\/div>\n\t\t\t\t<\/div>\n\t\t<\/div><\/div>\n<\/div>\n\n<div class=\"jet-carousel__item\">\n\t<div class=\"jet-carousel__item-inner\"><div class=\"jet-carousel__content\">\t\t<div data-elementor-type=\"section\" data-elementor-id=\"34669\" class=\"elementor elementor-34669\" data-elementor-post-type=\"elementor_library\">\n\t\t\t<div class=\"elementor-element elementor-element-e8bf1ea e-flex e-con-boxed e-con e-parent\" data-id=\"e8bf1ea\" data-element_type=\"container\" data-settings=\"{&quot;jet_parallax_layout_list&quot;:[]}\">\n\t\t\t\t\t<div class=\"e-con-inner\">\n\t\t<div class=\"elementor-element elementor-element-2254c95 e-con-full e-flex e-con e-child\" data-id=\"2254c95\" data-element_type=\"container\" data-settings=\"{&quot;background_background&quot;:&quot;classic&quot;,&quot;jet_parallax_layout_list&quot;:[]}\">\n\t\t<div class=\"elementor-element elementor-element-ad3c06c e-con-full e-flex e-con e-child\" data-id=\"ad3c06c\" data-element_type=\"container\" data-settings=\"{&quot;background_background&quot;:&quot;classic&quot;,&quot;jet_parallax_layout_list&quot;:[]}\">\n\t\t\t\t<\/div>\n\t\t<div class=\"elementor-element elementor-element-e05c60d e-con-full e-flex e-con e-child\" data-id=\"e05c60d\" data-element_type=\"container\" data-settings=\"{&quot;jet_parallax_layout_list&quot;:[]}\">\n\t\t\t\t<div class=\"elementor-element elementor-element-7fc7766 elementor-widget elementor-widget-text-editor\" data-id=\"7fc7766\" data-element_type=\"widget\" data-widget_type=\"text-editor.default\">\n\t\t\t\t<div class=\"elementor-widget-container\">\n\t\t\t\t\t\t\t<p>Desenvolvimento de l\u00edderes inspiradores e de equipes e sucessores de elevado desempenho.<\/p>\t\t\t\t\t\t<\/div>\n\t\t\t\t<\/div>\n\t\t\t\t<\/div>\n\t\t\t\t<\/div>\n\t\t\t\t\t<\/div>\n\t\t\t\t<\/div>\n\t\t\t\t<\/div>\n\t\t<\/div><\/div>\n<\/div>\n\n<div class=\"jet-carousel__item\">\n\t<div class=\"jet-carousel__item-inner\"><div class=\"jet-carousel__content\">\t\t<div data-elementor-type=\"section\" data-elementor-id=\"34673\" class=\"elementor elementor-34673\" data-elementor-post-type=\"elementor_library\">\n\t\t\t<div class=\"elementor-element elementor-element-036c510 e-flex e-con-boxed e-con e-parent\" data-id=\"036c510\" data-element_type=\"container\" data-settings=\"{&quot;jet_parallax_layout_list&quot;:[]}\">\n\t\t\t\t\t<div class=\"e-con-inner\">\n\t\t<div class=\"elementor-element elementor-element-b2af63f e-con-full e-flex e-con e-child\" data-id=\"b2af63f\" data-element_type=\"container\" data-settings=\"{&quot;background_background&quot;:&quot;classic&quot;,&quot;jet_parallax_layout_list&quot;:[]}\">\n\t\t<div class=\"elementor-element elementor-element-589b9fd e-con-full e-flex e-con e-child\" data-id=\"589b9fd\" data-element_type=\"container\" data-settings=\"{&quot;background_background&quot;:&quot;classic&quot;,&quot;jet_parallax_layout_list&quot;:[]}\">\n\t\t\t\t<\/div>\n\t\t<div class=\"elementor-element elementor-element-84a5fad e-con-full e-flex e-con e-child\" data-id=\"84a5fad\" data-element_type=\"container\" data-settings=\"{&quot;jet_parallax_layout_list&quot;:[]}\">\n\t\t\t\t<div class=\"elementor-element elementor-element-d10e3e1 elementor-widget elementor-widget-text-editor\" data-id=\"d10e3e1\" data-element_type=\"widget\" data-widget_type=\"text-editor.default\">\n\t\t\t\t<div class=\"elementor-widget-container\">\n\t\t\t\t\t\t\t<p><span style=\"font-weight: 400;\">Criar equipes centradas no cliente com foco nas vendas e na co-cria\u00e7\u00e3o.<\/span><\/p>\t\t\t\t\t\t<\/div>\n\t\t\t\t<\/div>\n\t\t\t\t<\/div>\n\t\t\t\t<\/div>\n\t\t\t\t\t<\/div>\n\t\t\t\t<\/div>\n\t\t\t\t<\/div>\n\t\t<\/div><\/div>\n<\/div>\n\n<div class=\"jet-carousel__item\">\n\t<div class=\"jet-carousel__item-inner\"><div class=\"jet-carousel__content\">\t\t<div data-elementor-type=\"section\" data-elementor-id=\"34674\" class=\"elementor elementor-34674\" data-elementor-post-type=\"elementor_library\">\n\t\t\t<div class=\"elementor-element elementor-element-c60e1a7 e-flex e-con-boxed e-con e-parent\" data-id=\"c60e1a7\" data-element_type=\"container\" data-settings=\"{&quot;jet_parallax_layout_list&quot;:[]}\">\n\t\t\t\t\t<div class=\"e-con-inner\">\n\t\t<div class=\"elementor-element elementor-element-634ff25 e-con-full e-flex e-con e-child\" data-id=\"634ff25\" data-element_type=\"container\" data-settings=\"{&quot;background_background&quot;:&quot;classic&quot;,&quot;jet_parallax_layout_list&quot;:[]}\">\n\t\t<div class=\"elementor-element elementor-element-59cbb5f e-con-full e-flex e-con e-child\" data-id=\"59cbb5f\" data-element_type=\"container\" data-settings=\"{&quot;background_background&quot;:&quot;classic&quot;,&quot;jet_parallax_layout_list&quot;:[]}\">\n\t\t\t\t<\/div>\n\t\t<div class=\"elementor-element elementor-element-eefc7ba e-con-full e-flex e-con e-child\" data-id=\"eefc7ba\" data-element_type=\"container\" data-settings=\"{&quot;jet_parallax_layout_list&quot;:[]}\">\n\t\t\t\t<div class=\"elementor-element elementor-element-dfa1c8d elementor-widget elementor-widget-text-editor\" data-id=\"dfa1c8d\" data-element_type=\"widget\" data-widget_type=\"text-editor.default\">\n\t\t\t\t<div class=\"elementor-widget-container\">\n\t\t\t\t\t\t\t<p><span style=\"font-weight: 400;\">Capacitar os trabalhadores das unidades industriais e \u00e1reas de interface com compet\u00eancias pr\u00e1ticas.<\/span><\/p>\t\t\t\t\t\t<\/div>\n\t\t\t\t<\/div>\n\t\t\t\t<\/div>\n\t\t\t\t<\/div>\n\t\t\t\t\t<\/div>\n\t\t\t\t<\/div>\n\t\t\t\t<\/div>\n\t\t<\/div><\/div>\n<\/div>\n\n<div class=\"jet-carousel__item\">\n\t<div class=\"jet-carousel__item-inner\"><div class=\"jet-carousel__content\">\t\t<div data-elementor-type=\"section\" data-elementor-id=\"34675\" class=\"elementor elementor-34675\" data-elementor-post-type=\"elementor_library\">\n\t\t\t<div class=\"elementor-element elementor-element-dcbffb9 e-flex e-con-boxed e-con e-parent\" data-id=\"dcbffb9\" data-element_type=\"container\" data-settings=\"{&quot;jet_parallax_layout_list&quot;:[]}\">\n\t\t\t\t\t<div class=\"e-con-inner\">\n\t\t<div class=\"elementor-element elementor-element-de001af e-con-full e-flex e-con e-child\" data-id=\"de001af\" data-element_type=\"container\" data-settings=\"{&quot;background_background&quot;:&quot;classic&quot;,&quot;jet_parallax_layout_list&quot;:[]}\">\n\t\t<div class=\"elementor-element elementor-element-1f083e3 e-con-full e-flex e-con e-child\" data-id=\"1f083e3\" data-element_type=\"container\" data-settings=\"{&quot;background_background&quot;:&quot;classic&quot;,&quot;jet_parallax_layout_list&quot;:[]}\">\n\t\t\t\t<\/div>\n\t\t<div class=\"elementor-element elementor-element-66de374 e-con-full e-flex e-con e-child\" data-id=\"66de374\" data-element_type=\"container\" data-settings=\"{&quot;jet_parallax_layout_list&quot;:[]}\">\n\t\t\t\t<div class=\"elementor-element elementor-element-99cdbfc elementor-widget elementor-widget-text-editor\" data-id=\"99cdbfc\" data-element_type=\"widget\" data-widget_type=\"text-editor.default\">\n\t\t\t\t<div class=\"elementor-widget-container\">\n\t\t\t\t\t\t\t<p><span style=\"font-weight: 400;\">Dotar os funcion\u00e1rios de conhecimentos, ferramentas e m\u00e9todos para a efici\u00eancia e excel\u00eancia na execu\u00e7\u00e3o e gest\u00e3o.<\/span><\/p>\t\t\t\t\t\t<\/div>\n\t\t\t\t<\/div>\n\t\t\t\t<\/div>\n\t\t\t\t<\/div>\n\t\t\t\t\t<\/div>\n\t\t\t\t<\/div>\n\t\t\t\t<\/div>\n\t\t<\/div><\/div>\n<\/div>\n<\/div><div class=\"jet-carousel__prev-arrow-ff58d11 jet-arrow prev-arrow\"><svg xmlns=\"http:\/\/www.w3.org\/2000\/svg\" xmlns:xlink=\"http:\/\/www.w3.org\/1999\/xlink\" width=\"228\" height=\"439\" viewBox=\"0 0 228 439\"><image id=\"Camada_1_copiar\" data-name=\"Camada 1 copiar\" x=\"8\" y=\"4\" width=\"216\" height=\"426\" xlink:href=\"data:img\/png;base64,iVBORw0KGgoAAAANSUhEUgAAANgAAAGqCAYAAABpvYqTAAAOS0lEQVR4nO3de6hlZRnH8d8cRdR0pKk8mYlipFIZ\/ZGYJhWl2R8KXYiK1PKSdDNQtAgjLCu6zJChEWFZiREakVCp5ZiaaRclSigSQiLRiTIGLdMazVi6lu7Z776svfda632e5\/1+\/jr7eQc563i+rMvZe60NOvwcAZjoQEn7SnqGpMck3TLpH82y64w1oDR7S3qbpFMkHSNpw9j2PyzpN5Kuk\/RDSb+d9\/NhDwZImyR9RNIH6r1VW7+S9EFJd0z792vJBCjLhyTdK+nDC8ZVOVLS7ZIuTVYIDIXbXdL1kr5Uf72KMyT9QtLG8f8GgaFEe0m6UdKxHW77KyTdIGmP0SGBoTRVXD+tg+jayyVdNXpxZBetH8VvGErRxHVEj9t7iKQdzSV99mAoxRBxNT4maX8RGAoxZFyqL5p8SgSGAgwdV+NkSfsQGCLLFZeeuL4hnUBgiCpnXI0TCQwRWYirchiBIRorcVWeS2CIxFJclXUCQxTW4qrsIDBEYDGuyl8IDN5ZjatyH4HBM8txVW4lMHhlPa7KNQQGjzzEtb16Rz2BwRsPcVU+J97sC2e8xHWfpItEYHDES1yV0yT9RwQGJzzFda6kHzcvCAzWeYrra5K2jA4IDJZ5iutySWeODwkMVnmKq7rx6LslPT6+wL3pYZG3uJI9V4M9GKwJE5cIDMZ4iuuSeXGJwGCIt7jOSqYTEBgs8BTX5rZxicBggLe4zkumMxAYcvIU12cXjUsEhoy8xfXRZNoCgSGHIuISgSGDYuISgWFgRcUlAsOAiotLBIaBFBmXCAwDKDYuERh6VnRcIjD0qPi4RGDoCXHVCAxdI64RBIYuEdcYAkNXiGsCAkMXiGsKAsOqiGsGAsMqiGsOAsOyiKsFAsMyiKslAsOiiGsBBIZFENeCCAxtEdcSCAxtENeSCAzzENcKCAyzENeKCAzTEFcHCAyTEFdHCAzjiKtDBIZRxNUxAkODuHpAYBBx9YfAQFw9IrCyeYrrIm9xicCK5i2us5OpAwRWJuIaCIGVh7gGRGBlIa6BEVg5iCsDAisDcWVCYPERV0YEFhtxZUZgcRGXAQQWE3EZQWDxEJchBBYLcRlDYHEQl0EEFgNxGUVg\/hGXYQTmG3EZR2B+EZcDBOYTcTlBYP4QlyME5gtxOUNgfhCXQwTmA3E5RWD2EZdjBGYbcTlHYHYRVwAEZhNxBUFg9hBXIARmC3EFQ2B2EFdABGYDcQVFYPkRV2AElhdxBUdg+RBXAQgsD+IqBIENj7gKQmDDIq7CENhwiKtABDYM4ioUgfWPuApGYP0irsIRWH+ICwTWE09xfYW4+kNg3fMW1\/uTKTpDYN0iLuyEwLpDXEgQWDeICxMR2OqIC1MR2GqICzMR2PKIC3MR2HKIC60Q2OKIC60R2GKICwshsPaICwsjsHaIC0shsPmIC0sjsNmICyshsOmICysjsMmIC50gsBRxoTMEtjPiQqcI7GnEhc4R2JOIC70gMOJCj0oPjLjQq5IDIy70rtTAiAuDKDEw4sJgSgtsI3FhSCUFVsW1lbgwpF0L+WlXcd0s6WXJij3EFUgJezDiQjbRAyMuZBU5MOJCdlEDIy6YEDEw4oIZ0QIjLpgSKTDigjlRAiMumBQhMOKCWd4DIy6Y5jkw4oJ5XgMjLrjgMTDighveAvMU12XEBU+BeYvrjGSK4ngJzGNcjycrKI6HwIgLblkPjLjgmuXAiAvuWQ2MuBCCxcCIC2FYC4y4EIqlwIgL4VgJjLgQkoXAiAth5Q6MuBBazsCIC+HlCoy4UIQcgREXijF0YMSFogwZGHGhOEMFRlwo0hCBEReK1XdgxIWi9RkYcaF4fQVGXCieegqMuIBa14ERFzCiy8CICxjTVWDEBUzQRWDEBUyxamDEBcywSmDEBcyxbGDEBbSw6xI\/pD0lbXUU1+nJFBjIonuw3ST9SNIRyYo9PEII2S0S2C6SvifpNcmKPRwWwoRFAvuGpBOSqT1frw8LiQvZtQ3svZJOTqb2VHuu9\/BrBSvaBHaIpC8mU3s4LIQ58wLbrT7v2j1ZsYW4YNK8y\/SflPSSZGoLl+Jh1qw92KGSzk2mtnApHqbNCuyy+tK8VRwWwrxpgb1T0tHJ1A7iggvTzsG+kEzs+CbnXPBi0h6s2jPsl0xt+DZxwZPxwDZIOt\/o91\/FdYqk\/yUrgFHjgb1J0kEGv1XigkvjgZ1lcCOqc66TiAsejQa2LunVxraBcy64NhrYO+pzMCs4LIR7o4G93dDGEBdCaAJ7nqQjjWzQ5ZxzIYomsGONbE+15zo1mQJONe\/kOMbAt3+Fkw91Aq01e7Dc99n4naTTking3Fp9ef6FGTfjn5LeLGlHsgI4t2bgA5VnS7o7mQIBrNX33MjlD\/VHT4CQcgd2Np\/pQmQ5A9sm6SfJFAhkLeNnv65OJkAwVWB7Z9qka5IJEEzOwP6cTIBg1upnfeWwjV8mRFcFtkembfxHMgGCWcv4i76eTIBgqsAeyLRJByQTIJicgR2WTIBgcgZ2fDIBgqkCuyfTJp1o7B4gQOeqwO7K9GPdR9JxyRQIZC3zR0W2TLg3IxBGzj2Y6s+inZJMgSDW6s9kPZpxcy6W9KJkCgRQBfaIpNszbspekq6T9JxkBXCuOf+5JfNmVH90vkHSpmQFcKwJ7GcGNuFwSTcRGSJpArvZyDY1kT0rWQEcagL7l6TvGvn2q8huZE+GCEb\/BnWFoe3hcBEhjAZ2raTthjaKyODeaGDVnXW\/ZWyDOCeDa+NvU9qc+Y\/Ok3BOBrfGA7tX0pUGN4bDRbg06Y22n08mNhAZ3JkU2J2GbwrKORlcmRRY5TxJjyVTGzgngxvTAvuTpC8nUzs4XIQL0wKrXCDpwWRqB5HBvFmBba8fL2QZ52QwbVZgqh+Od1UytYVzMpjV5n4Yp9aferaMw0WY1Cawf0t6i6SHkhVbmj0Zh4swo+0dnf4o6Y2GL903XsrhIixZ5JZpWyWdnkzt4XARZix6T8Lq3fYXJlN7iAwmLHPTz49L+moytYdL+Mhu2bvqvk\/SpcnUHi7hI6tlA3tc0pmOIuNwEVmsel94IgNm6OLBC0QGTNHVk02IDJigy0cHERkwputncxEZMKKPh99VkV2STO0hMvSur6dLnkVkQL+PbyUyFK\/v5yMTGYo2xAPIPUVWPSftmckKsKShnvDvJbIX10\/7JDJ0YqjARGQo0ZCBichQmqEDE5GhJDkCE5GhFLkCUx3Z5mRqD5FhaTkDU\/2QCSJDWLkDE5EhMguBicgQlZXARGSIyFJgIjJEYy0wERkisRiYiAxRWA1MRIYILAcmIoN31gMTkcEzD4GJyOCVl8DkMLJnJysojqfA5CyynxMZvAUmR5EdSmTwGJiIDF54DUxEBg88ByYig3XeAxORwbIIgYnIYFWUwERksChSYCIyWBMtMBEZLIkYmIgMVkQNTEQGCyIHJiJDbtEDE5EhpxICE5Ehl1ICE5Ehh5ICE5FhaKUFJiLDkEoMTESGoZQamIgMQyg5MBEZ+lZ6YCIy9InAnkRk6AWBPY3I0DkC2xmRoVMEliIydIbAJiMydILApiMyrIzAZiMyrITA5iMyLI3A2iEyLIXA2iMyLIzAFkNkWAiBLY7I0BqBLYfI0AqBLY\/IMBeBrYbIMBOBrY7IMBWBdcNbZOvJCnpBYN3xFNltRDYMAuuWl8gOJrJhEFj3iAxPIbB+EBmeQGD9ITIQWM+IrHAE1j8iKxiBDYPICkVgwyGyAhHYsIisMAQ2PCIrCIHlQWSFILB8iKwABJYXkQVHYPkRWWAEZgORBUVgdhBZQARmC5EFQ2D2EFkgBGYTkQVBYHYRWQAEZhuROUdg9hGZYwTmA5E5RWB+EJlDBOYLkTlDYP4QmSME5hOROUFgfhGZAwTmG5EZR2D+EZlhBBYDkRlFYHEQmUEEFguRGUNg8RCZIQQWE5EZQWBxEZkBBBYbkWVGYPERWUYEVgZvke2frDhFYOXwFNmtUSIjsLJ4iezAKJERWHmIbEAEViYiGwiBlYvIBkBgZSOynhEYiKxHBAYRWX8IDA0i6wGBYRSRdYzAMI7IOkRgmITIOkJgmIbIOkBgmIXIVkRgmIfIVkBgaIPIlkRgaIvIlkBgWASRLYjAsCgiWwCBYRlE1hKBYVlE1gKBYRVENgeBYVVVZBc4+ClmiYzA0IVP1KFZN3hkBIaubCayFIGhS0Q2hsDQNSIbQWDoA5HVCAx9KT4yERh6VnxkBIa+FR0ZgWEIxUZGYBhKkZERGIZUXGQEhqEVFRmBIYdiIiMw5FJEZASGnLxF9vxkZQ4CQ25VZOc7+L9QRXbLopERGCz4jJM92UGLRkZgsMLL4eJCkREYLAkXGYHBmlCRERgs8hTZTZI2JSs1AoNVXiJ7gaTvT2tpF60flQwBI26T9JCk1xv\/H1Jdwt9T0vXjCwQG67xE9kpJP5C0bXQ4cbcGGOPlcPHi8QF7MHjhYU92QP2WqrubAYHBEw+RPSjp2uYFh4jwxvrh4nGjLwgMHlmO7FBJ+zYvCAxeWY7soOYLAoNnViPbr\/mCwOCdxcj2ar4gMERgLbK\/N18QGKKwFNlT7+YgMERiIbKHJd3VvCAwRJM7suqPzP9tXhAYIsoZ2dWjLwgMUeWI7K+SrhwdEBgiGzqyC0cPD8WbfVGAod4gXF3YeNf4kMBQgr4ju1\/SqyQ9ML5AYChFFdmjkl7b8fZWl+XfIOn3yQrnYCjMp+vDuB0dbXa1Vzxe0i+TlRqBoTSX14eK96+43b+WdHR9b8SpCAwlqu5leLCkLUvsze6RdJKkIyXdmayO2aDDz0mGQEGq0N4q6XXjn0YecZ+k70i6o\/5D8iPJv5iCwICdrdefSN5YH0b+TdL2pX5Gkv4PNOaNeZVZm5MAAAAASUVORK5CYII=\"><\/image><\/svg><\/div><div class=\"jet-carousel__next-arrow-ff58d11 jet-arrow next-arrow\"><svg xmlns=\"http:\/\/www.w3.org\/2000\/svg\" xmlns:xlink=\"http:\/\/www.w3.org\/1999\/xlink\" width=\"228\" height=\"439\" viewBox=\"0 0 228 439\"><image id=\"Camada_1\" data-name=\"Camada 1\" x=\"8\" y=\"4\" width=\"216\" height=\"426\" xlink:href=\"data:img\/png;base64,iVBORw0KGgoAAAANSUhEUgAAANgAAAGqCAYAAABpvYqTAAAONElEQVR4nO3da6hlZR3H8d9xZkrTksFuKlpIYAhaRIZmk7fJ1HoxESlhWFkSlZKpXehqkQkpCAoV5qXUqIiy0DemgYFIg72IstAiUcqmsTS8pRRqPM7a45r97Nu6Pv\/\/83w\/r+Y86zDs\/znny7PWPvusvaZDz1UHGyW9XNJLJT0q6UFJ27v8h0BO1jecZXdJWyS9UdJ7Je0XfcYOt0j6paQfS7o3OgoUoskOdpqkiyQdEB2Z73+SLpP0FUmPzf0sIFO7rTDWYZK2Srq+YVzBBknnVbvYMdFRIHPLAtsk6Q5Jb4qONBOu0X4h6XR+oFCSRYEdIelmSXtGR9oJu9n3JH2enzCUYp1eceSsUV8l6TZJe0dHujtO0hPVzghkbV5g4ZrrwGi1PycQGUow6xTxY5IOjlb7d7Gk8\/kpQ86md7AXSLpB0l4jzcxOhqxN72CnSnrlyAOzkyFb04FtSTQokSFL9cDC6eFJCYckMmSnHlh4YmOPxAMSGbJSD2xfI4MRGbJRD+xlhoYiMmShHtjjxgYiMrhXD2ybwWGIDK7VA7vP6CBEBrfqgYU\/97\/H6CBEBpemf9F8i+EhiAzuTAf2c+MDEBlcmX6x773VC3Cb3hpgTLxAGG7M+nOVs6MVe9jJ4MKsP7jcVt0m4CjjA7CTwbxZgam6p+Gx1a0DLCMymDbrFDF4RtK7JP0lOmIPp4swa15gwcPVvQyt\/gK6jshg0qLAgr9V90YkMqCFVe7sS2RAS6sEJiID2lk1MDmM7HPRKjCyJoGpFtn90RF7LmQnQ2pNA1MV2VFOIuN0EUm1CSx4gMiA5doGJiIDlusSmIgMWKxrYCIyYL4+AhORAbP1FZiIDIj1GZiIDNhV34GJyIDnDRGYiAzYYajARGTAsIGJyFC6oQMTkaFkYwQmIkOpxgpMDiP7crQKNDRmYHIW2QVVaEBrYwcmZ5GdT2ToIkVgIjKUIlVgIjKUIGVgIjLkLnVgIjLkzEJgIjLkykpgIjLkyFJgIjLkxlpgIjLkxGJgIjLkwmpgIjLkwHJgIjJ4Zz0wERk88xCYiAxeeQlMRAaPPAUmIoM33gITkcETj4GJyOCF18BEZPDAc2AiMljnPTARGSzLITDVIrs3OmIPkRUkl8BURfZmIoMlOQUWbCcyWJJbYCIyWJJjYCIyWJFrYCIyWJBzYCIypJZ7YCIypFRCYCIypFJKYCIypFBSYCIyjK20wERkGFOJgYnIMJZSAxORYQwlByYiw9BKD0xEhiER2A5EhkEQ2POIDL0jsF0RGXpFYDEiQ28IbDYiQy8IbD4iQ2cEthiRoRMCW47I0BqBrYbI0AqBrY7I0BiBNUNkaITAmiMyrIzA2iEyrITA2iMyLEVg3RAZFiKw7ogMcxFYP4gMMxFYf4gMEQLrF5FhFwTWPyLDTgQ2DCLDcwhsOEQGAhsYkRWOwIZHZAUjsHFMIrvHwWMlsh4R2HhCZG8hsrIQ2Lj+RWRlIbDxEVlBCCwNIisEgaVDZAUgsLSILHMElh6RZYzAbCCyTBGYHUSWIQKzhcgyQ2D2EFlGCMwmIssEgdlFZBkgMNuIzDkCs4\/IHCMwH4jMKQLzg8gcIjBfiMwZAvOHyBwhMJ+IzAkC84vIHCAw34jMOALzj8gMI7A8EJlRBJYPIjOIwPJCZMYQWH6IzBACyxORGUFg+SIyAwgsb0SWGIHlj8gSIrAyEFkiBFYOIkuAwMpCZCMjsPIQ2YgIrExENhICKxeRjYDAykZkAyMwTCL7g4OvhLvICAyqIttEZP0jMEz8m8j6R2CoI7KeERimEVmPCAyzEFlPCAzzEFkPCAyLEFlHBIZliKwDAsMqiKwlAsOqiKwFAkMTRNYQgaEpImuAwNCGt8guj1ZHQmBoy1NkZ6WKjMDQBZEtQWDoisgWIDD0gcjmIDD0hchmIDD0KUT2Vkm\/d\/BVHSUyAkPfHpZ0DJHtQGAYApFVCAxDKT4yERgG5i2yK6LVjggMQ\/MU2Zl9R0ZgGEOxkREYxlJkZASGMRUXGYFhbEVFRmBIwWNka9GRFRAYUgmRHesosm9FqysgMKT0kKOd7COSvhqtLkFgSM3T6eIXJb0\/Wl2AwGCBp8iukrQ5Wp2DwGDF5Jrsd8a\/I+sk\/UzSa6MjMxAYLHnIyRMfe0r6iaQXRUemEBis8XK6eIika6LVKQQGi7w8hX+KpDOi1RoCg1VensK\/VNLGaLVCYLDMw+niSyRdEK1WCAzWeYjs45JeE60SGJywfk22bt6bTBAYvLB+TbZF0mHTiwQGT6yfLn56eoHA4I3lyE6VtH99gcDgkdVrsvXV+5HtRGDwyuo1WXi1\/YbJBwQGzyyeLoZfOp80+YDA4J3FyN43+QeBIQfWrsneI2kvERgyYu2a7GgRGDJj6XQxvE8agSE7IbLjJf018WDh3T4JDFn6p6QTJT2ecLjDJe1OYMjVHyWdnXC28EvnQwgMObtW0l0J5zuYwJCzZySdl3C+gwgMubtF0iOJZmQHQ\/aelXRjoiEPIDCU4OZEM+5NYCjB3YlmJDAUIdUvnQkMRdieaMh9CAwl2CfRjE8SGEqwb6IZHyUwlODViWZ8jMBQgpMTzUhgKMKWRENuIzDk7oSE12B\/IjDkbK16e6FUCAxZO6N6J8pUCAzZOijx7hXcRWDIUbiz7k8lvTjhbH8OryAhMOToakmvSzzXbeKmN8hM+Hm+vn5n3YRuF4EhM9dIOs3ISLequvMN4N1u1Q1urMS1VdLfxQ6GDFiLK\/jh5B8EBs8sxhXuAfKDyQcEBs+uMhZX8Kv6H3hyDQaPLO5cE5fXP2AHgzeW47pP0g31BQKDJ5bjCi6srsF2IjB4YvGaa2KbpCunFwkMHqxVcX3A8GP9VLRCYHBgrdoZzjD8UO+Q9P1olcBgnIe4nl70+AgMllmPK7hE0j3RaoXAYNHkmst6XOHN\/b4UrdYQGKzxcFoYPCXp3ZL+Gx2pITBY4iWu4JPhnhvR6hQCgyXfcRLXdZK+Ha3OQGCwYHLN9SEH342bJH0wWp2DwJCap9PC26rrrqejI3MQGFLzEtedkt6x7EmNaQSGVLw8FR\/8VtJmSf+JjixBYEjB02lhiOvo8F5f0ZEVEBjGVkxcIjCMrKi4RGAYUXFxicAwkiLjEoFhBMXGJQLDwIqOSwSGARUflwgMAyGuCoGhb8RVQ2DoE3FNITD0hbhmIDD0gbjmIDB0RVwLEBi6IK4lCAxtEdcKCAxtENeKCAxNEVcDBIYmiKshAsOqiKsFAsMqiKslAsMyxNUBgWER4uqIwDAPcfWAwDALcfWEwDCNuHpEYKgjrp4RGCaIawAEBhHXcAgMIq7hEBi+SVzDIbCyhbg+6uAr4DIuEVjRiGsEBFYm4hoJgZWHuEZEYGUhrpERWDmIKwECKwNxJUJg+SOuhAgsb8SVGIHli7gMILA8EZcRBJYf4jKEwPJCXMYQWD68xHVnKXGJwLLhKa7NpcQVrI9W4I2nuI6T9Hh0JGPsYL4Rl3EE5hdxOUBgPhGXEwTmD3E5QmC+EJczBOYHcTlEYD4Ql1MEZh9xOUZgthGXcwRmF3FlgMBsIq5MEJg9xJURArOFuDJDYHYQV4YIzAbiyhSBpUdcGSOwtIgrcwSWDnEVgMDSIK5CENj4iKsgBDYu4ioMgY2HuApEYOMgrkIR2PCIq2AENiziKhyBDedS4gKBDSPEdY6Dx0lcAyOw\/hEXdiKwfhEXdkFg\/SEuRAisH8SFmQisO+LCXATWDXFhIQJrj7iwFIG1Q1xYCYE1R1xYGYE1Q1xohMBWR1xojMBWQ1xohcCWIy60RmCLERc6IbD5iAudEdhsxIVeEFiMuNAbAtsVcaFXBPY84kLvCGwH4sIgCIy4MKDSAyMuDKrkwIgLgys1MOLCKEoMjLgwmtICIy6MqqTAiAujKyUw4kISJQRGXEgm98CIC0nlHBhxIblcAyMumJBjYMQFM3ILjLhgSk6BERfMySUw4oJJOQRGXDDLe2DEBdM8B0ZcMM9rYMQFFzwGdhFxwQtvgYW4Phut2kNceI6nwIgL7ngJjLjgkofAiAtuWQ+MuOCa5cCIC+5ZDYy4kAWLgREXsmEtMOJCViwFRlzIjpXAiAtZshAYcSFbqQMjLmQtZWDEheylCoy4UIQUgREXijF2YMSFoowZGHGhOGMFRlwo0hiBEReKNXRgxIWiDRkYcaF4QwVGXCieBgqMuIBK34ERF1DTZ2DEBUzpKzDiAmboIzDiAuboGhhxAQt0CYy4gCXaBkZcwArWt\/giXSzp\/GjVHuJCck13MOICGmiyg10u6axo1R7ighmr7mDEBbSwyg52haQzo1V7iAvmLNvBiAvoYF5ga8QFdDfrFDHE9V1Jp0dH7CEumDZrB7uCuIB+TAd2nqQPO\/jaEhdcqAf2dkmXOHjQxAU3JoG9UNLVDh40ccGVSWDnSNrP+AMnLrgzCewzxh84ccGlENgmSRsNP3jiglshsJMNP3jigmshsKOMDkBccG83o09uEBeyEAI70NggxIVshMA2GBqGuJCVENh2IwMRF7ITAvuHgaGIC1kKgd2deDDiQrZCYDcmHI64kLUQ2E2Snk4wJHEheyGwRyRdN\/KgxIUiTF7s+wVJT400MHGhGJPAHpD0tRGGJi4Upf4XzV+vrseGQlwoTj2wZyWdIuk3A3wRfk1cKNH0TW+elHR8FURfbpV0LHGhRLNu2\/aopCMlXRkdaSY8afIJSW8b8QkUwJRZgU2Eu\/oeLmlrdGSxJyR9Q9L+ki5b+JlA5mbd2bcuXI8dIen1kt4p6URJb5C0x9Tnheu32yVdK+lHkh6L\/iegQGs69Nw2U4f7eKyrdqsHJd0ffQZQOkn\/BzbFu+6atXR0AAAAAElFTkSuQmCC\"><\/image><\/svg><\/div><\/div>\n<\/div>\n<\/div>\t\t<\/div>\n\t\t\t\t<\/div>\n\t\t\t\t\t<\/div>\n\t\t\t\t<\/div>\n\t\t\t\t<\/div>\n\t\t","protected":false},"excerpt":{"rendered":"<p>Confira mais sobre as plataformas educacionais da Indovinya Oferece cursos e forma\u00e7\u00e3o exclusivos para que os colaboradores se desenvolvam continuamente a n\u00edvel profissional e pessoal. Transforma a jornada de aprendizagem, ajudando-o a assumir a lideran\u00e7a na sua carreira, incentivando a aprendizagem em rede, o interc\u00e2mbio e a gest\u00e3o do conhecimento. Abre espa\u00e7o para o debate, [&hellip;]<\/p>\n","protected":false},"author":1,"featured_media":0,"parent":34367,"menu_order":0,"comment_status":"closed","ping_status":"closed","template":"","meta":{"_acf_changed":false,"footnotes":""},"categoria-solucoes-mercado":[],"class_list":["post-34538","page","type-page","status-publish","hentry"],"acf":[],"_links":{"self":[{"href":"https:\/\/indovinya.indoramaventures.com\/pt-br\/wp-json\/wp\/v2\/pages\/34538","targetHints":{"allow":["GET"]}}],"collection":[{"href":"https:\/\/indovinya.indoramaventures.com\/pt-br\/wp-json\/wp\/v2\/pages"}],"about":[{"href":"https:\/\/indovinya.indoramaventures.com\/pt-br\/wp-json\/wp\/v2\/types\/page"}],"author":[{"embeddable":true,"href":"https:\/\/indovinya.indoramaventures.com\/pt-br\/wp-json\/wp\/v2\/users\/1"}],"replies":[{"embeddable":true,"href":"https:\/\/indovinya.indoramaventures.com\/pt-br\/wp-json\/wp\/v2\/comments?post=34538"}],"version-history":[{"count":19,"href":"https:\/\/indovinya.indoramaventures.com\/pt-br\/wp-json\/wp\/v2\/pages\/34538\/revisions"}],"predecessor-version":[{"id":35358,"href":"https:\/\/indovinya.indoramaventures.com\/pt-br\/wp-json\/wp\/v2\/pages\/34538\/revisions\/35358"}],"up":[{"embeddable":true,"href":"https:\/\/indovinya.indoramaventures.com\/pt-br\/wp-json\/wp\/v2\/pages\/34367"}],"wp:attachment":[{"href":"https:\/\/indovinya.indoramaventures.com\/pt-br\/wp-json\/wp\/v2\/media?parent=34538"}],"wp:term":[{"taxonomy":"categoria-solucoes-mercado","embeddable":true,"href":"https:\/\/indovinya.indoramaventures.com\/pt-br\/wp-json\/wp\/v2\/categoria-solucoes-mercado?post=34538"}],"curies":[{"name":"wp","href":"https:\/\/api.w.org\/{rel}","templated":true}]}}