{"id":40652,"date":"2025-07-02T12:26:03","date_gmt":"2025-07-02T15:26:03","guid":{"rendered":"https:\/\/indovinya.indoramaventures.com\/compliance\/"},"modified":"2025-08-15T11:48:59","modified_gmt":"2025-08-15T14:48:59","slug":"compliance","status":"publish","type":"page","link":"https:\/\/indovinya.indoramaventures.com\/pt-br\/compliance\/","title":{"rendered":"Compliance"},"content":{"rendered":"\t\t<div data-elementor-type=\"wp-page\" data-elementor-id=\"40652\" class=\"elementor elementor-40652 elementor-40630\" data-elementor-post-type=\"page\">\n\t\t\t\t<div class=\"elementor-element elementor-element-6dbc033 e-flex e-con-boxed e-con e-parent\" data-id=\"6dbc033\" data-element_type=\"container\" data-settings=\"{&quot;background_background&quot;:&quot;classic&quot;,&quot;jet_parallax_layout_list&quot;:[]}\">\n\t\t\t\t\t<div class=\"e-con-inner\">\n\t\t\t\t\t<\/div>\n\t\t\t\t<\/div>\n\t\t<div class=\"elementor-element elementor-element-0e5051b e-flex e-con-boxed e-con e-parent\" data-id=\"0e5051b\" data-element_type=\"container\" data-settings=\"{&quot;background_background&quot;:&quot;classic&quot;,&quot;jet_parallax_layout_list&quot;:[]}\">\n\t\t\t\t\t<div class=\"e-con-inner\">\n\t\t<div class=\"elementor-element elementor-element-937a8a4 e-con-full e-flex e-con e-child\" data-id=\"937a8a4\" data-element_type=\"container\" data-settings=\"{&quot;background_background&quot;:&quot;classic&quot;,&quot;jet_parallax_layout_list&quot;:[]}\">\n\t\t\t\t<div class=\"elementor-element elementor-element-4f2c6fa elementor-widget elementor-widget-heading\" data-id=\"4f2c6fa\" data-element_type=\"widget\" data-widget_type=\"heading.default\">\n\t\t\t\t<div class=\"elementor-widget-container\">\n\t\t\t<h1 class=\"elementor-heading-title elementor-size-default\">Compliance<\/h1>\t\t<\/div>\n\t\t\t\t<\/div>\n\t\t\t\t<\/div>\n\t\t\t\t\t<\/div>\n\t\t\t\t<\/div>\n\t\t<div class=\"elementor-element elementor-element-478229c e-flex e-con-boxed e-con e-parent\" data-id=\"478229c\" data-element_type=\"container\" data-settings=\"{&quot;jet_parallax_layout_list&quot;:[]}\">\n\t\t\t\t\t<div class=\"e-con-inner\">\n\t\t<div class=\"elementor-element elementor-element-654fc79 e-con-full e-flex e-con e-child\" data-id=\"654fc79\" data-element_type=\"container\" data-settings=\"{&quot;jet_parallax_layout_list&quot;:[]}\">\n\t\t\t\t<div class=\"elementor-element elementor-element-7ecb5b3 elementor-widget__width-initial elementor-widget elementor-widget-text-editor\" data-id=\"7ecb5b3\" data-element_type=\"widget\" data-widget_type=\"text-editor.default\">\n\t\t\t\t<div class=\"elementor-widget-container\">\n\t\t\t\t\t\t\t<p><span style=\"font-weight: 400;\">Nosso compromisso com a \u00e9tica e a integridade guia todas as nossas a\u00e7\u00f5es. O Programa de Compliance foi desenvolvido para garantir que nossas opera\u00e7\u00f5es estejam sempre em conformidade com as leis, normas e valores da empresa, promovendo um ambiente de transpar\u00eancia, responsabilidade e respeito com colaboradores, parceiros e sociedade. <\/span><\/p>\n\t\t\t\t\t\t<\/div>\n\t\t\t\t<\/div>\n\t\t\t\t<div class=\"elementor-element elementor-element-09b48fe elementor-widget elementor-widget-button\" data-id=\"09b48fe\" data-element_type=\"widget\" data-widget_type=\"button.default\">\n\t\t\t\t<div class=\"elementor-widget-container\">\n\t\t\t\t\t<div class=\"elementor-button-wrapper\">\n\t\t\t<a class=\"elementor-button elementor-button-link elementor-size-sm\" href=\"https:\/\/indovinya.indoramaventures.com\/wp-content\/uploads\/2025\/08\/Annual-Compliance-Report.pdf\" target=\"_blank\">\n\t\t\t\t\t\t<span class=\"elementor-button-content-wrapper\">\n\t\t\t\t\t\t\t\t\t<span class=\"elementor-button-text\">Clique aqui para acessar Annual Compliance Report<\/span>\n\t\t\t\t\t<\/span>\n\t\t\t\t\t<\/a>\n\t\t<\/div>\n\t\t\t\t<\/div>\n\t\t\t\t<\/div>\n\t\t\t\t<\/div>\n\t\t<div class=\"elementor-element elementor-element-c3593c7 e-con-full e-flex e-con e-child\" data-id=\"c3593c7\" data-element_type=\"container\" data-settings=\"{&quot;jet_parallax_layout_list&quot;:[]}\">\n\t\t\t\t<div class=\"elementor-element elementor-element-1073855 elementor-widget elementor-widget-image\" data-id=\"1073855\" data-element_type=\"widget\" data-widget_type=\"image.default\">\n\t\t\t\t<div class=\"elementor-widget-container\">\n\t\t\t\t\t\t\t\t\t\t\t\t\t<img fetchpriority=\"high\" decoding=\"async\" width=\"800\" height=\"533\" src=\"https:\/\/indovinya.indoramaventures.com\/wp-content\/uploads\/2025\/07\/image-compliance.jpg\" class=\"attachment-large size-large wp-image-40640\" alt=\"\" srcset=\"https:\/\/indovinya.indoramaventures.com\/wp-content\/uploads\/2025\/07\/image-compliance.jpg 800w, https:\/\/indovinya.indoramaventures.com\/wp-content\/uploads\/2025\/07\/image-compliance-300x200.jpg 300w, https:\/\/indovinya.indoramaventures.com\/wp-content\/uploads\/2025\/07\/image-compliance-768x512.jpg 768w\" sizes=\"(max-width: 800px) 100vw, 800px\" \/>\t\t\t\t\t\t\t\t\t\t\t\t\t<\/div>\n\t\t\t\t<\/div>\n\t\t\t\t<\/div>\n\t\t\t\t\t<\/div>\n\t\t\t\t<\/div>\n\t\t\t\t<\/div>\n\t\t","protected":false},"excerpt":{"rendered":"<p>Nosso compromisso com a \u00e9tica e a integridade guia todas as nossas a\u00e7\u00f5es. O Programa de Compliance foi desenvolvido para garantir que nossas opera\u00e7\u00f5es estejam sempre em conformidade com as leis, normas e valores da empresa, promovendo um ambiente de transpar\u00eancia, responsabilidade e respeito com colaboradores, parceiros e sociedade. Clique aqui para acessar Annual Compliance [&hellip;]<\/p>\n","protected":false},"author":1,"featured_media":0,"parent":0,"menu_order":0,"comment_status":"closed","ping_status":"closed","template":"","meta":{"_acf_changed":false,"footnotes":""},"categoria-solucoes-mercado":[],"class_list":["post-40652","page","type-page","status-publish","hentry"],"acf":[],"_links":{"self":[{"href":"https:\/\/indovinya.indoramaventures.com\/pt-br\/wp-json\/wp\/v2\/pages\/40652","targetHints":{"allow":["GET"]}}],"collection":[{"href":"https:\/\/indovinya.indoramaventures.com\/pt-br\/wp-json\/wp\/v2\/pages"}],"about":[{"href":"https:\/\/indovinya.indoramaventures.com\/pt-br\/wp-json\/wp\/v2\/types\/page"}],"author":[{"embeddable":true,"href":"https:\/\/indovinya.indoramaventures.com\/pt-br\/wp-json\/wp\/v2\/users\/1"}],"replies":[{"embeddable":true,"href":"https:\/\/indovinya.indoramaventures.com\/pt-br\/wp-json\/wp\/v2\/comments?post=40652"}],"version-history":[{"count":16,"href":"https:\/\/indovinya.indoramaventures.com\/pt-br\/wp-json\/wp\/v2\/pages\/40652\/revisions"}],"predecessor-version":[{"id":43539,"href":"https:\/\/indovinya.indoramaventures.com\/pt-br\/wp-json\/wp\/v2\/pages\/40652\/revisions\/43539"}],"wp:attachment":[{"href":"https:\/\/indovinya.indoramaventures.com\/pt-br\/wp-json\/wp\/v2\/media?parent=40652"}],"wp:term":[{"taxonomy":"categoria-solucoes-mercado","embeddable":true,"href":"https:\/\/indovinya.indoramaventures.com\/pt-br\/wp-json\/wp\/v2\/categoria-solucoes-mercado?post=40652"}],"curies":[{"name":"wp","href":"https:\/\/api.w.org\/{rel}","templated":true}]}}