{"id":769,"date":"2024-09-04T22:57:40","date_gmt":"2024-09-05T01:57:40","guid":{"rendered":"https:\/\/indovinya.indoramaventures.com\/?page_id=769"},"modified":"2026-01-13T10:14:39","modified_gmt":"2026-01-13T13:14:39","slug":"contato","status":"publish","type":"page","link":"https:\/\/indovinya.indoramaventures.com\/pt-br\/contato\/","title":{"rendered":"Contato"},"content":{"rendered":"\t\t<div data-elementor-type=\"wp-page\" data-elementor-id=\"769\" class=\"elementor elementor-769\" data-elementor-post-type=\"page\">\n\t\t\t\t<div class=\"elementor-element elementor-element-8661b78 e-con-full e-flex e-con e-parent\" data-id=\"8661b78\" data-element_type=\"container\" data-settings=\"{&quot;jet_parallax_layout_list&quot;:[]}\">\n\t\t\t\t<div class=\"elementor-element elementor-element-ffd77f3 elementor-widget elementor-widget-template\" data-id=\"ffd77f3\" data-element_type=\"widget\" data-widget_type=\"template.default\">\n\t\t\t\t<div class=\"elementor-widget-container\">\n\t\t\t\t\t<div class=\"elementor-template\">\n\t\t\t\t\t<div data-elementor-type=\"container\" data-elementor-id=\"29527\" class=\"elementor elementor-29527\" data-elementor-post-type=\"elementor_library\">\n\t\t\t\t<div class=\"elementor-element elementor-element-5c369796 e-flex e-con-boxed e-con e-parent\" data-id=\"5c369796\" data-element_type=\"container\" data-settings=\"{&quot;jet_parallax_layout_list&quot;:[],&quot;background_background&quot;:&quot;classic&quot;}\">\n\t\t\t\t\t<div class=\"e-con-inner\">\n\t\t\t\t<div class=\"elementor-element elementor-element-6cf528af elementor-widget elementor-widget-jet-breadcrumbs\" data-id=\"6cf528af\" data-element_type=\"widget\" data-widget_type=\"jet-breadcrumbs.default\">\n\t\t\t\t<div class=\"elementor-widget-container\">\n\t\t\t<div class=\"elementor-jet-breadcrumbs jet-blocks\">\n\t\t<div class=\"jet-breadcrumbs\">\n\t\t<div class=\"jet-breadcrumbs__content\">\n\t\t<div class=\"jet-breadcrumbs__wrap\"><div class=\"jet-breadcrumbs__item\"><a href=\"https:\/\/indovinya.indoramaventures.com\/pt-br\/\" class=\"jet-breadcrumbs__item-link is-home\" rel=\"home\" title=\"Home\">Home<\/a><\/div>\n\t\t<\/div>\n\t\t<\/div>\n\t\t<\/div><\/div>\t\t<\/div>\n\t\t\t\t<\/div>\n\t\t\t\t\t<\/div>\n\t\t\t\t<\/div>\n\t\t<div class=\"elementor-element elementor-element-9d5733a e-flex e-con-boxed e-con e-parent\" data-id=\"9d5733a\" data-element_type=\"container\" data-settings=\"{&quot;background_background&quot;:&quot;classic&quot;,&quot;jet_parallax_layout_list&quot;:[]}\">\n\t\t\t\t\t<div class=\"e-con-inner\">\n\t\t<div class=\"elementor-element elementor-element-2384d59 e-con-full e-flex e-con e-child\" data-id=\"2384d59\" data-element_type=\"container\" data-settings=\"{&quot;background_background&quot;:&quot;classic&quot;,&quot;jet_parallax_layout_list&quot;:[]}\">\n\t\t\t\t<div class=\"elementor-element elementor-element-faece8e elementor-widget elementor-widget-heading\" data-id=\"faece8e\" data-element_type=\"widget\" data-widget_type=\"heading.default\">\n\t\t\t\t<div class=\"elementor-widget-container\">\n\t\t\t<h1 class=\"elementor-heading-title elementor-size-default\">Contato<\/h1>\t\t<\/div>\n\t\t\t\t<\/div>\n\t\t\t\t<\/div>\n\t\t\t\t\t<\/div>\n\t\t\t\t<\/div>\n\t\t\t\t<\/div>\n\t\t\t\t<\/div>\n\t\t\t\t<\/div>\n\t\t\t\t<\/div>\n\t\t\t\t<\/div>\n\t\t<div class=\"elementor-element elementor-element-f041a39 e-flex e-con-boxed e-con e-parent\" data-id=\"f041a39\" data-element_type=\"container\" data-settings=\"{&quot;jet_parallax_layout_list&quot;:[]}\">\n\t\t\t\t\t<div class=\"e-con-inner\">\n\t\t<div class=\"elementor-element elementor-element-d9a4bbb e-con-full e-flex e-con e-child\" data-id=\"d9a4bbb\" data-element_type=\"container\" data-settings=\"{&quot;jet_parallax_layout_list&quot;:[]}\">\n\t\t\t\t<div class=\"elementor-element elementor-element-c7e3c7d elementor-widget__width-initial elementor-widget elementor-widget-text-editor\" data-id=\"c7e3c7d\" data-element_type=\"widget\" data-widget_type=\"text-editor.default\">\n\t\t\t\t<div class=\"elementor-widget-container\">\n\t\t\t\t\t\t\t<p>Para enviar sugest\u00f5es e obter informa\u00e7\u00f5es complementares sobre a atua\u00e7\u00e3o da Indovinya, seus produtos e servi\u00e7os, preencha o formul\u00e1rio abaixo.<\/p><p>Para assuntos de Imprensa, entre em contato com a assessoria: <a href=\"mailto:comunicacao.externa@br.indorama.net\">comunicacao.externa@br.indorama.net<\/a><\/p><p>Para d\u00favidas sobre sustentabilidade, <a href=\"https:\/\/indovinya.indoramaventures.com\/pt-br\/sustentabilidade\/\">clique aqui<\/a> para saber mais.<\/p>\t\t\t\t\t\t<\/div>\n\t\t\t\t<\/div>\n\t\t\t\t<\/div>\n\t\t<div class=\"elementor-element elementor-element-ee1d31e e-con-full e-flex e-con e-child\" data-id=\"ee1d31e\" data-element_type=\"container\" data-settings=\"{&quot;jet_parallax_layout_list&quot;:[]}\">\n\t\t\t\t<div class=\"elementor-element elementor-element-9496f37 elementor-widget elementor-widget-image\" data-id=\"9496f37\" data-element_type=\"widget\" data-widget_type=\"image.default\">\n\t\t\t\t<div class=\"elementor-widget-container\">\n\t\t\t\t\t\t\t\t\t\t\t\t\t<img fetchpriority=\"high\" decoding=\"async\" width=\"935\" height=\"480\" src=\"https:\/\/indovinya.indoramaventures.com\/wp-content\/uploads\/2024\/09\/BANNER-OPCAO-2-e1725501591741.png\" class=\"attachment-full size-full wp-image-771\" alt=\"\" srcset=\"https:\/\/indovinya.indoramaventures.com\/wp-content\/uploads\/2024\/09\/BANNER-OPCAO-2-e1725501591741.png 935w, https:\/\/indovinya.indoramaventures.com\/wp-content\/uploads\/2024\/09\/BANNER-OPCAO-2-e1725501591741-300x154.png 300w, https:\/\/indovinya.indoramaventures.com\/wp-content\/uploads\/2024\/09\/BANNER-OPCAO-2-e1725501591741-768x394.png 768w\" sizes=\"(max-width: 935px) 100vw, 935px\" \/>\t\t\t\t\t\t\t\t\t\t\t\t\t<\/div>\n\t\t\t\t<\/div>\n\t\t\t\t<\/div>\n\t\t\t\t\t<\/div>\n\t\t\t\t<\/div>\n\t\t<div class=\"elementor-element elementor-element-599b32e e-flex e-con-boxed e-con e-parent\" data-id=\"599b32e\" data-element_type=\"container\" id=\"er-bloco-3\" data-settings=\"{&quot;jet_parallax_layout_list&quot;:[],&quot;background_background&quot;:&quot;classic&quot;,&quot;shape_divider_top&quot;:&quot;curve&quot;,&quot;shape_divider_top_negative&quot;:&quot;yes&quot;}\">\n\t\t\t\t\t<div class=\"e-con-inner\">\n\t\t\t\t<div class=\"elementor-shape elementor-shape-top\" data-negative=\"true\">\n\t\t\t<svg xmlns=\"http:\/\/www.w3.org\/2000\/svg\" viewBox=\"0 0 1000 100\" preserveAspectRatio=\"none\">\n\t<path class=\"elementor-shape-fill\" d=\"M500,97C126.7,96.3,0.8,19.8,0,0v100l1000,0V1C1000,19.4,873.3,97.8,500,97z\"\/>\n<\/svg>\t\t<\/div>\n\t\t<div class=\"elementor-element elementor-element-5c4b7a81 e-con-full e-flex e-con e-child\" data-id=\"5c4b7a81\" data-element_type=\"container\" data-settings=\"{&quot;jet_parallax_layout_list&quot;:[]}\">\n\t\t\t\t<div class=\"elementor-element elementor-element-69bc43a6 elementor-widget elementor-widget-heading\" data-id=\"69bc43a6\" data-element_type=\"widget\" data-widget_type=\"heading.default\">\n\t\t\t\t<div class=\"elementor-widget-container\">\n\t\t\t<h2 class=\"elementor-heading-title elementor-size-default\">Entre em contato para saber mais sobre os produtos da Indovinya<\/h2>\t\t<\/div>\n\t\t\t\t<\/div>\n\t\t\t\t<div class=\"elementor-element elementor-element-52ede6b7 elementor-widget__width-initial elementor-widget-mobile__width-inherit custom-style-form elementor-widget elementor-widget-wpforms\" data-id=\"52ede6b7\" data-element_type=\"widget\" id=\"er-bloco-3\" data-widget_type=\"wpforms.default\">\n\t\t\t\t<div class=\"elementor-widget-container\">\n\t\t\t<style id=\"wpforms-css-vars-elementor-widget-52ede6b7\">\n\t\t\t\t.elementor-widget-wpforms.elementor-element-52ede6b7 {\n\t\t\t\t--wpforms-field-border-radius: 2px;\n\t\t\t}\n\t\t\t<\/style><div class=\"wpforms-container wpforms-container-full wpforms-render-modern\" id=\"wpforms-27167\"><form id=\"wpforms-form-27167\" class=\"wpforms-validate wpforms-form wpforms-ajax-form\" data-formid=\"27167\" method=\"post\" enctype=\"multipart\/form-data\" action=\"\/pt-br\/wp-json\/wp\/v2\/pages\/769\" data-token=\"a16a4e769c87cc69c2dd4552742cbdf2\" data-token-time=\"1775833054\"><noscript class=\"wpforms-error-noscript\">Ative o JavaScript no seu navegador para preencher este formul\u00e1rio.<\/noscript><div id=\"wpforms-error-noscript\" style=\"display: none;\">Ative o JavaScript no seu navegador para preencher este formul\u00e1rio.<\/div><div class=\"wpforms-field-container\"><div id=\"wpforms-27167-field_4-container\" class=\"wpforms-field wpforms-field-text\" data-field-id=\"4\"><label class=\"wpforms-field-label wpforms-label-hide\" for=\"wpforms-27167-field_4\" aria-hidden=\"false\">Nome <span class=\"wpforms-required-label\" aria-hidden=\"true\">*<\/span><\/label><input type=\"text\" id=\"wpforms-27167-field_4\" class=\"wpforms-field-large wpforms-field-required\" name=\"wpforms[fields][4]\" placeholder=\"*Nome\" aria-errormessage=\"wpforms-27167-field_4-error\" required><\/div><div id=\"wpforms-27167-field_7-container\" class=\"wpforms-field wpforms-field-layout\" data-field-id=\"7\"><div class=\"wpforms-field-layout-columns wpforms-field-layout-preset-33-67\"><div class=\"wpforms-layout-column wpforms-layout-column-33\" ><div id=\"wpforms-27167-field_6-container\" class=\"wpforms-field wpforms-field-phone\" data-field-id=\"6\"><label class=\"wpforms-field-label wpforms-label-hide\" for=\"wpforms-27167-field_6\" aria-hidden=\"false\">Telefone<\/label><input type=\"tel\" id=\"wpforms-27167-field_6\" class=\"wpforms-field-small wpforms-smart-phone-field\" data-rule-smart-phone-field=\"true\" name=\"wpforms[fields][6]\" placeholder=\"Telefone\" aria-label=\"Telefone\" aria-errormessage=\"wpforms-27167-field_6-error\" ><\/div><\/div><div class=\"wpforms-layout-column wpforms-layout-column-67\" ><div id=\"wpforms-27167-field_8-container\" class=\"wpforms-field wpforms-field-email\" data-field-id=\"8\"><label class=\"wpforms-field-label wpforms-label-hide\" for=\"wpforms-27167-field_8\" aria-hidden=\"false\">E-mail <span class=\"wpforms-required-label\" aria-hidden=\"true\">*<\/span><\/label><input type=\"email\" id=\"wpforms-27167-field_8\" class=\"wpforms-field-medium wpforms-field-required\" name=\"wpforms[fields][8]\" placeholder=\"*E-mail\" spellcheck=\"false\" aria-errormessage=\"wpforms-27167-field_8-error\" required><\/div><\/div><\/div><\/div><div id=\"wpforms-27167-field_9-container\" class=\"wpforms-field wpforms-field-text\" data-field-id=\"9\"><label class=\"wpforms-field-label wpforms-label-hide\" for=\"wpforms-27167-field_9\" aria-hidden=\"false\">Pa\u00eds<\/label><input type=\"text\" id=\"wpforms-27167-field_9\" class=\"wpforms-field-large\" name=\"wpforms[fields][9]\" placeholder=\"Pa\u00eds\" aria-errormessage=\"wpforms-27167-field_9-error\" ><\/div><div id=\"wpforms-27167-field_10-container\" class=\"wpforms-field wpforms-field-text\" data-field-id=\"10\"><label class=\"wpforms-field-label wpforms-label-hide\" for=\"wpforms-27167-field_10\" aria-hidden=\"false\">Empresa<\/label><input type=\"text\" id=\"wpforms-27167-field_10\" class=\"wpforms-field-large\" name=\"wpforms[fields][10]\" placeholder=\"Empresa\" aria-errormessage=\"wpforms-27167-field_10-error\" ><\/div><div id=\"wpforms-27167-field_16-container\" class=\"wpforms-field wpforms-field-radio wpforms-list-3-columns wpforms-conditional-trigger\" data-field-id=\"16\"><fieldset><legend class=\"wpforms-field-label\">Interesse <span class=\"wpforms-required-label\" aria-hidden=\"true\">*<\/span><\/legend><ul id=\"wpforms-27167-field_16\" class=\"wpforms-field-required\"><li class=\"choice-1 depth-1\"><input type=\"radio\" id=\"wpforms-27167-field_16_1\" name=\"wpforms[fields][16]\" value=\"Crop Solutions\" aria-errormessage=\"wpforms-27167-field_16_1-error\" required ><label class=\"wpforms-field-label-inline\" for=\"wpforms-27167-field_16_1\">Crop Solutions<\/label><\/li><li class=\"choice-9 depth-1\"><input type=\"radio\" id=\"wpforms-27167-field_16_9\" name=\"wpforms[fields][16]\" value=\"Nutrition &amp; Health\" aria-errormessage=\"wpforms-27167-field_16_9-error\" required ><label class=\"wpforms-field-label-inline\" for=\"wpforms-27167-field_16_9\">Nutrition &amp; Health<\/label><\/li><li class=\"choice-6 depth-1\"><input type=\"radio\" id=\"wpforms-27167-field_16_6\" name=\"wpforms[fields][16]\" value=\"Inova\u00e7\u00e3o\" aria-errormessage=\"wpforms-27167-field_16_6-error\" required ><label class=\"wpforms-field-label-inline\" for=\"wpforms-27167-field_16_6\">Inova\u00e7\u00e3o<\/label><\/li><li class=\"choice-3 depth-1\"><input type=\"radio\" id=\"wpforms-27167-field_16_3\" name=\"wpforms[fields][16]\" value=\"Home Care and I&amp;I\" aria-errormessage=\"wpforms-27167-field_16_3-error\" required ><label class=\"wpforms-field-label-inline\" for=\"wpforms-27167-field_16_3\">Home Care and I&amp;I<\/label><\/li><li class=\"choice-10 depth-1\"><input type=\"radio\" id=\"wpforms-27167-field_16_10\" name=\"wpforms[fields][16]\" value=\"Industrial Applications\" aria-errormessage=\"wpforms-27167-field_16_10-error\" required ><label class=\"wpforms-field-label-inline\" for=\"wpforms-27167-field_16_10\">Industrial Applications<\/label><\/li><li class=\"choice-5 depth-1\"><input type=\"radio\" id=\"wpforms-27167-field_16_5\" name=\"wpforms[fields][16]\" value=\"Sustentabilidade\" aria-errormessage=\"wpforms-27167-field_16_5-error\" required ><label class=\"wpforms-field-label-inline\" for=\"wpforms-27167-field_16_5\">Sustentabilidade<\/label><\/li><li class=\"choice-2 depth-1\"><input type=\"radio\" id=\"wpforms-27167-field_16_2\" name=\"wpforms[fields][16]\" value=\"Personal Care\" aria-errormessage=\"wpforms-27167-field_16_2-error\" required ><label class=\"wpforms-field-label-inline\" for=\"wpforms-27167-field_16_2\">Personal Care<\/label><\/li><li class=\"choice-15 depth-1\"><input type=\"radio\" id=\"wpforms-27167-field_16_15\" name=\"wpforms[fields][16]\" value=\"Rela\u00e7\u00f5es Institucionais\" aria-errormessage=\"wpforms-27167-field_16_15-error\" required ><label class=\"wpforms-field-label-inline\" for=\"wpforms-27167-field_16_15\">Rela\u00e7\u00f5es Institucionais<\/label><\/li><li class=\"choice-14 depth-1\"><input type=\"radio\" id=\"wpforms-27167-field_16_14\" name=\"wpforms[fields][16]\" value=\"Log\u00edstica\" aria-errormessage=\"wpforms-27167-field_16_14-error\" required ><label class=\"wpforms-field-label-inline\" for=\"wpforms-27167-field_16_14\">Log\u00edstica<\/label><\/li><li class=\"choice-12 depth-1\"><input type=\"radio\" id=\"wpforms-27167-field_16_12\" name=\"wpforms[fields][16]\" value=\"Coatings\" aria-errormessage=\"wpforms-27167-field_16_12-error\" required ><label class=\"wpforms-field-label-inline\" for=\"wpforms-27167-field_16_12\">Coatings<\/label><\/li><li class=\"choice-17 depth-1\"><input type=\"radio\" id=\"wpforms-27167-field_16_17\" name=\"wpforms[fields][16]\" value=\"Imprensa\" aria-errormessage=\"wpforms-27167-field_16_17-error\" required ><label class=\"wpforms-field-label-inline\" for=\"wpforms-27167-field_16_17\">Imprensa<\/label><\/li><li class=\"choice-8 depth-1\"><input type=\"radio\" id=\"wpforms-27167-field_16_8\" name=\"wpforms[fields][16]\" value=\"Procurement\" aria-errormessage=\"wpforms-27167-field_16_8-error\" required ><label class=\"wpforms-field-label-inline\" for=\"wpforms-27167-field_16_8\">Procurement<\/label><\/li><li class=\"choice-11 depth-1\"><input type=\"radio\" id=\"wpforms-27167-field_16_11\" name=\"wpforms[fields][16]\" value=\"Energy and Resources\" aria-errormessage=\"wpforms-27167-field_16_11-error\" required ><label class=\"wpforms-field-label-inline\" for=\"wpforms-27167-field_16_11\">Energy and Resources<\/label><\/li><li class=\"choice-7 depth-1\"><input type=\"radio\" id=\"wpforms-27167-field_16_7\" name=\"wpforms[fields][16]\" value=\"RH (curriculos; vagas; aposentadoria; remunera\u00e7\u00e3o, etc)\" aria-errormessage=\"wpforms-27167-field_16_7-error\" required ><label class=\"wpforms-field-label-inline\" for=\"wpforms-27167-field_16_7\">RH (curriculos; vagas; aposentadoria; remunera\u00e7\u00e3o, etc)<\/label><\/li><li class=\"choice-18 depth-1\"><input type=\"radio\" id=\"wpforms-27167-field_16_18\" name=\"wpforms[fields][16]\" value=\"Perguntas Gerais\" aria-errormessage=\"wpforms-27167-field_16_18-error\" required ><label class=\"wpforms-field-label-inline\" for=\"wpforms-27167-field_16_18\">Perguntas Gerais<\/label><\/li><\/ul><\/fieldset><\/div><div id=\"wpforms-27167-field_18-container\" class=\"wpforms-field wpforms-field-radio custom-style-form wpforms-list-2-columns wpforms-conditional-field wpforms-conditional-show\" data-field-id=\"18\" style=\"display:none;\"><fieldset><legend class=\"wpforms-field-label\">Interesse (Sustentabilidade) <span class=\"wpforms-required-label\" aria-hidden=\"true\">*<\/span><\/legend><ul id=\"wpforms-27167-field_18\" class=\"wpforms-field-required\"><li class=\"choice-1 depth-1\"><input type=\"radio\" id=\"wpforms-27167-field_18_1\" name=\"wpforms[fields][18]\" value=\"Mudan\u00e7as Clim\u00e1ticas\" aria-errormessage=\"wpforms-27167-field_18_1-error\" required ><label class=\"wpforms-field-label-inline\" for=\"wpforms-27167-field_18_1\">Mudan\u00e7as Clim\u00e1ticas<\/label><\/li><li class=\"choice-9 depth-1\"><input type=\"radio\" id=\"wpforms-27167-field_18_9\" name=\"wpforms[fields][18]\" value=\"Recursos (\u00e1gua, energia, res\u00edduos, emiss\u00f5es atmosf\u00e9ricas)\" aria-errormessage=\"wpforms-27167-field_18_9-error\" required ><label class=\"wpforms-field-label-inline\" for=\"wpforms-27167-field_18_9\">Recursos (\u00e1gua, energia, res\u00edduos, emiss\u00f5es atmosf\u00e9ricas)<\/label><\/li><li class=\"choice-6 depth-1\"><input type=\"radio\" id=\"wpforms-27167-field_18_6\" name=\"wpforms[fields][18]\" value=\"Biodiversidade\" aria-errormessage=\"wpforms-27167-field_18_6-error\" required ><label class=\"wpforms-field-label-inline\" for=\"wpforms-27167-field_18_6\">Biodiversidade<\/label><\/li><li class=\"choice-3 depth-1\"><input type=\"radio\" id=\"wpforms-27167-field_18_3\" name=\"wpforms[fields][18]\" value=\"Rela\u00e7\u00f5es com Sustentabilidade, Patroc\u00ednios, Doa\u00e7\u00f5es e Investimento Sociais\" aria-errormessage=\"wpforms-27167-field_18_3-error\" required ><label class=\"wpforms-field-label-inline\" for=\"wpforms-27167-field_18_3\">Rela\u00e7\u00f5es com Sustentabilidade, Patroc\u00ednios, Doa\u00e7\u00f5es e Investimento Sociais<\/label><\/li><li class=\"choice-7 depth-1\"><input type=\"radio\" id=\"wpforms-27167-field_18_7\" name=\"wpforms[fields][18]\" value=\"Produtos Sustent\u00e1veis\" aria-errormessage=\"wpforms-27167-field_18_7-error\" required ><label class=\"wpforms-field-label-inline\" for=\"wpforms-27167-field_18_7\">Produtos Sustent\u00e1veis<\/label><\/li><li class=\"choice-19 depth-1\"><input type=\"radio\" id=\"wpforms-27167-field_18_19\" name=\"wpforms[fields][18]\" value=\"Pegada de Carbono do Produto (PCF)\" aria-errormessage=\"wpforms-27167-field_18_19-error\" required ><label class=\"wpforms-field-label-inline\" for=\"wpforms-27167-field_18_19\">Pegada de Carbono do Produto (PCF)<\/label><\/li><li class=\"choice-18 depth-1\"><input type=\"radio\" id=\"wpforms-27167-field_18_18\" name=\"wpforms[fields][18]\" value=\"Outro\" aria-errormessage=\"wpforms-27167-field_18_18-error\" required ><label class=\"wpforms-field-label-inline\" for=\"wpforms-27167-field_18_18\">Outro<\/label><\/li><\/ul><\/fieldset><\/div><div id=\"wpforms-27167-field_17-container\" class=\"wpforms-field wpforms-field-radio\" data-field-id=\"17\"><fieldset><legend class=\"wpforms-field-label\">Regi\u00e3o <span class=\"wpforms-required-label\" aria-hidden=\"true\">*<\/span><\/legend><ul id=\"wpforms-27167-field_17\" class=\"wpforms-field-required\"><li class=\"choice-1 depth-1\"><input type=\"radio\" id=\"wpforms-27167-field_17_1\" name=\"wpforms[fields][17]\" value=\"Am\u00e9rica do Sul\" aria-errormessage=\"wpforms-27167-field_17_1-error\" required ><label class=\"wpforms-field-label-inline\" for=\"wpforms-27167-field_17_1\">Am\u00e9rica do Sul<\/label><\/li><li class=\"choice-2 depth-1\"><input type=\"radio\" id=\"wpforms-27167-field_17_2\" name=\"wpforms[fields][17]\" value=\"Am\u00e9rica do Norte (M\u00e9xico, EUA e Canad\u00e1)\" aria-errormessage=\"wpforms-27167-field_17_2-error\" required ><label class=\"wpforms-field-label-inline\" for=\"wpforms-27167-field_17_2\">Am\u00e9rica do Norte (M\u00e9xico, EUA e Canad\u00e1)<\/label><\/li><li class=\"choice-3 depth-1\"><input type=\"radio\" id=\"wpforms-27167-field_17_3\" name=\"wpforms[fields][17]\" value=\"EMEA (Europa, Oriente M\u00e9dio e \u00c1frica)\" aria-errormessage=\"wpforms-27167-field_17_3-error\" required ><label class=\"wpforms-field-label-inline\" for=\"wpforms-27167-field_17_3\">EMEA (Europa, Oriente M\u00e9dio e \u00c1frica)<\/label><\/li><li class=\"choice-4 depth-1\"><input type=\"radio\" id=\"wpforms-27167-field_17_4\" name=\"wpforms[fields][17]\" value=\"APAC (\u00c1sia-Pac\u00edfico)\" aria-errormessage=\"wpforms-27167-field_17_4-error\" required ><label class=\"wpforms-field-label-inline\" for=\"wpforms-27167-field_17_4\">APAC (\u00c1sia-Pac\u00edfico)<\/label><\/li><\/ul><\/fieldset><\/div><div id=\"wpforms-27167-field_12-container\" class=\"wpforms-field wpforms-field-text\" data-field-id=\"12\"><label class=\"wpforms-field-label wpforms-label-hide\" for=\"wpforms-27167-field_12\" aria-hidden=\"false\">Assunto <span class=\"wpforms-required-label\" aria-hidden=\"true\">*<\/span><\/label><input type=\"text\" id=\"wpforms-27167-field_12\" class=\"wpforms-field-large wpforms-field-required\" name=\"wpforms[fields][12]\" placeholder=\"*Assunto\" aria-errormessage=\"wpforms-27167-field_12-error\" required><\/div><div id=\"wpforms-27167-field_3-container\" class=\"wpforms-field wpforms-field-textarea\" data-field-id=\"3\"><label class=\"wpforms-field-label wpforms-label-hide\" for=\"wpforms-27167-field_3\" aria-hidden=\"false\">Mensagem <span class=\"wpforms-required-label\" aria-hidden=\"true\">*<\/span><\/label><textarea id=\"wpforms-27167-field_3\" class=\"wpforms-field-large wpforms-field-required\" name=\"wpforms[fields][3]\" placeholder=\"*Mensagem\" aria-errormessage=\"wpforms-27167-field_3-error\" required><\/textarea><\/div><div id=\"wpforms-27167-field_13-container\" class=\"wpforms-field wpforms-field-checkbox\" data-field-id=\"13\"><fieldset><legend class=\"wpforms-field-label wpforms-label-hide\" aria-hidden=\"false\"> <span class=\"wpforms-required-label\" aria-hidden=\"true\">*<\/span><\/legend><ul id=\"wpforms-27167-field_13\" class=\"wpforms-field-required\"><li class=\"choice-1 depth-1\"><input type=\"checkbox\" id=\"wpforms-27167-field_13_1\" name=\"wpforms[fields][13][]\" value=\"Receber mensagens e conte\u00fados especiais da Indovinya.\" aria-errormessage=\"wpforms-27167-field_13_1-error\" required ><label class=\"wpforms-field-label-inline\" for=\"wpforms-27167-field_13_1\">Receber mensagens e conte\u00fados especiais da Indovinya.<\/label><\/li><\/ul><\/fieldset><\/div><\/div><!-- .wpforms-field-container --><div class=\"wpforms-recaptcha-container wpforms-is-recaptcha wpforms-is-recaptcha-type-v2\" ><div class=\"g-recaptcha\" data-sitekey=\"6Ld01EsqAAAAAMsJkyLewdPlfpWBoQNeWtyDan6_\"><\/div><input type=\"text\" name=\"g-recaptcha-hidden\" class=\"wpforms-recaptcha-hidden\" style=\"position:absolute!important;clip:rect(0,0,0,0)!important;height:1px!important;width:1px!important;border:0!important;overflow:hidden!important;padding:0!important;margin:0!important;\" data-rule-recaptcha=\"1\"><\/div><div class=\"wpforms-submit-container\" ><input type=\"hidden\" name=\"wpforms[id]\" value=\"27167\"><input type=\"hidden\" name=\"page_title\" value=\"\"><input type=\"hidden\" name=\"page_url\" value=\"https:\/\/indovinya.indoramaventures.com\/pt-br\/wp-json\/wp\/v2\/pages\/769\"><input type=\"hidden\" name=\"url_referer\" value=\"\"><button type=\"submit\" name=\"wpforms[submit]\" id=\"wpforms-submit-27167\" class=\"wpforms-submit\" data-alt-text=\"Enviando\u2026\" data-submit-text=\"Enviar mensagem\" aria-live=\"assertive\" value=\"wpforms-submit\">Enviar mensagem<\/button><img decoding=\"async\" src=\"https:\/\/indovinya.indoramaventures.com\/wp-content\/plugins\/wpforms\/assets\/images\/submit-spin.svg\" class=\"wpforms-submit-spinner\" style=\"display: none;\" width=\"26\" height=\"26\" alt=\"Carregando\"><\/div><\/form><\/div>  <!-- .wpforms-container -->\t\t<\/div>\n\t\t\t\t<\/div>\n\t\t\t\t<\/div>\n\t\t\t\t\t<\/div>\n\t\t\t\t<\/div>\n\t\t\t\t<\/div>\n\t\t","protected":false},"excerpt":{"rendered":"<p>Para enviar sugest\u00f5es e obter informa\u00e7\u00f5es complementares sobre a atua\u00e7\u00e3o da Indovinya, seus produtos e servi\u00e7os, preencha o formul\u00e1rio abaixo. Para assuntos de Imprensa, entre em contato com a assessoria: comunicacao.externa@br.indorama.net Para d\u00favidas sobre sustentabilidade, clique aqui para saber mais. Entre em contato para saber mais sobre os produtos da Indovinya Ative o JavaScript no [&hellip;]<\/p>\n","protected":false},"author":1,"featured_media":0,"parent":0,"menu_order":0,"comment_status":"closed","ping_status":"closed","template":"","meta":{"_acf_changed":false,"footnotes":""},"categoria-solucoes-mercado":[],"class_list":["post-769","page","type-page","status-publish","hentry"],"acf":[],"_links":{"self":[{"href":"https:\/\/indovinya.indoramaventures.com\/pt-br\/wp-json\/wp\/v2\/pages\/769","targetHints":{"allow":["GET"]}}],"collection":[{"href":"https:\/\/indovinya.indoramaventures.com\/pt-br\/wp-json\/wp\/v2\/pages"}],"about":[{"href":"https:\/\/indovinya.indoramaventures.com\/pt-br\/wp-json\/wp\/v2\/types\/page"}],"author":[{"embeddable":true,"href":"https:\/\/indovinya.indoramaventures.com\/pt-br\/wp-json\/wp\/v2\/users\/1"}],"replies":[{"embeddable":true,"href":"https:\/\/indovinya.indoramaventures.com\/pt-br\/wp-json\/wp\/v2\/comments?post=769"}],"version-history":[{"count":31,"href":"https:\/\/indovinya.indoramaventures.com\/pt-br\/wp-json\/wp\/v2\/pages\/769\/revisions"}],"predecessor-version":[{"id":46796,"href":"https:\/\/indovinya.indoramaventures.com\/pt-br\/wp-json\/wp\/v2\/pages\/769\/revisions\/46796"}],"wp:attachment":[{"href":"https:\/\/indovinya.indoramaventures.com\/pt-br\/wp-json\/wp\/v2\/media?parent=769"}],"wp:term":[{"taxonomy":"categoria-solucoes-mercado","embeddable":true,"href":"https:\/\/indovinya.indoramaventures.com\/pt-br\/wp-json\/wp\/v2\/categoria-solucoes-mercado?post=769"}],"curies":[{"name":"wp","href":"https:\/\/api.w.org\/{rel}","templated":true}]}}